{"id":967,"date":"2019-06-11T19:40:32","date_gmt":"2019-06-11T19:40:32","guid":{"rendered":"http:\/\/juma.centraldemarketing.es\/producto\/kit-rotulacion-puerta-delantera-derecha"},"modified":"2019-06-11T19:40:32","modified_gmt":"2019-06-11T19:40:32","slug":"kit-rotulacion-puerta-delantera-derecha","status":"publish","type":"product","link":"https:\/\/www.juma.es\/tienda\/producto\/kit-rotulacion-puerta-delantera-derecha","title":{"rendered":"Kit Rotulaci\u00f3n Puerta Delantera Derecha"},"content":{"rendered":"<dl>\n<dt>Descripci\u00f3n<\/dt>\n<dd>\n<p>95247<\/p>\n<\/dd>\n<dt>Ficha t\u00e9cnica<\/dt>\n<dd>\n<ul>\n<li>KIT ROTULACI\u00d3N PUERTA DELANTERA DERECHA SEAT ALTEA XL<\/li>\n<li>BANDA DAMERO REFLECTANTE AZUL<\/li>\n<li>TEXTO \u00abPOLICIA LOCAL MARBELLA\u00bb AMARILLO LIMA REFLEXITE CON FONDO AZUL<\/li>\n<li>ESCUDO<\/li>\n<li>BANDA AMARILLO FLUOR<\/li>\n<\/ul>\n<\/dd>\n<dt><\/dt>\n<dd>\n<p>Aqu\u00ed los archivos adjuntos y dem\u00e1s documentaci\u00f3n<\/p>\n<\/dd>\n<\/dl>\n","protected":false},"excerpt":{"rendered":"<p>Descripci\u00f3n 95247 Ficha t\u00e9cnica KIT ROTULACI\u00d3N PUERTA DELANTERA DERECHA SEAT ALTEA XL BANDA DAMERO REFLECTANTE AZUL TEXTO \u00abPOLICIA LOCAL MARBELLA\u00bb AMARILLO LIMA REFLEXITE CON FONDO AZUL ESCUDO BANDA AMARILLO FLUOR Aqu\u00ed los archivos adjuntos y dem\u00e1s documentaci\u00f3n<\/p>\n","protected":false},"featured_media":966,"comment_status":"open","ping_status":"closed","template":"","meta":{"site-sidebar-layout":"default","site-content-layout":"default","ast-global-header-display":"","ast-main-header-display":"","ast-hfb-above-header-display":"","ast-hfb-below-header-display":"","ast-hfb-mobile-header-display":"","site-post-title":"","ast-breadcrumbs-content":"","ast-featured-img":"","footer-sml-layout":"","theme-transparent-header-meta":"","adv-header-id-meta":"","stick-header-meta":"","header-above-stick-meta":"","header-main-stick-meta":"","header-below-stick-meta":""},"product_cat":[41],"product_tag":[],"yoast_head":"<!-- This site is optimized with the Yoast SEO plugin v20.2.1 - https:\/\/yoast.com\/wordpress\/plugins\/seo\/ -->\n<title>Kit Rotulaci\u00f3n Puerta Delantera Derecha - Tienda Juma<\/title>\n<meta name=\"robots\" content=\"index, follow, max-snippet:-1, max-image-preview:large, max-video-preview:-1\" \/>\n<link rel=\"canonical\" href=\"https:\/\/www.juma.es\/tienda\/producto\/kit-rotulacion-puerta-delantera-derecha\" \/>\n<meta property=\"og:locale\" content=\"es_ES\" \/>\n<meta property=\"og:type\" content=\"article\" \/>\n<meta property=\"og:title\" content=\"Kit Rotulaci\u00f3n Puerta Delantera Derecha - Tienda Juma\" \/>\n<meta property=\"og:description\" content=\"Descripci\u00f3n 95247 Ficha t\u00e9cnica KIT ROTULACI\u00d3N PUERTA DELANTERA DERECHA SEAT ALTEA XL BANDA DAMERO REFLECTANTE AZUL TEXTO \u00abPOLICIA LOCAL MARBELLA\u00bb AMARILLO LIMA REFLEXITE CON FONDO AZUL ESCUDO BANDA AMARILLO FLUOR Aqu\u00ed los archivos adjuntos y dem\u00e1s documentaci\u00f3n\" \/>\n<meta property=\"og:url\" content=\"https:\/\/www.juma.es\/tienda\/producto\/kit-rotulacion-puerta-delantera-derecha\" \/>\n<meta property=\"og:site_name\" content=\"Tienda Juma\" \/>\n<meta property=\"og:image\" content=\"https:\/\/www.juma.es\/tienda\/wp-content\/uploads\/2019\/06\/477-Kit-Rotulacion-Puerta-Delantera-Derecha.jpg\" \/>\n\t<meta property=\"og:image:width\" content=\"1269\" \/>\n\t<meta property=\"og:image:height\" content=\"1267\" \/>\n\t<meta property=\"og:image:type\" content=\"image\/jpeg\" \/>\n<meta name=\"twitter:card\" content=\"summary_large_image\" \/>\n<script type=\"application\/ld+json\" class=\"yoast-schema-graph\">{\"@context\":\"https:\/\/schema.org\",\"@graph\":[{\"@type\":\"WebPage\",\"@id\":\"https:\/\/www.juma.es\/tienda\/producto\/kit-rotulacion-puerta-delantera-derecha\",\"url\":\"https:\/\/www.juma.es\/tienda\/producto\/kit-rotulacion-puerta-delantera-derecha\",\"name\":\"Kit Rotulaci\u00f3n Puerta Delantera Derecha - Tienda Juma\",\"isPartOf\":{\"@id\":\"https:\/\/www.juma.es\/tienda\/#website\"},\"datePublished\":\"2019-06-11T19:40:32+00:00\",\"dateModified\":\"2019-06-11T19:40:32+00:00\",\"breadcrumb\":{\"@id\":\"https:\/\/www.juma.es\/tienda\/producto\/kit-rotulacion-puerta-delantera-derecha#breadcrumb\"},\"inLanguage\":\"es\",\"potentialAction\":[{\"@type\":\"ReadAction\",\"target\":[\"https:\/\/www.juma.es\/tienda\/producto\/kit-rotulacion-puerta-delantera-derecha\"]}]},{\"@type\":\"BreadcrumbList\",\"@id\":\"https:\/\/www.juma.es\/tienda\/producto\/kit-rotulacion-puerta-delantera-derecha#breadcrumb\",\"itemListElement\":[{\"@type\":\"ListItem\",\"position\":1,\"name\":\"Portada\",\"item\":\"https:\/\/www.juma.es\/tienda\/\"},{\"@type\":\"ListItem\",\"position\":2,\"name\":\"Tienda\",\"item\":\"https:\/\/www.juma.es\/tienda\/tienda\"},{\"@type\":\"ListItem\",\"position\":3,\"name\":\"Kit Rotulaci\u00f3n Puerta Delantera Derecha\"}]},{\"@type\":\"WebSite\",\"@id\":\"https:\/\/www.juma.es\/tienda\/#website\",\"url\":\"https:\/\/www.juma.es\/tienda\/\",\"name\":\"Tienda Juma\",\"description\":\"Tienda de seguridad y emergencia\",\"publisher\":{\"@id\":\"https:\/\/www.juma.es\/tienda\/#organization\"},\"potentialAction\":[{\"@type\":\"SearchAction\",\"target\":{\"@type\":\"EntryPoint\",\"urlTemplate\":\"https:\/\/www.juma.es\/tienda\/?s={search_term_string}\"},\"query-input\":\"required name=search_term_string\"}],\"inLanguage\":\"es\"},{\"@type\":\"Organization\",\"@id\":\"https:\/\/www.juma.es\/tienda\/#organization\",\"name\":\"Tienda Juma\",\"url\":\"https:\/\/www.juma.es\/tienda\/\",\"logo\":{\"@type\":\"ImageObject\",\"inLanguage\":\"es\",\"@id\":\"https:\/\/www.juma.es\/tienda\/#\/schema\/logo\/image\/\",\"url\":\"https:\/\/www.juma.es\/tienda\/wp-content\/uploads\/2023\/03\/cropped-Logo-JUMA-2019.png\",\"contentUrl\":\"https:\/\/www.juma.es\/tienda\/wp-content\/uploads\/2023\/03\/cropped-Logo-JUMA-2019.png\",\"width\":653,\"height\":197,\"caption\":\"Tienda Juma\"},\"image\":{\"@id\":\"https:\/\/www.juma.es\/tienda\/#\/schema\/logo\/image\/\"}}]}<\/script>\n<!-- \/ Yoast SEO plugin. -->","yoast_head_json":{"title":"Kit Rotulaci\u00f3n Puerta Delantera Derecha - Tienda Juma","robots":{"index":"index","follow":"follow","max-snippet":"max-snippet:-1","max-image-preview":"max-image-preview:large","max-video-preview":"max-video-preview:-1"},"canonical":"https:\/\/www.juma.es\/tienda\/producto\/kit-rotulacion-puerta-delantera-derecha","og_locale":"es_ES","og_type":"article","og_title":"Kit Rotulaci\u00f3n Puerta Delantera Derecha - Tienda Juma","og_description":"Descripci\u00f3n 95247 Ficha t\u00e9cnica KIT ROTULACI\u00d3N PUERTA DELANTERA DERECHA SEAT ALTEA XL BANDA DAMERO REFLECTANTE AZUL TEXTO \u00abPOLICIA LOCAL MARBELLA\u00bb AMARILLO LIMA REFLEXITE CON FONDO AZUL ESCUDO BANDA AMARILLO FLUOR Aqu\u00ed los archivos adjuntos y dem\u00e1s documentaci\u00f3n","og_url":"https:\/\/www.juma.es\/tienda\/producto\/kit-rotulacion-puerta-delantera-derecha","og_site_name":"Tienda Juma","og_image":[{"width":1269,"height":1267,"url":"https:\/\/www.juma.es\/tienda\/wp-content\/uploads\/2019\/06\/477-Kit-Rotulacion-Puerta-Delantera-Derecha.jpg","type":"image\/jpeg"}],"twitter_card":"summary_large_image","schema":{"@context":"https:\/\/schema.org","@graph":[{"@type":"WebPage","@id":"https:\/\/www.juma.es\/tienda\/producto\/kit-rotulacion-puerta-delantera-derecha","url":"https:\/\/www.juma.es\/tienda\/producto\/kit-rotulacion-puerta-delantera-derecha","name":"Kit Rotulaci\u00f3n Puerta Delantera Derecha - Tienda Juma","isPartOf":{"@id":"https:\/\/www.juma.es\/tienda\/#website"},"datePublished":"2019-06-11T19:40:32+00:00","dateModified":"2019-06-11T19:40:32+00:00","breadcrumb":{"@id":"https:\/\/www.juma.es\/tienda\/producto\/kit-rotulacion-puerta-delantera-derecha#breadcrumb"},"inLanguage":"es","potentialAction":[{"@type":"ReadAction","target":["https:\/\/www.juma.es\/tienda\/producto\/kit-rotulacion-puerta-delantera-derecha"]}]},{"@type":"BreadcrumbList","@id":"https:\/\/www.juma.es\/tienda\/producto\/kit-rotulacion-puerta-delantera-derecha#breadcrumb","itemListElement":[{"@type":"ListItem","position":1,"name":"Portada","item":"https:\/\/www.juma.es\/tienda\/"},{"@type":"ListItem","position":2,"name":"Tienda","item":"https:\/\/www.juma.es\/tienda\/tienda"},{"@type":"ListItem","position":3,"name":"Kit Rotulaci\u00f3n Puerta Delantera Derecha"}]},{"@type":"WebSite","@id":"https:\/\/www.juma.es\/tienda\/#website","url":"https:\/\/www.juma.es\/tienda\/","name":"Tienda Juma","description":"Tienda de seguridad y emergencia","publisher":{"@id":"https:\/\/www.juma.es\/tienda\/#organization"},"potentialAction":[{"@type":"SearchAction","target":{"@type":"EntryPoint","urlTemplate":"https:\/\/www.juma.es\/tienda\/?s={search_term_string}"},"query-input":"required name=search_term_string"}],"inLanguage":"es"},{"@type":"Organization","@id":"https:\/\/www.juma.es\/tienda\/#organization","name":"Tienda Juma","url":"https:\/\/www.juma.es\/tienda\/","logo":{"@type":"ImageObject","inLanguage":"es","@id":"https:\/\/www.juma.es\/tienda\/#\/schema\/logo\/image\/","url":"https:\/\/www.juma.es\/tienda\/wp-content\/uploads\/2023\/03\/cropped-Logo-JUMA-2019.png","contentUrl":"https:\/\/www.juma.es\/tienda\/wp-content\/uploads\/2023\/03\/cropped-Logo-JUMA-2019.png","width":653,"height":197,"caption":"Tienda Juma"},"image":{"@id":"https:\/\/www.juma.es\/tienda\/#\/schema\/logo\/image\/"}}]}},"_links":{"self":[{"href":"https:\/\/www.juma.es\/tienda\/wp-json\/wp\/v2\/product\/967"}],"collection":[{"href":"https:\/\/www.juma.es\/tienda\/wp-json\/wp\/v2\/product"}],"about":[{"href":"https:\/\/www.juma.es\/tienda\/wp-json\/wp\/v2\/types\/product"}],"replies":[{"embeddable":true,"href":"https:\/\/www.juma.es\/tienda\/wp-json\/wp\/v2\/comments?post=967"}],"version-history":[{"count":0,"href":"https:\/\/www.juma.es\/tienda\/wp-json\/wp\/v2\/product\/967\/revisions"}],"wp:featuredmedia":[{"embeddable":true,"href":"https:\/\/www.juma.es\/tienda\/wp-json\/wp\/v2\/media\/966"}],"wp:attachment":[{"href":"https:\/\/www.juma.es\/tienda\/wp-json\/wp\/v2\/media?parent=967"}],"wp:term":[{"taxonomy":"product_cat","embeddable":true,"href":"https:\/\/www.juma.es\/tienda\/wp-json\/wp\/v2\/product_cat?post=967"},{"taxonomy":"product_tag","embeddable":true,"href":"https:\/\/www.juma.es\/tienda\/wp-json\/wp\/v2\/product_tag?post=967"}],"curies":[{"name":"wp","href":"https:\/\/api.w.org\/{rel}","templated":true}]}}