{"id":783,"date":"2019-06-11T19:37:17","date_gmt":"2019-06-11T19:37:17","guid":{"rendered":"http:\/\/juma.centraldemarketing.es\/producto\/luz-estroboscopica-le106he-azul"},"modified":"2019-06-11T19:37:17","modified_gmt":"2019-06-11T19:37:17","slug":"luz-estroboscopica-le106he-azul","status":"publish","type":"product","link":"https:\/\/www.juma.es\/tienda\/producto\/luz-estroboscopica-le106he-azul","title":{"rendered":"Luz Estrobosc\u00f3pica LE106HE Azul"},"content":{"rendered":"<dl>\n<dt>Descripci\u00f3n<\/dt>\n<dd>\n<p>2002349<\/p>\n<\/dd>\n<dt>Ficha t\u00e9cnica<\/dt>\n<dd>\n<p>Luz de emergencia estrobosc\u00f3pica doble lente<\/p>\n<p>fi jaci\u00f3n permanente, azul, bitensi\u00f3n.<\/p>\n<p>Homologado UN R65.<\/p>\n<p>Tensi\u00f3n de alimentaci\u00f3n: Bitensi\u00f3n (12 \/ 24 V)<\/p>\n<p>Intensidad consumida media:<\/p>\n<ul>\n<li>12V: 2,3 A<\/li>\n<li>24V: 1,4 A<\/li>\n<\/ul>\n<p>L\u00a0mpara estrobosc\u00f3pica: 35 W<\/p>\n<p>Dimensiones: 165 (di\u00a0metro) x 158 mm<\/p>\n<p>Peso: 800 gr<\/p>\n<\/dd>\n<dt>Documentaci\u00f3n<\/dt>\n<dd>\n<p><a href=\"http:\/\/wadda.es\/juma\/descargas\/le106he.pdf\"><img decoding=\"async\" src=\"\/img\/iconos\/32x32\/pdf.png\" alt=\"\" \/> le106he.pdf<\/a><\/p>\n<p>\u00ff<\/p>\n<p>\u00ff<\/p>\n<p>\u00ff<\/p>\n<p>\u00ff<\/p>\n<p>\u00ff<\/p>\n<p><a href=\"http:\/\/wadda.es\/juma\/descargas\/despiece%20le-106he.pdf\"><img decoding=\"async\" src=\"\/img\/iconos\/32x32\/pdf.png\" alt=\"\" \/> despiece le-106he.pdf<\/a><\/p>\n<\/dd>\n<\/dl>\n","protected":false},"excerpt":{"rendered":"<p>Descripci\u00f3n 2002349 Ficha t\u00e9cnica Luz de emergencia estrobosc\u00f3pica doble lente fi jaci\u00f3n permanente, azul, bitensi\u00f3n. Homologado UN R65. Tensi\u00f3n de alimentaci\u00f3n: Bitensi\u00f3n (12 \/ 24 V) Intensidad consumida media: 12V: 2,3 A 24V: 1,4 A L\u00a0mpara estrobosc\u00f3pica: 35 W Dimensiones: 165 (di\u00a0metro) x 158 mm Peso: 800 gr Documentaci\u00f3n le106he.pdf \u00ff \u00ff \u00ff \u00ff \u00ff &hellip;<\/p>\n<p class=\"read-more\"> <a class=\"\" href=\"https:\/\/www.juma.es\/tienda\/producto\/luz-estroboscopica-le106he-azul\"> <span class=\"screen-reader-text\">Luz Estrobosc\u00f3pica LE106HE Azul<\/span> Leer m\u00e1s &raquo;<\/a><\/p>\n","protected":false},"featured_media":782,"comment_status":"open","ping_status":"closed","template":"","meta":{"site-sidebar-layout":"default","site-content-layout":"default","ast-global-header-display":"","ast-main-header-display":"","ast-hfb-above-header-display":"","ast-hfb-below-header-display":"","ast-hfb-mobile-header-display":"","site-post-title":"","ast-breadcrumbs-content":"","ast-featured-img":"","footer-sml-layout":"","theme-transparent-header-meta":"","adv-header-id-meta":"","stick-header-meta":"","header-above-stick-meta":"","header-main-stick-meta":"","header-below-stick-meta":""},"product_cat":[28],"product_tag":[],"yoast_head":"<!-- This site is optimized with the Yoast SEO plugin v20.2.1 - https:\/\/yoast.com\/wordpress\/plugins\/seo\/ -->\n<title>Luz Estrobosc\u00f3pica LE106HE Azul - Tienda Juma<\/title>\n<meta name=\"robots\" content=\"index, follow, max-snippet:-1, max-image-preview:large, max-video-preview:-1\" \/>\n<link rel=\"canonical\" href=\"https:\/\/www.juma.es\/tienda\/producto\/luz-estroboscopica-le106he-azul\" \/>\n<meta property=\"og:locale\" content=\"es_ES\" \/>\n<meta property=\"og:type\" content=\"article\" \/>\n<meta property=\"og:title\" content=\"Luz Estrobosc\u00f3pica LE106HE Azul - Tienda Juma\" \/>\n<meta property=\"og:description\" content=\"Descripci\u00f3n 2002349 Ficha t\u00e9cnica Luz de emergencia estrobosc\u00f3pica doble lente fi jaci\u00f3n permanente, azul, bitensi\u00f3n. Homologado UN R65. Tensi\u00f3n de alimentaci\u00f3n: Bitensi\u00f3n (12 \/ 24 V) Intensidad consumida media: 12V: 2,3 A 24V: 1,4 A L\u00a0mpara estrobosc\u00f3pica: 35 W Dimensiones: 165 (di\u00a0metro) x 158 mm Peso: 800 gr Documentaci\u00f3n le106he.pdf \u00ff \u00ff \u00ff \u00ff \u00ff &hellip; Luz Estrobosc\u00f3pica LE106HE Azul Leer m\u00e1s &raquo;\" \/>\n<meta property=\"og:url\" content=\"https:\/\/www.juma.es\/tienda\/producto\/luz-estroboscopica-le106he-azul\" \/>\n<meta property=\"og:site_name\" content=\"Tienda Juma\" \/>\n<meta property=\"og:image\" content=\"https:\/\/www.juma.es\/tienda\/wp-content\/uploads\/2019\/06\/384-Luz-Estroboscopica-LE106HE-Azul.jpg\" \/>\n\t<meta property=\"og:image:width\" content=\"372\" \/>\n\t<meta property=\"og:image:height\" content=\"378\" \/>\n\t<meta property=\"og:image:type\" content=\"image\/jpeg\" \/>\n<meta name=\"twitter:card\" content=\"summary_large_image\" \/>\n<script type=\"application\/ld+json\" class=\"yoast-schema-graph\">{\"@context\":\"https:\/\/schema.org\",\"@graph\":[{\"@type\":\"WebPage\",\"@id\":\"https:\/\/www.juma.es\/tienda\/producto\/luz-estroboscopica-le106he-azul\",\"url\":\"https:\/\/www.juma.es\/tienda\/producto\/luz-estroboscopica-le106he-azul\",\"name\":\"Luz Estrobosc\u00f3pica LE106HE Azul - Tienda Juma\",\"isPartOf\":{\"@id\":\"https:\/\/www.juma.es\/tienda\/#website\"},\"datePublished\":\"2019-06-11T19:37:17+00:00\",\"dateModified\":\"2019-06-11T19:37:17+00:00\",\"breadcrumb\":{\"@id\":\"https:\/\/www.juma.es\/tienda\/producto\/luz-estroboscopica-le106he-azul#breadcrumb\"},\"inLanguage\":\"es\",\"potentialAction\":[{\"@type\":\"ReadAction\",\"target\":[\"https:\/\/www.juma.es\/tienda\/producto\/luz-estroboscopica-le106he-azul\"]}]},{\"@type\":\"BreadcrumbList\",\"@id\":\"https:\/\/www.juma.es\/tienda\/producto\/luz-estroboscopica-le106he-azul#breadcrumb\",\"itemListElement\":[{\"@type\":\"ListItem\",\"position\":1,\"name\":\"Portada\",\"item\":\"https:\/\/www.juma.es\/tienda\/\"},{\"@type\":\"ListItem\",\"position\":2,\"name\":\"Tienda\",\"item\":\"https:\/\/www.juma.es\/tienda\/tienda\"},{\"@type\":\"ListItem\",\"position\":3,\"name\":\"Luz Estrobosc\u00f3pica LE106HE Azul\"}]},{\"@type\":\"WebSite\",\"@id\":\"https:\/\/www.juma.es\/tienda\/#website\",\"url\":\"https:\/\/www.juma.es\/tienda\/\",\"name\":\"Tienda Juma\",\"description\":\"Tienda de seguridad y emergencia\",\"publisher\":{\"@id\":\"https:\/\/www.juma.es\/tienda\/#organization\"},\"potentialAction\":[{\"@type\":\"SearchAction\",\"target\":{\"@type\":\"EntryPoint\",\"urlTemplate\":\"https:\/\/www.juma.es\/tienda\/?s={search_term_string}\"},\"query-input\":\"required name=search_term_string\"}],\"inLanguage\":\"es\"},{\"@type\":\"Organization\",\"@id\":\"https:\/\/www.juma.es\/tienda\/#organization\",\"name\":\"Tienda Juma\",\"url\":\"https:\/\/www.juma.es\/tienda\/\",\"logo\":{\"@type\":\"ImageObject\",\"inLanguage\":\"es\",\"@id\":\"https:\/\/www.juma.es\/tienda\/#\/schema\/logo\/image\/\",\"url\":\"https:\/\/www.juma.es\/tienda\/wp-content\/uploads\/2023\/03\/cropped-Logo-JUMA-2019.png\",\"contentUrl\":\"https:\/\/www.juma.es\/tienda\/wp-content\/uploads\/2023\/03\/cropped-Logo-JUMA-2019.png\",\"width\":653,\"height\":197,\"caption\":\"Tienda Juma\"},\"image\":{\"@id\":\"https:\/\/www.juma.es\/tienda\/#\/schema\/logo\/image\/\"}}]}<\/script>\n<!-- \/ Yoast SEO plugin. -->","yoast_head_json":{"title":"Luz Estrobosc\u00f3pica LE106HE Azul - Tienda Juma","robots":{"index":"index","follow":"follow","max-snippet":"max-snippet:-1","max-image-preview":"max-image-preview:large","max-video-preview":"max-video-preview:-1"},"canonical":"https:\/\/www.juma.es\/tienda\/producto\/luz-estroboscopica-le106he-azul","og_locale":"es_ES","og_type":"article","og_title":"Luz Estrobosc\u00f3pica LE106HE Azul - Tienda Juma","og_description":"Descripci\u00f3n 2002349 Ficha t\u00e9cnica Luz de emergencia estrobosc\u00f3pica doble lente fi jaci\u00f3n permanente, azul, bitensi\u00f3n. Homologado UN R65. Tensi\u00f3n de alimentaci\u00f3n: Bitensi\u00f3n (12 \/ 24 V) Intensidad consumida media: 12V: 2,3 A 24V: 1,4 A L\u00a0mpara estrobosc\u00f3pica: 35 W Dimensiones: 165 (di\u00a0metro) x 158 mm Peso: 800 gr Documentaci\u00f3n le106he.pdf \u00ff \u00ff \u00ff \u00ff \u00ff &hellip; Luz Estrobosc\u00f3pica LE106HE Azul Leer m\u00e1s &raquo;","og_url":"https:\/\/www.juma.es\/tienda\/producto\/luz-estroboscopica-le106he-azul","og_site_name":"Tienda Juma","og_image":[{"width":372,"height":378,"url":"https:\/\/www.juma.es\/tienda\/wp-content\/uploads\/2019\/06\/384-Luz-Estroboscopica-LE106HE-Azul.jpg","type":"image\/jpeg"}],"twitter_card":"summary_large_image","schema":{"@context":"https:\/\/schema.org","@graph":[{"@type":"WebPage","@id":"https:\/\/www.juma.es\/tienda\/producto\/luz-estroboscopica-le106he-azul","url":"https:\/\/www.juma.es\/tienda\/producto\/luz-estroboscopica-le106he-azul","name":"Luz Estrobosc\u00f3pica LE106HE Azul - Tienda Juma","isPartOf":{"@id":"https:\/\/www.juma.es\/tienda\/#website"},"datePublished":"2019-06-11T19:37:17+00:00","dateModified":"2019-06-11T19:37:17+00:00","breadcrumb":{"@id":"https:\/\/www.juma.es\/tienda\/producto\/luz-estroboscopica-le106he-azul#breadcrumb"},"inLanguage":"es","potentialAction":[{"@type":"ReadAction","target":["https:\/\/www.juma.es\/tienda\/producto\/luz-estroboscopica-le106he-azul"]}]},{"@type":"BreadcrumbList","@id":"https:\/\/www.juma.es\/tienda\/producto\/luz-estroboscopica-le106he-azul#breadcrumb","itemListElement":[{"@type":"ListItem","position":1,"name":"Portada","item":"https:\/\/www.juma.es\/tienda\/"},{"@type":"ListItem","position":2,"name":"Tienda","item":"https:\/\/www.juma.es\/tienda\/tienda"},{"@type":"ListItem","position":3,"name":"Luz Estrobosc\u00f3pica LE106HE Azul"}]},{"@type":"WebSite","@id":"https:\/\/www.juma.es\/tienda\/#website","url":"https:\/\/www.juma.es\/tienda\/","name":"Tienda Juma","description":"Tienda de seguridad y emergencia","publisher":{"@id":"https:\/\/www.juma.es\/tienda\/#organization"},"potentialAction":[{"@type":"SearchAction","target":{"@type":"EntryPoint","urlTemplate":"https:\/\/www.juma.es\/tienda\/?s={search_term_string}"},"query-input":"required name=search_term_string"}],"inLanguage":"es"},{"@type":"Organization","@id":"https:\/\/www.juma.es\/tienda\/#organization","name":"Tienda Juma","url":"https:\/\/www.juma.es\/tienda\/","logo":{"@type":"ImageObject","inLanguage":"es","@id":"https:\/\/www.juma.es\/tienda\/#\/schema\/logo\/image\/","url":"https:\/\/www.juma.es\/tienda\/wp-content\/uploads\/2023\/03\/cropped-Logo-JUMA-2019.png","contentUrl":"https:\/\/www.juma.es\/tienda\/wp-content\/uploads\/2023\/03\/cropped-Logo-JUMA-2019.png","width":653,"height":197,"caption":"Tienda Juma"},"image":{"@id":"https:\/\/www.juma.es\/tienda\/#\/schema\/logo\/image\/"}}]}},"_links":{"self":[{"href":"https:\/\/www.juma.es\/tienda\/wp-json\/wp\/v2\/product\/783"}],"collection":[{"href":"https:\/\/www.juma.es\/tienda\/wp-json\/wp\/v2\/product"}],"about":[{"href":"https:\/\/www.juma.es\/tienda\/wp-json\/wp\/v2\/types\/product"}],"replies":[{"embeddable":true,"href":"https:\/\/www.juma.es\/tienda\/wp-json\/wp\/v2\/comments?post=783"}],"version-history":[{"count":0,"href":"https:\/\/www.juma.es\/tienda\/wp-json\/wp\/v2\/product\/783\/revisions"}],"wp:featuredmedia":[{"embeddable":true,"href":"https:\/\/www.juma.es\/tienda\/wp-json\/wp\/v2\/media\/782"}],"wp:attachment":[{"href":"https:\/\/www.juma.es\/tienda\/wp-json\/wp\/v2\/media?parent=783"}],"wp:term":[{"taxonomy":"product_cat","embeddable":true,"href":"https:\/\/www.juma.es\/tienda\/wp-json\/wp\/v2\/product_cat?post=783"},{"taxonomy":"product_tag","embeddable":true,"href":"https:\/\/www.juma.es\/tienda\/wp-json\/wp\/v2\/product_tag?post=783"}],"curies":[{"name":"wp","href":"https:\/\/api.w.org\/{rel}","templated":true}]}}