{"id":775,"date":"2019-06-11T19:37:08","date_gmt":"2019-06-11T19:37:08","guid":{"rendered":"http:\/\/juma.centraldemarketing.es\/producto\/luz-de-led-trident-ii-azul"},"modified":"2019-06-11T19:37:08","modified_gmt":"2019-06-11T19:37:08","slug":"luz-de-led-trident-ii-azul","status":"publish","type":"product","link":"https:\/\/www.juma.es\/tienda\/producto\/luz-de-led-trident-ii-azul","title":{"rendered":"Luz De Led Trident III Azul"},"content":{"rendered":"<p>Ficha t\u00e9cnica<\/p>\n<p>(1) nivel, 15 LEDs con reflector parab\u00f3lico<\/p>\n<p>alta intensidad, luz azul<\/p>\n<p>fi jaci\u00f3n permanente, multitensi\u00f3n.<\/p>\n<p>Homologado UN R65<\/p>\n<p>Tensi\u00f3n de alimentaci\u00f3n: 10-30 V<\/p>\n<p>Temperatura de uso: -20\u00a7C a 50\u00a7C<\/p>\n<p>Intensidad consumida\u00ffmedia:<\/p>\n<p>Azul o rojo con 1 nivel: 1 A (12V)<\/p>\n<p>\u00b5mbar con 1 nivel: 0,6 A<\/p>\n<p>Colores de Leds: Azul, \u00a0mbar, rojo<\/p>\n<p>Colores de lentes: Azul, \u00a0mbar, rojo<\/p>\n<p>Dimensiones: 180 x 305 x 155 mm<\/p>\n<p>Peso: 1100 gr (2 niveles)<\/p>\n<p>Documentaci\u00f3n<\/p>\n<p><a href=\"http:\/\/wadda.es\/juma\/descargas\/trident_2_solaris.pdf\"><img decoding=\"async\" src=\"\/img\/iconos\/32x32\/pdf.png\" alt=\"\" \/> trident_2_solaris.pdf<\/a><\/p>\n<p><a href=\"http:\/\/wadda.es\/juma\/descargas\/despiece%20trident%20ii.pdf\"><img decoding=\"async\" src=\"\/img\/iconos\/32x32\/pdf.png\" alt=\"\" \/> despiece trident ii.pdf<\/a><\/p>\n","protected":false},"excerpt":{"rendered":"<p>Ficha t\u00e9cnica (1) nivel, 15 LEDs con reflector parab\u00f3lico alta intensidad, luz azul fi jaci\u00f3n permanente, multitensi\u00f3n. Homologado UN R65 Tensi\u00f3n de alimentaci\u00f3n: 10-30 V Temperatura de uso: -20\u00a7C a 50\u00a7C Intensidad consumida\u00ffmedia: Azul o rojo con 1 nivel: 1 A (12V) \u00b5mbar con 1 nivel: 0,6 A Colores de Leds: Azul, \u00a0mbar, rojo Colores &hellip;<\/p>\n<p class=\"read-more\"> <a class=\"\" href=\"https:\/\/www.juma.es\/tienda\/producto\/luz-de-led-trident-ii-azul\"> <span class=\"screen-reader-text\">Luz De Led Trident III Azul<\/span> Leer m\u00e1s &raquo;<\/a><\/p>\n","protected":false},"featured_media":774,"comment_status":"open","ping_status":"closed","template":"","meta":{"site-sidebar-layout":"default","site-content-layout":"default","ast-global-header-display":"","ast-main-header-display":"","ast-hfb-above-header-display":"","ast-hfb-below-header-display":"","ast-hfb-mobile-header-display":"","site-post-title":"","ast-breadcrumbs-content":"","ast-featured-img":"","footer-sml-layout":"","theme-transparent-header-meta":"","adv-header-id-meta":"","stick-header-meta":"","header-above-stick-meta":"","header-main-stick-meta":"","header-below-stick-meta":""},"product_cat":[28],"product_tag":[],"yoast_head":"<!-- This site is optimized with the Yoast SEO plugin v20.2.1 - https:\/\/yoast.com\/wordpress\/plugins\/seo\/ -->\n<title>Luz De Led Trident III Azul - Tienda Juma<\/title>\n<meta name=\"robots\" content=\"index, follow, max-snippet:-1, max-image-preview:large, max-video-preview:-1\" \/>\n<link rel=\"canonical\" href=\"https:\/\/www.juma.es\/tienda\/producto\/luz-de-led-trident-ii-azul\" \/>\n<meta property=\"og:locale\" content=\"es_ES\" \/>\n<meta property=\"og:type\" content=\"article\" \/>\n<meta property=\"og:title\" content=\"Luz De Led Trident III Azul - Tienda Juma\" \/>\n<meta property=\"og:description\" content=\"Ficha t\u00e9cnica (1) nivel, 15 LEDs con reflector parab\u00f3lico alta intensidad, luz azul fi jaci\u00f3n permanente, multitensi\u00f3n. Homologado UN R65 Tensi\u00f3n de alimentaci\u00f3n: 10-30 V Temperatura de uso: -20\u00a7C a 50\u00a7C Intensidad consumida\u00ffmedia: Azul o rojo con 1 nivel: 1 A (12V) \u00b5mbar con 1 nivel: 0,6 A Colores de Leds: Azul, \u00a0mbar, rojo Colores &hellip; Luz De Led Trident III Azul Leer m\u00e1s &raquo;\" \/>\n<meta property=\"og:url\" content=\"https:\/\/www.juma.es\/tienda\/producto\/luz-de-led-trident-ii-azul\" \/>\n<meta property=\"og:site_name\" content=\"Tienda Juma\" \/>\n<meta property=\"og:image\" content=\"https:\/\/www.juma.es\/tienda\/wp-content\/uploads\/2019\/06\/380-Luz-De-Led-Trident-III-Azul.jpg\" \/>\n\t<meta property=\"og:image:width\" content=\"372\" \/>\n\t<meta property=\"og:image:height\" content=\"378\" \/>\n\t<meta property=\"og:image:type\" content=\"image\/jpeg\" \/>\n<meta name=\"twitter:card\" content=\"summary_large_image\" \/>\n<script type=\"application\/ld+json\" class=\"yoast-schema-graph\">{\"@context\":\"https:\/\/schema.org\",\"@graph\":[{\"@type\":\"WebPage\",\"@id\":\"https:\/\/www.juma.es\/tienda\/producto\/luz-de-led-trident-ii-azul\",\"url\":\"https:\/\/www.juma.es\/tienda\/producto\/luz-de-led-trident-ii-azul\",\"name\":\"Luz De Led Trident III Azul - Tienda Juma\",\"isPartOf\":{\"@id\":\"https:\/\/www.juma.es\/tienda\/#website\"},\"datePublished\":\"2019-06-11T19:37:08+00:00\",\"dateModified\":\"2019-06-11T19:37:08+00:00\",\"breadcrumb\":{\"@id\":\"https:\/\/www.juma.es\/tienda\/producto\/luz-de-led-trident-ii-azul#breadcrumb\"},\"inLanguage\":\"es\",\"potentialAction\":[{\"@type\":\"ReadAction\",\"target\":[\"https:\/\/www.juma.es\/tienda\/producto\/luz-de-led-trident-ii-azul\"]}]},{\"@type\":\"BreadcrumbList\",\"@id\":\"https:\/\/www.juma.es\/tienda\/producto\/luz-de-led-trident-ii-azul#breadcrumb\",\"itemListElement\":[{\"@type\":\"ListItem\",\"position\":1,\"name\":\"Portada\",\"item\":\"https:\/\/www.juma.es\/tienda\/\"},{\"@type\":\"ListItem\",\"position\":2,\"name\":\"Tienda\",\"item\":\"https:\/\/www.juma.es\/tienda\/tienda\"},{\"@type\":\"ListItem\",\"position\":3,\"name\":\"Luz De Led Trident III Azul\"}]},{\"@type\":\"WebSite\",\"@id\":\"https:\/\/www.juma.es\/tienda\/#website\",\"url\":\"https:\/\/www.juma.es\/tienda\/\",\"name\":\"Tienda Juma\",\"description\":\"Tienda de seguridad y emergencia\",\"publisher\":{\"@id\":\"https:\/\/www.juma.es\/tienda\/#organization\"},\"potentialAction\":[{\"@type\":\"SearchAction\",\"target\":{\"@type\":\"EntryPoint\",\"urlTemplate\":\"https:\/\/www.juma.es\/tienda\/?s={search_term_string}\"},\"query-input\":\"required name=search_term_string\"}],\"inLanguage\":\"es\"},{\"@type\":\"Organization\",\"@id\":\"https:\/\/www.juma.es\/tienda\/#organization\",\"name\":\"Tienda Juma\",\"url\":\"https:\/\/www.juma.es\/tienda\/\",\"logo\":{\"@type\":\"ImageObject\",\"inLanguage\":\"es\",\"@id\":\"https:\/\/www.juma.es\/tienda\/#\/schema\/logo\/image\/\",\"url\":\"https:\/\/www.juma.es\/tienda\/wp-content\/uploads\/2023\/03\/cropped-Logo-JUMA-2019.png\",\"contentUrl\":\"https:\/\/www.juma.es\/tienda\/wp-content\/uploads\/2023\/03\/cropped-Logo-JUMA-2019.png\",\"width\":653,\"height\":197,\"caption\":\"Tienda Juma\"},\"image\":{\"@id\":\"https:\/\/www.juma.es\/tienda\/#\/schema\/logo\/image\/\"}}]}<\/script>\n<!-- \/ Yoast SEO plugin. -->","yoast_head_json":{"title":"Luz De Led Trident III Azul - Tienda Juma","robots":{"index":"index","follow":"follow","max-snippet":"max-snippet:-1","max-image-preview":"max-image-preview:large","max-video-preview":"max-video-preview:-1"},"canonical":"https:\/\/www.juma.es\/tienda\/producto\/luz-de-led-trident-ii-azul","og_locale":"es_ES","og_type":"article","og_title":"Luz De Led Trident III Azul - Tienda Juma","og_description":"Ficha t\u00e9cnica (1) nivel, 15 LEDs con reflector parab\u00f3lico alta intensidad, luz azul fi jaci\u00f3n permanente, multitensi\u00f3n. Homologado UN R65 Tensi\u00f3n de alimentaci\u00f3n: 10-30 V Temperatura de uso: -20\u00a7C a 50\u00a7C Intensidad consumida\u00ffmedia: Azul o rojo con 1 nivel: 1 A (12V) \u00b5mbar con 1 nivel: 0,6 A Colores de Leds: Azul, \u00a0mbar, rojo Colores &hellip; Luz De Led Trident III Azul Leer m\u00e1s &raquo;","og_url":"https:\/\/www.juma.es\/tienda\/producto\/luz-de-led-trident-ii-azul","og_site_name":"Tienda Juma","og_image":[{"width":372,"height":378,"url":"https:\/\/www.juma.es\/tienda\/wp-content\/uploads\/2019\/06\/380-Luz-De-Led-Trident-III-Azul.jpg","type":"image\/jpeg"}],"twitter_card":"summary_large_image","schema":{"@context":"https:\/\/schema.org","@graph":[{"@type":"WebPage","@id":"https:\/\/www.juma.es\/tienda\/producto\/luz-de-led-trident-ii-azul","url":"https:\/\/www.juma.es\/tienda\/producto\/luz-de-led-trident-ii-azul","name":"Luz De Led Trident III Azul - Tienda Juma","isPartOf":{"@id":"https:\/\/www.juma.es\/tienda\/#website"},"datePublished":"2019-06-11T19:37:08+00:00","dateModified":"2019-06-11T19:37:08+00:00","breadcrumb":{"@id":"https:\/\/www.juma.es\/tienda\/producto\/luz-de-led-trident-ii-azul#breadcrumb"},"inLanguage":"es","potentialAction":[{"@type":"ReadAction","target":["https:\/\/www.juma.es\/tienda\/producto\/luz-de-led-trident-ii-azul"]}]},{"@type":"BreadcrumbList","@id":"https:\/\/www.juma.es\/tienda\/producto\/luz-de-led-trident-ii-azul#breadcrumb","itemListElement":[{"@type":"ListItem","position":1,"name":"Portada","item":"https:\/\/www.juma.es\/tienda\/"},{"@type":"ListItem","position":2,"name":"Tienda","item":"https:\/\/www.juma.es\/tienda\/tienda"},{"@type":"ListItem","position":3,"name":"Luz De Led Trident III Azul"}]},{"@type":"WebSite","@id":"https:\/\/www.juma.es\/tienda\/#website","url":"https:\/\/www.juma.es\/tienda\/","name":"Tienda Juma","description":"Tienda de seguridad y emergencia","publisher":{"@id":"https:\/\/www.juma.es\/tienda\/#organization"},"potentialAction":[{"@type":"SearchAction","target":{"@type":"EntryPoint","urlTemplate":"https:\/\/www.juma.es\/tienda\/?s={search_term_string}"},"query-input":"required name=search_term_string"}],"inLanguage":"es"},{"@type":"Organization","@id":"https:\/\/www.juma.es\/tienda\/#organization","name":"Tienda Juma","url":"https:\/\/www.juma.es\/tienda\/","logo":{"@type":"ImageObject","inLanguage":"es","@id":"https:\/\/www.juma.es\/tienda\/#\/schema\/logo\/image\/","url":"https:\/\/www.juma.es\/tienda\/wp-content\/uploads\/2023\/03\/cropped-Logo-JUMA-2019.png","contentUrl":"https:\/\/www.juma.es\/tienda\/wp-content\/uploads\/2023\/03\/cropped-Logo-JUMA-2019.png","width":653,"height":197,"caption":"Tienda Juma"},"image":{"@id":"https:\/\/www.juma.es\/tienda\/#\/schema\/logo\/image\/"}}]}},"_links":{"self":[{"href":"https:\/\/www.juma.es\/tienda\/wp-json\/wp\/v2\/product\/775"}],"collection":[{"href":"https:\/\/www.juma.es\/tienda\/wp-json\/wp\/v2\/product"}],"about":[{"href":"https:\/\/www.juma.es\/tienda\/wp-json\/wp\/v2\/types\/product"}],"replies":[{"embeddable":true,"href":"https:\/\/www.juma.es\/tienda\/wp-json\/wp\/v2\/comments?post=775"}],"version-history":[{"count":0,"href":"https:\/\/www.juma.es\/tienda\/wp-json\/wp\/v2\/product\/775\/revisions"}],"wp:featuredmedia":[{"embeddable":true,"href":"https:\/\/www.juma.es\/tienda\/wp-json\/wp\/v2\/media\/774"}],"wp:attachment":[{"href":"https:\/\/www.juma.es\/tienda\/wp-json\/wp\/v2\/media?parent=775"}],"wp:term":[{"taxonomy":"product_cat","embeddable":true,"href":"https:\/\/www.juma.es\/tienda\/wp-json\/wp\/v2\/product_cat?post=775"},{"taxonomy":"product_tag","embeddable":true,"href":"https:\/\/www.juma.es\/tienda\/wp-json\/wp\/v2\/product_tag?post=775"}],"curies":[{"name":"wp","href":"https:\/\/api.w.org\/{rel}","templated":true}]}}