{"id":767,"date":"2019-06-11T19:37:00","date_gmt":"2019-06-11T19:37:00","guid":{"rendered":"http:\/\/juma.centraldemarketing.es\/producto\/luz-de-led-lp400-azul"},"modified":"2019-06-11T19:37:00","modified_gmt":"2019-06-11T19:37:00","slug":"luz-de-led-lp400-azul","status":"publish","type":"product","link":"https:\/\/www.juma.es\/tienda\/producto\/luz-de-led-lp400-azul","title":{"rendered":"Luz De Led LP400 Azul F.Permanente"},"content":{"rendered":"<dl>\n<dt>Descripci\u00f3n<\/dt>\n<dd>\n<p>2002390<\/p>\n<\/dd>\n<dt>Ficha t\u00e9cnica<\/dt>\n<dd>\n<p>Luz de aviso b\u00a0sica con (1) modo de intermitencia<\/p>\n<p>(1) reflector parab\u00f3lico con 15 LEDs, \u00faltima generaci\u00f3n, alta intenSidad,\u00ffluz azul<\/p>\n<p>fi jaci\u00f3n permanente, 12V<\/p>\n<p>homologado UN R65.<\/p>\n<p>Tensi\u00f3n de alimentaci\u00f3n: 12V\u00ff<\/p>\n<p>Temperatura de\u00fffuncionamiento: -20\u00a7C a +50\u00a7C\u00ff<\/p>\n<p>Intensidad consumida\u00ff(media):<\/p>\n<ul>\n<li>1 A (azul, rojo y verde)<\/li>\n<li>0,6 A (\u00a0mbar)<\/li>\n<\/ul>\n<p>Intensidad consumida\u00ff(media) en modo intermitente:<br \/>1 A (azul y rojo)<br \/>0,6 A (\u00a0mbar)<\/p>\n<p>Tecnologia luminosa: Solaris<\/p>\n<p>Colores de LEDs: Azul, rojo y \u00a0mbar<\/p>\n<p>Colores de lentes: cristal o roja<\/p>\n<p>Dimensiones:<\/p>\n<ul>\n<li>140 mm (di\u00a0metro &#8211; lente)<\/li>\n<li>147 mm (di\u00a0metro &#8211; base)<\/li>\n<li>60 mm (altura)<\/li>\n<\/ul>\n<p>Peso: 395 gr<\/p>\n<\/dd>\n<dt>Documentaci\u00f3n<\/dt>\n<dd>\n<p><a href=\"http:\/\/wadda.es\/juma\/descargas\/lm-lp400.pdf\"><img decoding=\"async\" src=\"\/img\/iconos\/32x32\/pdf.png\" alt=\"\" \/> lm-lp400.pdf<\/a>\u00ff<\/p>\n<p><a href=\"http:\/\/wadda.es\/juma\/descargas\/despiece%20lp400.pdf\"><img decoding=\"async\" src=\"\/img\/iconos\/32x32\/pdf.png\" alt=\"\" \/> despiece lp400.pdf<\/a><\/p>\n<\/dd>\n<\/dl>\n","protected":false},"excerpt":{"rendered":"<p>Descripci\u00f3n 2002390 Ficha t\u00e9cnica Luz de aviso b\u00a0sica con (1) modo de intermitencia (1) reflector parab\u00f3lico con 15 LEDs, \u00faltima generaci\u00f3n, alta intenSidad,\u00ffluz azul fi jaci\u00f3n permanente, 12V homologado UN R65. Tensi\u00f3n de alimentaci\u00f3n: 12V\u00ff Temperatura de\u00fffuncionamiento: -20\u00a7C a +50\u00a7C\u00ff Intensidad consumida\u00ff(media): 1 A (azul, rojo y verde) 0,6 A (\u00a0mbar) Intensidad consumida\u00ff(media) en modo &hellip;<\/p>\n<p class=\"read-more\"> <a class=\"\" href=\"https:\/\/www.juma.es\/tienda\/producto\/luz-de-led-lp400-azul\"> <span class=\"screen-reader-text\">Luz De Led LP400 Azul F.Permanente<\/span> Leer m\u00e1s &raquo;<\/a><\/p>\n","protected":false},"featured_media":766,"comment_status":"open","ping_status":"closed","template":"","meta":{"site-sidebar-layout":"default","site-content-layout":"default","ast-global-header-display":"","ast-main-header-display":"","ast-hfb-above-header-display":"","ast-hfb-below-header-display":"","ast-hfb-mobile-header-display":"","site-post-title":"","ast-breadcrumbs-content":"","ast-featured-img":"","footer-sml-layout":"","theme-transparent-header-meta":"","adv-header-id-meta":"","stick-header-meta":"","header-above-stick-meta":"","header-main-stick-meta":"","header-below-stick-meta":""},"product_cat":[28],"product_tag":[],"yoast_head":"<!-- This site is optimized with the Yoast SEO plugin v20.2.1 - https:\/\/yoast.com\/wordpress\/plugins\/seo\/ -->\n<title>Luz De Led LP400 Azul F.Permanente - Tienda Juma<\/title>\n<meta name=\"robots\" content=\"index, follow, max-snippet:-1, max-image-preview:large, max-video-preview:-1\" \/>\n<link rel=\"canonical\" href=\"https:\/\/www.juma.es\/tienda\/producto\/luz-de-led-lp400-azul\" \/>\n<meta property=\"og:locale\" content=\"es_ES\" \/>\n<meta property=\"og:type\" content=\"article\" \/>\n<meta property=\"og:title\" content=\"Luz De Led LP400 Azul F.Permanente - Tienda Juma\" \/>\n<meta property=\"og:description\" content=\"Descripci\u00f3n 2002390 Ficha t\u00e9cnica Luz de aviso b\u00a0sica con (1) modo de intermitencia (1) reflector parab\u00f3lico con 15 LEDs, \u00faltima generaci\u00f3n, alta intenSidad,\u00ffluz azul fi jaci\u00f3n permanente, 12V homologado UN R65. Tensi\u00f3n de alimentaci\u00f3n: 12V\u00ff Temperatura de\u00fffuncionamiento: -20\u00a7C a +50\u00a7C\u00ff Intensidad consumida\u00ff(media): 1 A (azul, rojo y verde) 0,6 A (\u00a0mbar) Intensidad consumida\u00ff(media) en modo &hellip; Luz De Led LP400 Azul F.Permanente Leer m\u00e1s &raquo;\" \/>\n<meta property=\"og:url\" content=\"https:\/\/www.juma.es\/tienda\/producto\/luz-de-led-lp400-azul\" \/>\n<meta property=\"og:site_name\" content=\"Tienda Juma\" \/>\n<meta property=\"og:image\" content=\"https:\/\/www.juma.es\/tienda\/wp-content\/uploads\/2019\/06\/376-Luz-De-Led-LP400-Azul-F.Permanente.jpg\" \/>\n\t<meta property=\"og:image:width\" content=\"500\" \/>\n\t<meta property=\"og:image:height\" content=\"452\" \/>\n\t<meta property=\"og:image:type\" content=\"image\/jpeg\" \/>\n<meta name=\"twitter:card\" content=\"summary_large_image\" \/>\n<meta name=\"twitter:label1\" content=\"Tiempo de lectura\" \/>\n\t<meta name=\"twitter:data1\" content=\"1 minuto\" \/>\n<script type=\"application\/ld+json\" class=\"yoast-schema-graph\">{\"@context\":\"https:\/\/schema.org\",\"@graph\":[{\"@type\":\"WebPage\",\"@id\":\"https:\/\/www.juma.es\/tienda\/producto\/luz-de-led-lp400-azul\",\"url\":\"https:\/\/www.juma.es\/tienda\/producto\/luz-de-led-lp400-azul\",\"name\":\"Luz De Led LP400 Azul F.Permanente - Tienda Juma\",\"isPartOf\":{\"@id\":\"https:\/\/www.juma.es\/tienda\/#website\"},\"datePublished\":\"2019-06-11T19:37:00+00:00\",\"dateModified\":\"2019-06-11T19:37:00+00:00\",\"breadcrumb\":{\"@id\":\"https:\/\/www.juma.es\/tienda\/producto\/luz-de-led-lp400-azul#breadcrumb\"},\"inLanguage\":\"es\",\"potentialAction\":[{\"@type\":\"ReadAction\",\"target\":[\"https:\/\/www.juma.es\/tienda\/producto\/luz-de-led-lp400-azul\"]}]},{\"@type\":\"BreadcrumbList\",\"@id\":\"https:\/\/www.juma.es\/tienda\/producto\/luz-de-led-lp400-azul#breadcrumb\",\"itemListElement\":[{\"@type\":\"ListItem\",\"position\":1,\"name\":\"Portada\",\"item\":\"https:\/\/www.juma.es\/tienda\/\"},{\"@type\":\"ListItem\",\"position\":2,\"name\":\"Tienda\",\"item\":\"https:\/\/www.juma.es\/tienda\/tienda\"},{\"@type\":\"ListItem\",\"position\":3,\"name\":\"Luz De Led LP400 Azul F.Permanente\"}]},{\"@type\":\"WebSite\",\"@id\":\"https:\/\/www.juma.es\/tienda\/#website\",\"url\":\"https:\/\/www.juma.es\/tienda\/\",\"name\":\"Tienda Juma\",\"description\":\"Tienda de seguridad y emergencia\",\"publisher\":{\"@id\":\"https:\/\/www.juma.es\/tienda\/#organization\"},\"potentialAction\":[{\"@type\":\"SearchAction\",\"target\":{\"@type\":\"EntryPoint\",\"urlTemplate\":\"https:\/\/www.juma.es\/tienda\/?s={search_term_string}\"},\"query-input\":\"required name=search_term_string\"}],\"inLanguage\":\"es\"},{\"@type\":\"Organization\",\"@id\":\"https:\/\/www.juma.es\/tienda\/#organization\",\"name\":\"Tienda Juma\",\"url\":\"https:\/\/www.juma.es\/tienda\/\",\"logo\":{\"@type\":\"ImageObject\",\"inLanguage\":\"es\",\"@id\":\"https:\/\/www.juma.es\/tienda\/#\/schema\/logo\/image\/\",\"url\":\"https:\/\/www.juma.es\/tienda\/wp-content\/uploads\/2023\/03\/cropped-Logo-JUMA-2019.png\",\"contentUrl\":\"https:\/\/www.juma.es\/tienda\/wp-content\/uploads\/2023\/03\/cropped-Logo-JUMA-2019.png\",\"width\":653,\"height\":197,\"caption\":\"Tienda Juma\"},\"image\":{\"@id\":\"https:\/\/www.juma.es\/tienda\/#\/schema\/logo\/image\/\"}}]}<\/script>\n<!-- \/ Yoast SEO plugin. -->","yoast_head_json":{"title":"Luz De Led LP400 Azul F.Permanente - Tienda Juma","robots":{"index":"index","follow":"follow","max-snippet":"max-snippet:-1","max-image-preview":"max-image-preview:large","max-video-preview":"max-video-preview:-1"},"canonical":"https:\/\/www.juma.es\/tienda\/producto\/luz-de-led-lp400-azul","og_locale":"es_ES","og_type":"article","og_title":"Luz De Led LP400 Azul F.Permanente - Tienda Juma","og_description":"Descripci\u00f3n 2002390 Ficha t\u00e9cnica Luz de aviso b\u00a0sica con (1) modo de intermitencia (1) reflector parab\u00f3lico con 15 LEDs, \u00faltima generaci\u00f3n, alta intenSidad,\u00ffluz azul fi jaci\u00f3n permanente, 12V homologado UN R65. Tensi\u00f3n de alimentaci\u00f3n: 12V\u00ff Temperatura de\u00fffuncionamiento: -20\u00a7C a +50\u00a7C\u00ff Intensidad consumida\u00ff(media): 1 A (azul, rojo y verde) 0,6 A (\u00a0mbar) Intensidad consumida\u00ff(media) en modo &hellip; Luz De Led LP400 Azul F.Permanente Leer m\u00e1s &raquo;","og_url":"https:\/\/www.juma.es\/tienda\/producto\/luz-de-led-lp400-azul","og_site_name":"Tienda Juma","og_image":[{"width":500,"height":452,"url":"https:\/\/www.juma.es\/tienda\/wp-content\/uploads\/2019\/06\/376-Luz-De-Led-LP400-Azul-F.Permanente.jpg","type":"image\/jpeg"}],"twitter_card":"summary_large_image","twitter_misc":{"Tiempo de lectura":"1 minuto"},"schema":{"@context":"https:\/\/schema.org","@graph":[{"@type":"WebPage","@id":"https:\/\/www.juma.es\/tienda\/producto\/luz-de-led-lp400-azul","url":"https:\/\/www.juma.es\/tienda\/producto\/luz-de-led-lp400-azul","name":"Luz De Led LP400 Azul F.Permanente - Tienda Juma","isPartOf":{"@id":"https:\/\/www.juma.es\/tienda\/#website"},"datePublished":"2019-06-11T19:37:00+00:00","dateModified":"2019-06-11T19:37:00+00:00","breadcrumb":{"@id":"https:\/\/www.juma.es\/tienda\/producto\/luz-de-led-lp400-azul#breadcrumb"},"inLanguage":"es","potentialAction":[{"@type":"ReadAction","target":["https:\/\/www.juma.es\/tienda\/producto\/luz-de-led-lp400-azul"]}]},{"@type":"BreadcrumbList","@id":"https:\/\/www.juma.es\/tienda\/producto\/luz-de-led-lp400-azul#breadcrumb","itemListElement":[{"@type":"ListItem","position":1,"name":"Portada","item":"https:\/\/www.juma.es\/tienda\/"},{"@type":"ListItem","position":2,"name":"Tienda","item":"https:\/\/www.juma.es\/tienda\/tienda"},{"@type":"ListItem","position":3,"name":"Luz De Led LP400 Azul F.Permanente"}]},{"@type":"WebSite","@id":"https:\/\/www.juma.es\/tienda\/#website","url":"https:\/\/www.juma.es\/tienda\/","name":"Tienda Juma","description":"Tienda de seguridad y emergencia","publisher":{"@id":"https:\/\/www.juma.es\/tienda\/#organization"},"potentialAction":[{"@type":"SearchAction","target":{"@type":"EntryPoint","urlTemplate":"https:\/\/www.juma.es\/tienda\/?s={search_term_string}"},"query-input":"required name=search_term_string"}],"inLanguage":"es"},{"@type":"Organization","@id":"https:\/\/www.juma.es\/tienda\/#organization","name":"Tienda Juma","url":"https:\/\/www.juma.es\/tienda\/","logo":{"@type":"ImageObject","inLanguage":"es","@id":"https:\/\/www.juma.es\/tienda\/#\/schema\/logo\/image\/","url":"https:\/\/www.juma.es\/tienda\/wp-content\/uploads\/2023\/03\/cropped-Logo-JUMA-2019.png","contentUrl":"https:\/\/www.juma.es\/tienda\/wp-content\/uploads\/2023\/03\/cropped-Logo-JUMA-2019.png","width":653,"height":197,"caption":"Tienda Juma"},"image":{"@id":"https:\/\/www.juma.es\/tienda\/#\/schema\/logo\/image\/"}}]}},"_links":{"self":[{"href":"https:\/\/www.juma.es\/tienda\/wp-json\/wp\/v2\/product\/767"}],"collection":[{"href":"https:\/\/www.juma.es\/tienda\/wp-json\/wp\/v2\/product"}],"about":[{"href":"https:\/\/www.juma.es\/tienda\/wp-json\/wp\/v2\/types\/product"}],"replies":[{"embeddable":true,"href":"https:\/\/www.juma.es\/tienda\/wp-json\/wp\/v2\/comments?post=767"}],"version-history":[{"count":0,"href":"https:\/\/www.juma.es\/tienda\/wp-json\/wp\/v2\/product\/767\/revisions"}],"wp:featuredmedia":[{"embeddable":true,"href":"https:\/\/www.juma.es\/tienda\/wp-json\/wp\/v2\/media\/766"}],"wp:attachment":[{"href":"https:\/\/www.juma.es\/tienda\/wp-json\/wp\/v2\/media?parent=767"}],"wp:term":[{"taxonomy":"product_cat","embeddable":true,"href":"https:\/\/www.juma.es\/tienda\/wp-json\/wp\/v2\/product_cat?post=767"},{"taxonomy":"product_tag","embeddable":true,"href":"https:\/\/www.juma.es\/tienda\/wp-json\/wp\/v2\/product_tag?post=767"}],"curies":[{"name":"wp","href":"https:\/\/api.w.org\/{rel}","templated":true}]}}