{"id":755,"date":"2019-06-11T19:36:51","date_gmt":"2019-06-11T19:36:51","guid":{"rendered":"http:\/\/juma.centraldemarketing.es\/producto\/luz-de-led-lm800-solaris-azul-f-magnetica"},"modified":"2019-06-11T19:36:51","modified_gmt":"2019-06-11T19:36:51","slug":"luz-de-led-lm800-solaris-azul-f-magnetica","status":"publish","type":"product","link":"https:\/\/www.juma.es\/tienda\/producto\/luz-de-led-lm800-solaris-azul-f-magnetica","title":{"rendered":"Luz De Led LM800 Azul  F.Magnetica  2 Niveles"},"content":{"rendered":"<dl>\n<dt>Descripci\u00f3n<\/dt>\n<dd>\n<p>2003044<\/p>\n<\/dd>\n<dt>Ficha t\u00e9cnica<\/dt>\n<dd>\n<p>(2) niveles, 2 modos de intermitencia<\/p>\n<p>luz azul, lente azul, funci\u00f3n d\u00eda\/noche<\/p>\n<p>fi jaci\u00f3n magn\u201atica y conector mechero, bitensi\u00f3n.<\/p>\n<p>Homologado UN R65 Clase 2 (modo fl ash).<\/p>\n<p>Tensi\u00f3n de alimentaci\u00f3n: 12-24V<\/p>\n<p>Temperatura defuncionamiento: -20\u00a7C a +50\u00a7C<\/p>\n<p>Intensidad consumida(media):<\/p>\n<ul>\n<li>1 A (azul y rojo)<\/li>\n<li>0,6 A (\u00a0mbar)<\/li>\n<\/ul>\n<p>Colores de LEDs: Azul, rojo y \u00a0mbar Azul<br \/>Colores de lentes: Azul, \u00a0mbar o roja Azul<\/p>\n<p>Dimensiones:<\/p>\n<ul>\n<li>140 mm (di\u00a0metro &#8211; lente)<\/li>\n<li>164 mm (di\u00a0metro &#8211; base)<\/li>\n<li>120 mm (altura)<\/li>\n<\/ul>\n<p>Peso:<\/p>\n<ul>\n<li>1200 gr (1 nivel)<\/li>\n<li>1300 gr (2 niveles)<\/li>\n<\/ul>\n<\/dd>\n<dt>Documentaci\u00f3n<\/dt>\n<dd>\n<p><a href=\"http:\/\/wadda.es\/juma\/descargas\/lm800.pdf\"><img decoding=\"async\" src=\"\/img\/iconos\/32x32\/pdf.png\" alt=\"\" \/> lm800.pdf<\/a><\/p>\n<p><a href=\"http:\/\/wadda.es\/juma\/descargas\/despiece%20lm800.pdf\"><img decoding=\"async\" src=\"\/img\/iconos\/32x32\/pdf.png\" alt=\"\" \/> despiece lm800.pdf<\/a><\/p>\n<\/dd>\n<\/dl>\n","protected":false},"excerpt":{"rendered":"<p>Descripci\u00f3n 2003044 Ficha t\u00e9cnica (2) niveles, 2 modos de intermitencia luz azul, lente azul, funci\u00f3n d\u00eda\/noche fi jaci\u00f3n magn\u201atica y conector mechero, bitensi\u00f3n. Homologado UN R65 Clase 2 (modo fl ash). Tensi\u00f3n de alimentaci\u00f3n: 12-24V Temperatura defuncionamiento: -20\u00a7C a +50\u00a7C Intensidad consumida(media): 1 A (azul y rojo) 0,6 A (\u00a0mbar) Colores de LEDs: Azul, rojo &hellip;<\/p>\n<p class=\"read-more\"> <a class=\"\" href=\"https:\/\/www.juma.es\/tienda\/producto\/luz-de-led-lm800-solaris-azul-f-magnetica\"> <span class=\"screen-reader-text\">Luz De Led LM800 Azul  F.Magnetica  2 Niveles<\/span> Leer m\u00e1s &raquo;<\/a><\/p>\n","protected":false},"featured_media":754,"comment_status":"open","ping_status":"closed","template":"","meta":{"site-sidebar-layout":"default","site-content-layout":"default","ast-global-header-display":"","ast-main-header-display":"","ast-hfb-above-header-display":"","ast-hfb-below-header-display":"","ast-hfb-mobile-header-display":"","site-post-title":"","ast-breadcrumbs-content":"","ast-featured-img":"","footer-sml-layout":"","theme-transparent-header-meta":"","adv-header-id-meta":"","stick-header-meta":"","header-above-stick-meta":"","header-main-stick-meta":"","header-below-stick-meta":""},"product_cat":[28],"product_tag":[],"yoast_head":"<!-- This site is optimized with the Yoast SEO plugin v20.2.1 - https:\/\/yoast.com\/wordpress\/plugins\/seo\/ -->\n<title>Luz De Led LM800 Azul F.Magnetica 2 Niveles - Tienda Juma<\/title>\n<meta name=\"robots\" content=\"index, follow, max-snippet:-1, max-image-preview:large, max-video-preview:-1\" \/>\n<link rel=\"canonical\" href=\"https:\/\/www.juma.es\/tienda\/producto\/luz-de-led-lm800-solaris-azul-f-magnetica\" \/>\n<meta property=\"og:locale\" content=\"es_ES\" \/>\n<meta property=\"og:type\" content=\"article\" \/>\n<meta property=\"og:title\" content=\"Luz De Led LM800 Azul F.Magnetica 2 Niveles - Tienda Juma\" \/>\n<meta property=\"og:description\" content=\"Descripci\u00f3n 2003044 Ficha t\u00e9cnica (2) niveles, 2 modos de intermitencia luz azul, lente azul, funci\u00f3n d\u00eda\/noche fi jaci\u00f3n magn\u201atica y conector mechero, bitensi\u00f3n. Homologado UN R65 Clase 2 (modo fl ash). Tensi\u00f3n de alimentaci\u00f3n: 12-24V Temperatura defuncionamiento: -20\u00a7C a +50\u00a7C Intensidad consumida(media): 1 A (azul y rojo) 0,6 A (\u00a0mbar) Colores de LEDs: Azul, rojo &hellip; Luz De Led LM800 Azul F.Magnetica 2 Niveles Leer m\u00e1s &raquo;\" \/>\n<meta property=\"og:url\" content=\"https:\/\/www.juma.es\/tienda\/producto\/luz-de-led-lm800-solaris-azul-f-magnetica\" \/>\n<meta property=\"og:site_name\" content=\"Tienda Juma\" \/>\n<meta property=\"og:image\" content=\"https:\/\/www.juma.es\/tienda\/wp-content\/uploads\/2019\/06\/370-Luz-De-Led-LM800-Azul-F.Magnetica-2-Niveles.jpg\" \/>\n\t<meta property=\"og:image:width\" content=\"372\" \/>\n\t<meta property=\"og:image:height\" content=\"372\" \/>\n\t<meta property=\"og:image:type\" content=\"image\/jpeg\" \/>\n<meta name=\"twitter:card\" content=\"summary_large_image\" \/>\n<script type=\"application\/ld+json\" class=\"yoast-schema-graph\">{\"@context\":\"https:\/\/schema.org\",\"@graph\":[{\"@type\":\"WebPage\",\"@id\":\"https:\/\/www.juma.es\/tienda\/producto\/luz-de-led-lm800-solaris-azul-f-magnetica\",\"url\":\"https:\/\/www.juma.es\/tienda\/producto\/luz-de-led-lm800-solaris-azul-f-magnetica\",\"name\":\"Luz De Led LM800 Azul F.Magnetica 2 Niveles - Tienda Juma\",\"isPartOf\":{\"@id\":\"https:\/\/www.juma.es\/tienda\/#website\"},\"datePublished\":\"2019-06-11T19:36:51+00:00\",\"dateModified\":\"2019-06-11T19:36:51+00:00\",\"breadcrumb\":{\"@id\":\"https:\/\/www.juma.es\/tienda\/producto\/luz-de-led-lm800-solaris-azul-f-magnetica#breadcrumb\"},\"inLanguage\":\"es\",\"potentialAction\":[{\"@type\":\"ReadAction\",\"target\":[\"https:\/\/www.juma.es\/tienda\/producto\/luz-de-led-lm800-solaris-azul-f-magnetica\"]}]},{\"@type\":\"BreadcrumbList\",\"@id\":\"https:\/\/www.juma.es\/tienda\/producto\/luz-de-led-lm800-solaris-azul-f-magnetica#breadcrumb\",\"itemListElement\":[{\"@type\":\"ListItem\",\"position\":1,\"name\":\"Portada\",\"item\":\"https:\/\/www.juma.es\/tienda\/\"},{\"@type\":\"ListItem\",\"position\":2,\"name\":\"Tienda\",\"item\":\"https:\/\/www.juma.es\/tienda\/tienda\"},{\"@type\":\"ListItem\",\"position\":3,\"name\":\"Luz De Led LM800 Azul F.Magnetica 2 Niveles\"}]},{\"@type\":\"WebSite\",\"@id\":\"https:\/\/www.juma.es\/tienda\/#website\",\"url\":\"https:\/\/www.juma.es\/tienda\/\",\"name\":\"Tienda Juma\",\"description\":\"Tienda de seguridad y emergencia\",\"publisher\":{\"@id\":\"https:\/\/www.juma.es\/tienda\/#organization\"},\"potentialAction\":[{\"@type\":\"SearchAction\",\"target\":{\"@type\":\"EntryPoint\",\"urlTemplate\":\"https:\/\/www.juma.es\/tienda\/?s={search_term_string}\"},\"query-input\":\"required name=search_term_string\"}],\"inLanguage\":\"es\"},{\"@type\":\"Organization\",\"@id\":\"https:\/\/www.juma.es\/tienda\/#organization\",\"name\":\"Tienda Juma\",\"url\":\"https:\/\/www.juma.es\/tienda\/\",\"logo\":{\"@type\":\"ImageObject\",\"inLanguage\":\"es\",\"@id\":\"https:\/\/www.juma.es\/tienda\/#\/schema\/logo\/image\/\",\"url\":\"https:\/\/www.juma.es\/tienda\/wp-content\/uploads\/2023\/03\/cropped-Logo-JUMA-2019.png\",\"contentUrl\":\"https:\/\/www.juma.es\/tienda\/wp-content\/uploads\/2023\/03\/cropped-Logo-JUMA-2019.png\",\"width\":653,\"height\":197,\"caption\":\"Tienda Juma\"},\"image\":{\"@id\":\"https:\/\/www.juma.es\/tienda\/#\/schema\/logo\/image\/\"}}]}<\/script>\n<!-- \/ Yoast SEO plugin. -->","yoast_head_json":{"title":"Luz De Led LM800 Azul F.Magnetica 2 Niveles - Tienda Juma","robots":{"index":"index","follow":"follow","max-snippet":"max-snippet:-1","max-image-preview":"max-image-preview:large","max-video-preview":"max-video-preview:-1"},"canonical":"https:\/\/www.juma.es\/tienda\/producto\/luz-de-led-lm800-solaris-azul-f-magnetica","og_locale":"es_ES","og_type":"article","og_title":"Luz De Led LM800 Azul F.Magnetica 2 Niveles - Tienda Juma","og_description":"Descripci\u00f3n 2003044 Ficha t\u00e9cnica (2) niveles, 2 modos de intermitencia luz azul, lente azul, funci\u00f3n d\u00eda\/noche fi jaci\u00f3n magn\u201atica y conector mechero, bitensi\u00f3n. Homologado UN R65 Clase 2 (modo fl ash). Tensi\u00f3n de alimentaci\u00f3n: 12-24V Temperatura defuncionamiento: -20\u00a7C a +50\u00a7C Intensidad consumida(media): 1 A (azul y rojo) 0,6 A (\u00a0mbar) Colores de LEDs: Azul, rojo &hellip; Luz De Led LM800 Azul F.Magnetica 2 Niveles Leer m\u00e1s &raquo;","og_url":"https:\/\/www.juma.es\/tienda\/producto\/luz-de-led-lm800-solaris-azul-f-magnetica","og_site_name":"Tienda Juma","og_image":[{"width":372,"height":372,"url":"https:\/\/www.juma.es\/tienda\/wp-content\/uploads\/2019\/06\/370-Luz-De-Led-LM800-Azul-F.Magnetica-2-Niveles.jpg","type":"image\/jpeg"}],"twitter_card":"summary_large_image","schema":{"@context":"https:\/\/schema.org","@graph":[{"@type":"WebPage","@id":"https:\/\/www.juma.es\/tienda\/producto\/luz-de-led-lm800-solaris-azul-f-magnetica","url":"https:\/\/www.juma.es\/tienda\/producto\/luz-de-led-lm800-solaris-azul-f-magnetica","name":"Luz De Led LM800 Azul F.Magnetica 2 Niveles - Tienda Juma","isPartOf":{"@id":"https:\/\/www.juma.es\/tienda\/#website"},"datePublished":"2019-06-11T19:36:51+00:00","dateModified":"2019-06-11T19:36:51+00:00","breadcrumb":{"@id":"https:\/\/www.juma.es\/tienda\/producto\/luz-de-led-lm800-solaris-azul-f-magnetica#breadcrumb"},"inLanguage":"es","potentialAction":[{"@type":"ReadAction","target":["https:\/\/www.juma.es\/tienda\/producto\/luz-de-led-lm800-solaris-azul-f-magnetica"]}]},{"@type":"BreadcrumbList","@id":"https:\/\/www.juma.es\/tienda\/producto\/luz-de-led-lm800-solaris-azul-f-magnetica#breadcrumb","itemListElement":[{"@type":"ListItem","position":1,"name":"Portada","item":"https:\/\/www.juma.es\/tienda\/"},{"@type":"ListItem","position":2,"name":"Tienda","item":"https:\/\/www.juma.es\/tienda\/tienda"},{"@type":"ListItem","position":3,"name":"Luz De Led LM800 Azul F.Magnetica 2 Niveles"}]},{"@type":"WebSite","@id":"https:\/\/www.juma.es\/tienda\/#website","url":"https:\/\/www.juma.es\/tienda\/","name":"Tienda Juma","description":"Tienda de seguridad y emergencia","publisher":{"@id":"https:\/\/www.juma.es\/tienda\/#organization"},"potentialAction":[{"@type":"SearchAction","target":{"@type":"EntryPoint","urlTemplate":"https:\/\/www.juma.es\/tienda\/?s={search_term_string}"},"query-input":"required name=search_term_string"}],"inLanguage":"es"},{"@type":"Organization","@id":"https:\/\/www.juma.es\/tienda\/#organization","name":"Tienda Juma","url":"https:\/\/www.juma.es\/tienda\/","logo":{"@type":"ImageObject","inLanguage":"es","@id":"https:\/\/www.juma.es\/tienda\/#\/schema\/logo\/image\/","url":"https:\/\/www.juma.es\/tienda\/wp-content\/uploads\/2023\/03\/cropped-Logo-JUMA-2019.png","contentUrl":"https:\/\/www.juma.es\/tienda\/wp-content\/uploads\/2023\/03\/cropped-Logo-JUMA-2019.png","width":653,"height":197,"caption":"Tienda Juma"},"image":{"@id":"https:\/\/www.juma.es\/tienda\/#\/schema\/logo\/image\/"}}]}},"_links":{"self":[{"href":"https:\/\/www.juma.es\/tienda\/wp-json\/wp\/v2\/product\/755"}],"collection":[{"href":"https:\/\/www.juma.es\/tienda\/wp-json\/wp\/v2\/product"}],"about":[{"href":"https:\/\/www.juma.es\/tienda\/wp-json\/wp\/v2\/types\/product"}],"replies":[{"embeddable":true,"href":"https:\/\/www.juma.es\/tienda\/wp-json\/wp\/v2\/comments?post=755"}],"version-history":[{"count":0,"href":"https:\/\/www.juma.es\/tienda\/wp-json\/wp\/v2\/product\/755\/revisions"}],"wp:featuredmedia":[{"embeddable":true,"href":"https:\/\/www.juma.es\/tienda\/wp-json\/wp\/v2\/media\/754"}],"wp:attachment":[{"href":"https:\/\/www.juma.es\/tienda\/wp-json\/wp\/v2\/media?parent=755"}],"wp:term":[{"taxonomy":"product_cat","embeddable":true,"href":"https:\/\/www.juma.es\/tienda\/wp-json\/wp\/v2\/product_cat?post=755"},{"taxonomy":"product_tag","embeddable":true,"href":"https:\/\/www.juma.es\/tienda\/wp-json\/wp\/v2\/product_tag?post=755"}],"curies":[{"name":"wp","href":"https:\/\/api.w.org\/{rel}","templated":true}]}}