{"id":75,"date":"2019-06-11T19:24:58","date_gmt":"2019-06-11T19:24:58","guid":{"rendered":"http:\/\/juma.centraldemarketing.es\/producto\/motorola-bateria-ion-litio-impres-1600-mah-ip56"},"modified":"2019-06-11T19:24:58","modified_gmt":"2019-06-11T19:24:58","slug":"motorola-bateria-ion-litio-impres-1600-mah-ip56","status":"publish","type":"product","link":"https:\/\/www.juma.es\/tienda\/producto\/motorola-bateria-ion-litio-impres-1600-mah-ip56","title":{"rendered":"Motorola bater\u00eda I\u00f3n Litio IMPRES 1600 mAh IP56"},"content":{"rendered":"<dl>\n<dt><\/dt>\n<dd>\n<p>PMNN4417AR<\/p>\n<\/dd>\n<dt><\/dt>\n<dd>\n<ul>\n<li>Dimensiones alto x ancho x fondo(mm): 112,35&#215;51,65&#215;17,90<\/li>\n<li>Peso(gr): 130 gr<\/li>\n<li>Qu\u00edmica: I\u00f3n Litio<\/li>\n<li>Tiempo operacional(hrs):11<\/li>\n<li>Capacidad(mAh): 1400mAh (min)<\/li>\n<li>Inteligencia: S\u00ed<\/li>\n<li>N\u00a7 ciclos carga: 500<\/li>\n<li>Densidad de energ\u00eda(mAh\/cm3): 15,4<\/li>\n<li>Rango tem operando(xc): -10 a +60<\/li>\n<li>Efecto memoria: No<\/li>\n<li>Requiere mantenimiento: No<\/li>\n<\/ul>\n<\/dd>\n<dt><\/dt>\n<dd>\n<p><a title=\"catalogo motorola\" href=\"http:\/\/wadda.es\/juma\/descargas\/catalogo%20mtrbo%20accesories%20gb.pdf\" target=\"_blank\" rel=\"noreferrer noopener\"><img decoding=\"async\" title=\"descargar documentacion\" src=\"http:\/\/wadda.es\/juma\/descargas\/descarga_documentacion.png\" alt=\"descargar documentacion\" \/><\/a><\/p>\n<\/dd>\n<\/dl>\n","protected":false},"excerpt":{"rendered":"<p>PMNN4417AR Dimensiones alto x ancho x fondo(mm): 112,35&#215;51,65&#215;17,90 Peso(gr): 130 gr Qu\u00edmica: I\u00f3n Litio Tiempo operacional(hrs):11 Capacidad(mAh): 1400mAh (min) Inteligencia: S\u00ed N\u00a7 ciclos carga: 500 Densidad de energ\u00eda(mAh\/cm3): 15,4 Rango tem operando(xc): -10 a +60 Efecto memoria: No Requiere mantenimiento: No<\/p>\n","protected":false},"featured_media":74,"comment_status":"open","ping_status":"closed","template":"","meta":{"site-sidebar-layout":"default","site-content-layout":"default","ast-global-header-display":"","ast-main-header-display":"","ast-hfb-above-header-display":"","ast-hfb-below-header-display":"","ast-hfb-mobile-header-display":"","site-post-title":"","ast-breadcrumbs-content":"","ast-featured-img":"","footer-sml-layout":"","theme-transparent-header-meta":"","adv-header-id-meta":"","stick-header-meta":"","header-above-stick-meta":"","header-main-stick-meta":"","header-below-stick-meta":""},"product_cat":[54],"product_tag":[],"yoast_head":"<!-- This site is optimized with the Yoast SEO plugin v20.2.1 - https:\/\/yoast.com\/wordpress\/plugins\/seo\/ -->\n<title>Motorola bater\u00eda I\u00f3n Litio IMPRES 1600 mAh IP56 - Tienda Juma<\/title>\n<meta name=\"robots\" content=\"index, follow, max-snippet:-1, max-image-preview:large, max-video-preview:-1\" \/>\n<link rel=\"canonical\" href=\"https:\/\/www.juma.es\/tienda\/producto\/motorola-bateria-ion-litio-impres-1600-mah-ip56\" \/>\n<meta property=\"og:locale\" content=\"es_ES\" \/>\n<meta property=\"og:type\" content=\"article\" \/>\n<meta property=\"og:title\" content=\"Motorola bater\u00eda I\u00f3n Litio IMPRES 1600 mAh IP56 - Tienda Juma\" \/>\n<meta property=\"og:description\" content=\"PMNN4417AR Dimensiones alto x ancho x fondo(mm): 112,35&#215;51,65&#215;17,90 Peso(gr): 130 gr Qu\u00edmica: I\u00f3n Litio Tiempo operacional(hrs):11 Capacidad(mAh): 1400mAh (min) Inteligencia: S\u00ed N\u00a7 ciclos carga: 500 Densidad de energ\u00eda(mAh\/cm3): 15,4 Rango tem operando(xc): -10 a +60 Efecto memoria: No Requiere mantenimiento: No\" \/>\n<meta property=\"og:url\" content=\"https:\/\/www.juma.es\/tienda\/producto\/motorola-bateria-ion-litio-impres-1600-mah-ip56\" \/>\n<meta property=\"og:site_name\" content=\"Tienda Juma\" \/>\n<meta property=\"og:image\" content=\"https:\/\/www.juma.es\/tienda\/wp-content\/uploads\/2019\/06\/28-Motorola-bateria-Ion-Litio-IMPRES-1600-mAh-IP56.jpg\" \/>\n\t<meta property=\"og:image:width\" content=\"300\" \/>\n\t<meta property=\"og:image:height\" content=\"300\" \/>\n\t<meta property=\"og:image:type\" content=\"image\/jpeg\" \/>\n<meta name=\"twitter:card\" content=\"summary_large_image\" \/>\n<script type=\"application\/ld+json\" class=\"yoast-schema-graph\">{\"@context\":\"https:\/\/schema.org\",\"@graph\":[{\"@type\":\"WebPage\",\"@id\":\"https:\/\/www.juma.es\/tienda\/producto\/motorola-bateria-ion-litio-impres-1600-mah-ip56\",\"url\":\"https:\/\/www.juma.es\/tienda\/producto\/motorola-bateria-ion-litio-impres-1600-mah-ip56\",\"name\":\"Motorola bater\u00eda I\u00f3n Litio IMPRES 1600 mAh IP56 - Tienda Juma\",\"isPartOf\":{\"@id\":\"https:\/\/www.juma.es\/tienda\/#website\"},\"datePublished\":\"2019-06-11T19:24:58+00:00\",\"dateModified\":\"2019-06-11T19:24:58+00:00\",\"breadcrumb\":{\"@id\":\"https:\/\/www.juma.es\/tienda\/producto\/motorola-bateria-ion-litio-impres-1600-mah-ip56#breadcrumb\"},\"inLanguage\":\"es\",\"potentialAction\":[{\"@type\":\"ReadAction\",\"target\":[\"https:\/\/www.juma.es\/tienda\/producto\/motorola-bateria-ion-litio-impres-1600-mah-ip56\"]}]},{\"@type\":\"BreadcrumbList\",\"@id\":\"https:\/\/www.juma.es\/tienda\/producto\/motorola-bateria-ion-litio-impres-1600-mah-ip56#breadcrumb\",\"itemListElement\":[{\"@type\":\"ListItem\",\"position\":1,\"name\":\"Portada\",\"item\":\"https:\/\/www.juma.es\/tienda\/\"},{\"@type\":\"ListItem\",\"position\":2,\"name\":\"Tienda\",\"item\":\"https:\/\/www.juma.es\/tienda\/tienda\"},{\"@type\":\"ListItem\",\"position\":3,\"name\":\"Motorola bater\u00eda I\u00f3n Litio IMPRES 1600 mAh IP56\"}]},{\"@type\":\"WebSite\",\"@id\":\"https:\/\/www.juma.es\/tienda\/#website\",\"url\":\"https:\/\/www.juma.es\/tienda\/\",\"name\":\"Tienda Juma\",\"description\":\"Tienda de seguridad y emergencia\",\"publisher\":{\"@id\":\"https:\/\/www.juma.es\/tienda\/#organization\"},\"potentialAction\":[{\"@type\":\"SearchAction\",\"target\":{\"@type\":\"EntryPoint\",\"urlTemplate\":\"https:\/\/www.juma.es\/tienda\/?s={search_term_string}\"},\"query-input\":\"required name=search_term_string\"}],\"inLanguage\":\"es\"},{\"@type\":\"Organization\",\"@id\":\"https:\/\/www.juma.es\/tienda\/#organization\",\"name\":\"Tienda Juma\",\"url\":\"https:\/\/www.juma.es\/tienda\/\",\"logo\":{\"@type\":\"ImageObject\",\"inLanguage\":\"es\",\"@id\":\"https:\/\/www.juma.es\/tienda\/#\/schema\/logo\/image\/\",\"url\":\"https:\/\/www.juma.es\/tienda\/wp-content\/uploads\/2023\/03\/cropped-Logo-JUMA-2019.png\",\"contentUrl\":\"https:\/\/www.juma.es\/tienda\/wp-content\/uploads\/2023\/03\/cropped-Logo-JUMA-2019.png\",\"width\":653,\"height\":197,\"caption\":\"Tienda Juma\"},\"image\":{\"@id\":\"https:\/\/www.juma.es\/tienda\/#\/schema\/logo\/image\/\"}}]}<\/script>\n<!-- \/ Yoast SEO plugin. -->","yoast_head_json":{"title":"Motorola bater\u00eda I\u00f3n Litio IMPRES 1600 mAh IP56 - Tienda Juma","robots":{"index":"index","follow":"follow","max-snippet":"max-snippet:-1","max-image-preview":"max-image-preview:large","max-video-preview":"max-video-preview:-1"},"canonical":"https:\/\/www.juma.es\/tienda\/producto\/motorola-bateria-ion-litio-impres-1600-mah-ip56","og_locale":"es_ES","og_type":"article","og_title":"Motorola bater\u00eda I\u00f3n Litio IMPRES 1600 mAh IP56 - Tienda Juma","og_description":"PMNN4417AR Dimensiones alto x ancho x fondo(mm): 112,35&#215;51,65&#215;17,90 Peso(gr): 130 gr Qu\u00edmica: I\u00f3n Litio Tiempo operacional(hrs):11 Capacidad(mAh): 1400mAh (min) Inteligencia: S\u00ed N\u00a7 ciclos carga: 500 Densidad de energ\u00eda(mAh\/cm3): 15,4 Rango tem operando(xc): -10 a +60 Efecto memoria: No Requiere mantenimiento: No","og_url":"https:\/\/www.juma.es\/tienda\/producto\/motorola-bateria-ion-litio-impres-1600-mah-ip56","og_site_name":"Tienda Juma","og_image":[{"width":300,"height":300,"url":"https:\/\/www.juma.es\/tienda\/wp-content\/uploads\/2019\/06\/28-Motorola-bateria-Ion-Litio-IMPRES-1600-mAh-IP56.jpg","type":"image\/jpeg"}],"twitter_card":"summary_large_image","schema":{"@context":"https:\/\/schema.org","@graph":[{"@type":"WebPage","@id":"https:\/\/www.juma.es\/tienda\/producto\/motorola-bateria-ion-litio-impres-1600-mah-ip56","url":"https:\/\/www.juma.es\/tienda\/producto\/motorola-bateria-ion-litio-impres-1600-mah-ip56","name":"Motorola bater\u00eda I\u00f3n Litio IMPRES 1600 mAh IP56 - Tienda Juma","isPartOf":{"@id":"https:\/\/www.juma.es\/tienda\/#website"},"datePublished":"2019-06-11T19:24:58+00:00","dateModified":"2019-06-11T19:24:58+00:00","breadcrumb":{"@id":"https:\/\/www.juma.es\/tienda\/producto\/motorola-bateria-ion-litio-impres-1600-mah-ip56#breadcrumb"},"inLanguage":"es","potentialAction":[{"@type":"ReadAction","target":["https:\/\/www.juma.es\/tienda\/producto\/motorola-bateria-ion-litio-impres-1600-mah-ip56"]}]},{"@type":"BreadcrumbList","@id":"https:\/\/www.juma.es\/tienda\/producto\/motorola-bateria-ion-litio-impres-1600-mah-ip56#breadcrumb","itemListElement":[{"@type":"ListItem","position":1,"name":"Portada","item":"https:\/\/www.juma.es\/tienda\/"},{"@type":"ListItem","position":2,"name":"Tienda","item":"https:\/\/www.juma.es\/tienda\/tienda"},{"@type":"ListItem","position":3,"name":"Motorola bater\u00eda I\u00f3n Litio IMPRES 1600 mAh IP56"}]},{"@type":"WebSite","@id":"https:\/\/www.juma.es\/tienda\/#website","url":"https:\/\/www.juma.es\/tienda\/","name":"Tienda Juma","description":"Tienda de seguridad y emergencia","publisher":{"@id":"https:\/\/www.juma.es\/tienda\/#organization"},"potentialAction":[{"@type":"SearchAction","target":{"@type":"EntryPoint","urlTemplate":"https:\/\/www.juma.es\/tienda\/?s={search_term_string}"},"query-input":"required name=search_term_string"}],"inLanguage":"es"},{"@type":"Organization","@id":"https:\/\/www.juma.es\/tienda\/#organization","name":"Tienda Juma","url":"https:\/\/www.juma.es\/tienda\/","logo":{"@type":"ImageObject","inLanguage":"es","@id":"https:\/\/www.juma.es\/tienda\/#\/schema\/logo\/image\/","url":"https:\/\/www.juma.es\/tienda\/wp-content\/uploads\/2023\/03\/cropped-Logo-JUMA-2019.png","contentUrl":"https:\/\/www.juma.es\/tienda\/wp-content\/uploads\/2023\/03\/cropped-Logo-JUMA-2019.png","width":653,"height":197,"caption":"Tienda Juma"},"image":{"@id":"https:\/\/www.juma.es\/tienda\/#\/schema\/logo\/image\/"}}]}},"_links":{"self":[{"href":"https:\/\/www.juma.es\/tienda\/wp-json\/wp\/v2\/product\/75"}],"collection":[{"href":"https:\/\/www.juma.es\/tienda\/wp-json\/wp\/v2\/product"}],"about":[{"href":"https:\/\/www.juma.es\/tienda\/wp-json\/wp\/v2\/types\/product"}],"replies":[{"embeddable":true,"href":"https:\/\/www.juma.es\/tienda\/wp-json\/wp\/v2\/comments?post=75"}],"version-history":[{"count":0,"href":"https:\/\/www.juma.es\/tienda\/wp-json\/wp\/v2\/product\/75\/revisions"}],"wp:featuredmedia":[{"embeddable":true,"href":"https:\/\/www.juma.es\/tienda\/wp-json\/wp\/v2\/media\/74"}],"wp:attachment":[{"href":"https:\/\/www.juma.es\/tienda\/wp-json\/wp\/v2\/media?parent=75"}],"wp:term":[{"taxonomy":"product_cat","embeddable":true,"href":"https:\/\/www.juma.es\/tienda\/wp-json\/wp\/v2\/product_cat?post=75"},{"taxonomy":"product_tag","embeddable":true,"href":"https:\/\/www.juma.es\/tienda\/wp-json\/wp\/v2\/product_tag?post=75"}],"curies":[{"name":"wp","href":"https:\/\/api.w.org\/{rel}","templated":true}]}}