{"id":727,"date":"2019-06-11T19:36:24","date_gmt":"2019-06-11T19:36:24","guid":{"rendered":"http:\/\/juma.centraldemarketing.es\/producto\/linterna-led-lenser-m7r-recargable"},"modified":"2019-06-11T19:36:24","modified_gmt":"2019-06-11T19:36:24","slug":"linterna-led-lenser-m7r-recargable","status":"publish","type":"product","link":"https:\/\/www.juma.es\/tienda\/producto\/linterna-led-lenser-m7r-recargable","title":{"rendered":"Linterna Led Lenser M7R Recargable"},"content":{"rendered":"<dl>\n<dt>Descripci\u00f3n<\/dt>\n<dd>\n<p>8307R<\/p>\n<\/dd>\n<dt>Ficha t\u00e9cnica<\/dt>\n<dd>\n<ul>\n<li>Led: High End Power LED<\/li>\n<li>Longitud: 156 mm<\/li>\n<li>Peso: 206 g<\/li>\n<li>Flujo luminoso: 220 lm<\/li>\n<li>Pilas: 1xlCR18650<\/li>\n<li>Dep\u00f3sito de energia: 8.1 Wh<\/li>\n<li>Duraci\u00f3n de iluminaci\u00f3n: 20,5 h<\/li>\n<li>Alcance de la iluminaci\u00f3n: 255 m<\/li>\n<\/ul>\n<p>\u00ff<\/p>\n<p>\u00ff<\/p>\n<p>\u00ff<\/p>\n<p>\u00ff<\/p>\n<\/dd>\n<dt>Documentaci\u00f3n<\/dt>\n<dd>\n<p>Aqu\u00ed los archivos adjuntos y dem\u00e1s documentaci\u00f3n.<\/p>\n<p><a title=\"Cat\u00e1logo Comercial Led Lenser\" href=\"http:\/\/wadda.es\/juma\/descargas\/led%20lenser.pdf\" target=\"_blank\" rel=\"noreferrer noopener\"><img decoding=\"async\" title=\"pdf\" src=\"http:\/\/wadda.es\/juma\/descargas\/pdf.png\" class=\"pdf\" alt=\"pdf.png\" \/>Cat\u00e1logo Comercial\u00ffLed Lenser.pdf<\/a><\/p>\n<p>\u00ff<\/p>\n<\/dd>\n<\/dl>\n","protected":false},"excerpt":{"rendered":"<p>Descripci\u00f3n 8307R Ficha t\u00e9cnica Led: High End Power LED Longitud: 156 mm Peso: 206 g Flujo luminoso: 220 lm Pilas: 1xlCR18650 Dep\u00f3sito de energia: 8.1 Wh Duraci\u00f3n de iluminaci\u00f3n: 20,5 h Alcance de la iluminaci\u00f3n: 255 m \u00ff \u00ff \u00ff \u00ff Documentaci\u00f3n Aqu\u00ed los archivos adjuntos y dem\u00e1s documentaci\u00f3n. Cat\u00e1logo Comercial\u00ffLed Lenser.pdf \u00ff<\/p>\n","protected":false},"featured_media":726,"comment_status":"open","ping_status":"closed","template":"","meta":{"site-sidebar-layout":"default","site-content-layout":"default","ast-global-header-display":"","ast-main-header-display":"","ast-hfb-above-header-display":"","ast-hfb-below-header-display":"","ast-hfb-mobile-header-display":"","site-post-title":"","ast-breadcrumbs-content":"","ast-featured-img":"","footer-sml-layout":"","theme-transparent-header-meta":"","adv-header-id-meta":"","stick-header-meta":"","header-above-stick-meta":"","header-main-stick-meta":"","header-below-stick-meta":""},"product_cat":[36],"product_tag":[],"yoast_head":"<!-- This site is optimized with the Yoast SEO plugin v20.2.1 - https:\/\/yoast.com\/wordpress\/plugins\/seo\/ -->\n<title>Linterna Led Lenser M7R Recargable - Tienda Juma<\/title>\n<meta name=\"robots\" content=\"index, follow, max-snippet:-1, max-image-preview:large, max-video-preview:-1\" \/>\n<link rel=\"canonical\" href=\"https:\/\/www.juma.es\/tienda\/producto\/linterna-led-lenser-m7r-recargable\" \/>\n<meta property=\"og:locale\" content=\"es_ES\" \/>\n<meta property=\"og:type\" content=\"article\" \/>\n<meta property=\"og:title\" content=\"Linterna Led Lenser M7R Recargable - Tienda Juma\" \/>\n<meta property=\"og:description\" content=\"Descripci\u00f3n 8307R Ficha t\u00e9cnica Led: High End Power LED Longitud: 156 mm Peso: 206 g Flujo luminoso: 220 lm Pilas: 1xlCR18650 Dep\u00f3sito de energia: 8.1 Wh Duraci\u00f3n de iluminaci\u00f3n: 20,5 h Alcance de la iluminaci\u00f3n: 255 m \u00ff \u00ff \u00ff \u00ff Documentaci\u00f3n Aqu\u00ed los archivos adjuntos y dem\u00e1s documentaci\u00f3n. Cat\u00e1logo Comercial\u00ffLed Lenser.pdf \u00ff\" \/>\n<meta property=\"og:url\" content=\"https:\/\/www.juma.es\/tienda\/producto\/linterna-led-lenser-m7r-recargable\" \/>\n<meta property=\"og:site_name\" content=\"Tienda Juma\" \/>\n<meta property=\"og:image\" content=\"https:\/\/www.juma.es\/tienda\/wp-content\/uploads\/2019\/06\/356-Linterna-Led-Lenser-M7R-Recargable.jpg\" \/>\n\t<meta property=\"og:image:width\" content=\"324\" \/>\n\t<meta property=\"og:image:height\" content=\"324\" \/>\n\t<meta property=\"og:image:type\" content=\"image\/jpeg\" \/>\n<meta name=\"twitter:card\" content=\"summary_large_image\" \/>\n<script type=\"application\/ld+json\" class=\"yoast-schema-graph\">{\"@context\":\"https:\/\/schema.org\",\"@graph\":[{\"@type\":\"WebPage\",\"@id\":\"https:\/\/www.juma.es\/tienda\/producto\/linterna-led-lenser-m7r-recargable\",\"url\":\"https:\/\/www.juma.es\/tienda\/producto\/linterna-led-lenser-m7r-recargable\",\"name\":\"Linterna Led Lenser M7R Recargable - Tienda Juma\",\"isPartOf\":{\"@id\":\"https:\/\/www.juma.es\/tienda\/#website\"},\"datePublished\":\"2019-06-11T19:36:24+00:00\",\"dateModified\":\"2019-06-11T19:36:24+00:00\",\"breadcrumb\":{\"@id\":\"https:\/\/www.juma.es\/tienda\/producto\/linterna-led-lenser-m7r-recargable#breadcrumb\"},\"inLanguage\":\"es\",\"potentialAction\":[{\"@type\":\"ReadAction\",\"target\":[\"https:\/\/www.juma.es\/tienda\/producto\/linterna-led-lenser-m7r-recargable\"]}]},{\"@type\":\"BreadcrumbList\",\"@id\":\"https:\/\/www.juma.es\/tienda\/producto\/linterna-led-lenser-m7r-recargable#breadcrumb\",\"itemListElement\":[{\"@type\":\"ListItem\",\"position\":1,\"name\":\"Portada\",\"item\":\"https:\/\/www.juma.es\/tienda\/\"},{\"@type\":\"ListItem\",\"position\":2,\"name\":\"Tienda\",\"item\":\"https:\/\/www.juma.es\/tienda\/tienda\"},{\"@type\":\"ListItem\",\"position\":3,\"name\":\"Linterna Led Lenser M7R Recargable\"}]},{\"@type\":\"WebSite\",\"@id\":\"https:\/\/www.juma.es\/tienda\/#website\",\"url\":\"https:\/\/www.juma.es\/tienda\/\",\"name\":\"Tienda Juma\",\"description\":\"Tienda de seguridad y emergencia\",\"publisher\":{\"@id\":\"https:\/\/www.juma.es\/tienda\/#organization\"},\"potentialAction\":[{\"@type\":\"SearchAction\",\"target\":{\"@type\":\"EntryPoint\",\"urlTemplate\":\"https:\/\/www.juma.es\/tienda\/?s={search_term_string}\"},\"query-input\":\"required name=search_term_string\"}],\"inLanguage\":\"es\"},{\"@type\":\"Organization\",\"@id\":\"https:\/\/www.juma.es\/tienda\/#organization\",\"name\":\"Tienda Juma\",\"url\":\"https:\/\/www.juma.es\/tienda\/\",\"logo\":{\"@type\":\"ImageObject\",\"inLanguage\":\"es\",\"@id\":\"https:\/\/www.juma.es\/tienda\/#\/schema\/logo\/image\/\",\"url\":\"https:\/\/www.juma.es\/tienda\/wp-content\/uploads\/2023\/03\/cropped-Logo-JUMA-2019.png\",\"contentUrl\":\"https:\/\/www.juma.es\/tienda\/wp-content\/uploads\/2023\/03\/cropped-Logo-JUMA-2019.png\",\"width\":653,\"height\":197,\"caption\":\"Tienda Juma\"},\"image\":{\"@id\":\"https:\/\/www.juma.es\/tienda\/#\/schema\/logo\/image\/\"}}]}<\/script>\n<!-- \/ Yoast SEO plugin. -->","yoast_head_json":{"title":"Linterna Led Lenser M7R Recargable - Tienda Juma","robots":{"index":"index","follow":"follow","max-snippet":"max-snippet:-1","max-image-preview":"max-image-preview:large","max-video-preview":"max-video-preview:-1"},"canonical":"https:\/\/www.juma.es\/tienda\/producto\/linterna-led-lenser-m7r-recargable","og_locale":"es_ES","og_type":"article","og_title":"Linterna Led Lenser M7R Recargable - Tienda Juma","og_description":"Descripci\u00f3n 8307R Ficha t\u00e9cnica Led: High End Power LED Longitud: 156 mm Peso: 206 g Flujo luminoso: 220 lm Pilas: 1xlCR18650 Dep\u00f3sito de energia: 8.1 Wh Duraci\u00f3n de iluminaci\u00f3n: 20,5 h Alcance de la iluminaci\u00f3n: 255 m \u00ff \u00ff \u00ff \u00ff Documentaci\u00f3n Aqu\u00ed los archivos adjuntos y dem\u00e1s documentaci\u00f3n. Cat\u00e1logo Comercial\u00ffLed Lenser.pdf \u00ff","og_url":"https:\/\/www.juma.es\/tienda\/producto\/linterna-led-lenser-m7r-recargable","og_site_name":"Tienda Juma","og_image":[{"width":324,"height":324,"url":"https:\/\/www.juma.es\/tienda\/wp-content\/uploads\/2019\/06\/356-Linterna-Led-Lenser-M7R-Recargable.jpg","type":"image\/jpeg"}],"twitter_card":"summary_large_image","schema":{"@context":"https:\/\/schema.org","@graph":[{"@type":"WebPage","@id":"https:\/\/www.juma.es\/tienda\/producto\/linterna-led-lenser-m7r-recargable","url":"https:\/\/www.juma.es\/tienda\/producto\/linterna-led-lenser-m7r-recargable","name":"Linterna Led Lenser M7R Recargable - Tienda Juma","isPartOf":{"@id":"https:\/\/www.juma.es\/tienda\/#website"},"datePublished":"2019-06-11T19:36:24+00:00","dateModified":"2019-06-11T19:36:24+00:00","breadcrumb":{"@id":"https:\/\/www.juma.es\/tienda\/producto\/linterna-led-lenser-m7r-recargable#breadcrumb"},"inLanguage":"es","potentialAction":[{"@type":"ReadAction","target":["https:\/\/www.juma.es\/tienda\/producto\/linterna-led-lenser-m7r-recargable"]}]},{"@type":"BreadcrumbList","@id":"https:\/\/www.juma.es\/tienda\/producto\/linterna-led-lenser-m7r-recargable#breadcrumb","itemListElement":[{"@type":"ListItem","position":1,"name":"Portada","item":"https:\/\/www.juma.es\/tienda\/"},{"@type":"ListItem","position":2,"name":"Tienda","item":"https:\/\/www.juma.es\/tienda\/tienda"},{"@type":"ListItem","position":3,"name":"Linterna Led Lenser M7R Recargable"}]},{"@type":"WebSite","@id":"https:\/\/www.juma.es\/tienda\/#website","url":"https:\/\/www.juma.es\/tienda\/","name":"Tienda Juma","description":"Tienda de seguridad y emergencia","publisher":{"@id":"https:\/\/www.juma.es\/tienda\/#organization"},"potentialAction":[{"@type":"SearchAction","target":{"@type":"EntryPoint","urlTemplate":"https:\/\/www.juma.es\/tienda\/?s={search_term_string}"},"query-input":"required name=search_term_string"}],"inLanguage":"es"},{"@type":"Organization","@id":"https:\/\/www.juma.es\/tienda\/#organization","name":"Tienda Juma","url":"https:\/\/www.juma.es\/tienda\/","logo":{"@type":"ImageObject","inLanguage":"es","@id":"https:\/\/www.juma.es\/tienda\/#\/schema\/logo\/image\/","url":"https:\/\/www.juma.es\/tienda\/wp-content\/uploads\/2023\/03\/cropped-Logo-JUMA-2019.png","contentUrl":"https:\/\/www.juma.es\/tienda\/wp-content\/uploads\/2023\/03\/cropped-Logo-JUMA-2019.png","width":653,"height":197,"caption":"Tienda Juma"},"image":{"@id":"https:\/\/www.juma.es\/tienda\/#\/schema\/logo\/image\/"}}]}},"_links":{"self":[{"href":"https:\/\/www.juma.es\/tienda\/wp-json\/wp\/v2\/product\/727"}],"collection":[{"href":"https:\/\/www.juma.es\/tienda\/wp-json\/wp\/v2\/product"}],"about":[{"href":"https:\/\/www.juma.es\/tienda\/wp-json\/wp\/v2\/types\/product"}],"replies":[{"embeddable":true,"href":"https:\/\/www.juma.es\/tienda\/wp-json\/wp\/v2\/comments?post=727"}],"version-history":[{"count":0,"href":"https:\/\/www.juma.es\/tienda\/wp-json\/wp\/v2\/product\/727\/revisions"}],"wp:featuredmedia":[{"embeddable":true,"href":"https:\/\/www.juma.es\/tienda\/wp-json\/wp\/v2\/media\/726"}],"wp:attachment":[{"href":"https:\/\/www.juma.es\/tienda\/wp-json\/wp\/v2\/media?parent=727"}],"wp:term":[{"taxonomy":"product_cat","embeddable":true,"href":"https:\/\/www.juma.es\/tienda\/wp-json\/wp\/v2\/product_cat?post=727"},{"taxonomy":"product_tag","embeddable":true,"href":"https:\/\/www.juma.es\/tienda\/wp-json\/wp\/v2\/product_tag?post=727"}],"curies":[{"name":"wp","href":"https:\/\/api.w.org\/{rel}","templated":true}]}}