{"id":723,"date":"2019-06-11T19:36:24","date_gmt":"2019-06-11T19:36:24","guid":{"rendered":"http:\/\/juma.centraldemarketing.es\/producto\/linterna-l500s-sin-cargador"},"modified":"2019-06-11T19:36:24","modified_gmt":"2019-06-11T19:36:24","slug":"linterna-l500s-sin-cargador","status":"publish","type":"product","link":"https:\/\/www.juma.es\/tienda\/producto\/linterna-l500s-sin-cargador","title":{"rendered":"Linterna L500S Sin Cargador"},"content":{"rendered":"<dl>\n<dt>Descripci\u00f3n<\/dt>\n<dd>\n<p>2101096<\/p>\n<\/dd>\n<dt>Ficha t\u00e9cnica<\/dt>\n<dd>\n<p><span>Foto gen\u201arica puede no corresponder exactamente con el producto.<\/span><\/p>\n<ul>\n<li>RECARGABLE<\/li>\n<li>HALOGENA<\/li>\n<li>2 INTENSIDADES<\/li>\n<li>SIN CARGADOR<\/li>\n<li>12V<\/li>\n<\/ul>\n<p>\u00ff<\/p>\n<ul>\n<li><span><strong>Quiz\u00a0s le pueda interesar nuestros repuestos:<\/strong><\/span><\/li>\n<\/ul>\n<p><span><strong><strong><a title=\"Protector Goma.\" href=\"http:\/\/www.juma.es\/categorias\/seg-repuestos\/productos\/protector-goma-linterna-l500\" target=\"_blank\" rel=\"noreferrer noopener\"><img decoding=\"async\" loading=\"lazy\" title=\"Protector Goma.\" src=\"http:\/\/static.tiendy.com\/shops\/juma\/uploads\/repuestos_l500.jpg\" alt=\"Protector Goma.\" width=\"65\" height=\"65\" \/><\/a><\/strong><strong><a title=\"Conjunto tapa\" href=\"\/productos\/conjunto-tapa-l-500\" target=\"_blank\" rel=\"noreferrer noopener\"><img decoding=\"async\" loading=\"lazy\" title=\"Conjunto tapa\" src=\"http:\/\/static.tiendy.com\/shops\/juma\/uploads\/large_conjunto-tapa-l-500-287227-1.jpg\" alt=\"Conjunto tapa\" width=\"60\" height=\"56\" \/><\/a><\/strong><strong><a title=\"\u00d3ptica par\u00a0bola\" href=\"\/categorias\/seg-repuestos\/productos\/optica-linterna-l500-plastico\" target=\"_blank\" rel=\"noreferrer noopener\"><img decoding=\"async\" loading=\"lazy\" title=\"\u00d3ptica par\u00a0bola\" src=\"http:\/\/static.tiendy.com\/shops\/juma\/uploads\/optica%20linterna_p.jpg\" alt=\"\u00d3ptica par\u00a0bola\" width=\"76\" height=\"61\" \/><\/a><\/strong><strong><img decoding=\"async\" loading=\"lazy\" title=\"L\u00a0mpara hal\u00f3gena\" src=\"http:\/\/static.tiendy.com\/shops\/juma\/uploads\/l%C3%A1mpara%20hal%C3%B3gena_p.jpg\" alt=\"L\u00a0mpara hal\u00f3gena\" width=\"58\" height=\"64\" \/><\/strong><strong><a title=\"Kit cabezal L-500\" href=\"\/categorias\/seg-repuestos\/productos\/kit-cabezal-linterna-l500\" target=\"_blank\" rel=\"noreferrer noopener\"><img decoding=\"async\" loading=\"lazy\" title=\"Kit cabezal L-500\" src=\"http:\/\/static.tiendy.com\/shops\/juma\/uploads\/kit%20cabezal%20l-500_p.jpg\" alt=\"Kit cabezal L-500\" width=\"63\" height=\"70\" \/><\/a><\/strong><strong><a title=\"Circuito L500I\" href=\"http:\/\/www.juma.es\/categorias\/seg-repuestos\/productos\/circuito-l500ri\" target=\"_blank\" rel=\"noreferrer noopener\"><img decoding=\"async\" loading=\"lazy\" title=\"Circuito L500I\" src=\"http:\/\/wadda.es\/juma\/descargas\/huge_circuitol500rled-287489-1.jpg\" alt=\"Circuito L500I\" width=\"65\" height=\"65\" \/><\/a><\/strong><strong><a title=\"Interruptor 104 B2 caja y tecla negra\" href=\"\/categorias\/seg-repuestos\/productos\/interruptor-104-b2-caja-y-tecla-negra\" target=\"_blank\" rel=\"noreferrer noopener\"><img decoding=\"async\" loading=\"lazy\" title=\"Interruptor 104 B2 caja y tecla negra\" src=\"http:\/\/static.tiendy.com\/shops\/juma\/uploads\/interruptor%20104%20b2%20caja%20y%20tecla%20negra_p.jpg\" alt=\"Interruptor 104 B2 caja y tecla negra\" width=\"60\" height=\"66\" \/><\/a><\/strong><strong><a title=\"Funda interruptor L-500 negra\" href=\"\/categorias\/seg-repuestos\/productos\/funda-interruptor-l-500-l-500i-negra\" target=\"_blank\" rel=\"noreferrer noopener\"><img decoding=\"async\" loading=\"lazy\" title=\"Funda interruptor L-500 negra.\" src=\"http:\/\/static.tiendy.com\/shops\/juma\/uploads\/funda%20interruptor%20l-500-%20l500i%20negra_p.jpg\" alt=\"Funda interruptor L-500 negra.\" width=\"60\" height=\"66\" \/><\/a><\/strong><strong><a title=\"Bater\u00eda Ni-Mh 6V 3,5AH 5E 1\/2DSIZ\" href=\"\/categorias\/seg-repuestos\/productos\/bateria-ni-mh-6v-3-5ah-5e-1-2dsiz\" target=\"_blank\" rel=\"noreferrer noopener\"><img decoding=\"async\" loading=\"lazy\" title=\"Bater\u00eda Ni-Mh 6V 3,5AH 5E 1\/2DSIZ\" src=\"http:\/\/static.tiendy.com\/shops\/juma\/uploads\/bater%C3%ADa%20ni-mh%206v%203,5ah%205e%201-2dsiz_p.jpg\" alt=\"Bater\u00eda Ni-Mh 6V 3,5AH 5E 1\/2DSIZ\" width=\"57\" height=\"62\" \/><\/a><\/strong><strong><a title=\"Muelle contacto bater\u00eda L500\" href=\"\/categorias\/seg-repuestos\/productos\/muelle-contacto-bateria-l500\" target=\"_blank\" rel=\"noreferrer noopener\"><img decoding=\"async\" loading=\"lazy\" title=\"Muelle contacto bater\u00eda L500\" src=\"http:\/\/static.tiendy.com\/shops\/juma\/uploads\/muelle%20contacto%20bater%C3%ADa%20l500_p.jpg\" alt=\"Muelle contacto bater\u00eda L500\" width=\"51\" height=\"56\" \/><\/a><\/strong><strong><a title=\"Caja Molex 2 v\u00edas\" href=\"\/categorias\/seg-repuestos\/productos\/caja-molex-2-vias\" target=\"_blank\" rel=\"noreferrer noopener\"><img decoding=\"async\" loading=\"lazy\" title=\"Caja Molex 2 v\u00edas\" src=\"http:\/\/static.tiendy.com\/shops\/juma\/uploads\/caja%20molex%202%20v%C3%ADas_p.jpg\" alt=\"Caja Molex 2 v\u00edas\" width=\"46\" height=\"52\" \/><\/a><\/strong><strong><a title=\"Terminal Molex macho\" href=\"\/categorias\/seg-repuestos\/productos\/terminal-molex-macho\" target=\"_blank\" rel=\"noreferrer noopener\"><img decoding=\"async\" loading=\"lazy\" title=\"Terminal Molex macho\" src=\"http:\/\/static.tiendy.com\/shops\/juma\/uploads\/terminal%20molex%20macho_p.jpg\" alt=\"Terminal Molex macho\" width=\"46\" height=\"52\" \/><\/a><\/strong><strong><a title=\"Conector Molex 2 v\u00edas\" href=\"\/categorias\/seg-repuestos\/productos\/conector-molex-2-vias\" target=\"_blank\" rel=\"noreferrer noopener\"><img decoding=\"async\" loading=\"lazy\" title=\"Conector Molex 2 v\u00edas\" src=\"http:\/\/static.tiendy.com\/shops\/juma\/uploads\/conector%20molex%202%20v%C3%ADas_p.jpg\" alt=\"Conector Molex 2 v\u00edas\" width=\"45\" height=\"46\" \/><\/a><\/strong><strong><a title=\"Terminal Molex hembra\" href=\"\/categorias\/seg-repuestos\/productos\/terminal-molex-hembra\" target=\"_blank\" rel=\"noreferrer noopener\"><img decoding=\"async\" loading=\"lazy\" title=\"Terminal Molex hembra\" src=\"http:\/\/static.tiendy.com\/shops\/juma\/uploads\/terminal%20molex%20hembra_p.jpg\" alt=\"Terminal Molex hembra\" width=\"45\" height=\"46\" \/><\/a><\/strong><\/strong><\/span><\/p>\n<\/dd>\n<dt>Documentaci\u00f3n<\/dt>\n<dd>\n<p>Aqu\u00ed la informaci\u00f3n disponible:<\/p>\n<p><a title=\"Catalogo Comercial L500S\" href=\"http:\/\/wadda.es\/juma\/descargas\/l500.pdf\" target=\"_blank\" rel=\"noreferrer noopener\"><img decoding=\"async\" title=\"pdf\" src=\"http:\/\/wadda.es\/juma\/descargas\/pdf.png\" class=\"pdf\" alt=\"pdf.png\" \/>Cat\u00e1logo Comercial L500S.pdf<\/a><\/p>\n<\/dd>\n<\/dl>\n","protected":false},"excerpt":{"rendered":"<p>Descripci\u00f3n 2101096 Ficha t\u00e9cnica Foto gen\u201arica puede no corresponder exactamente con el producto. RECARGABLE HALOGENA 2 INTENSIDADES SIN CARGADOR 12V \u00ff Quiz\u00a0s le pueda interesar nuestros repuestos: Documentaci\u00f3n Aqu\u00ed la informaci\u00f3n disponible: Cat\u00e1logo Comercial L500S.pdf<\/p>\n","protected":false},"featured_media":722,"comment_status":"open","ping_status":"closed","template":"","meta":{"site-sidebar-layout":"default","site-content-layout":"default","ast-global-header-display":"","ast-main-header-display":"","ast-hfb-above-header-display":"","ast-hfb-below-header-display":"","ast-hfb-mobile-header-display":"","site-post-title":"","ast-breadcrumbs-content":"","ast-featured-img":"","footer-sml-layout":"","theme-transparent-header-meta":"","adv-header-id-meta":"","stick-header-meta":"","header-above-stick-meta":"","header-main-stick-meta":"","header-below-stick-meta":""},"product_cat":[36],"product_tag":[],"yoast_head":"<!-- This site is optimized with the Yoast SEO plugin v20.2.1 - https:\/\/yoast.com\/wordpress\/plugins\/seo\/ -->\n<title>Linterna L500S Sin Cargador - Tienda Juma<\/title>\n<meta name=\"robots\" content=\"index, follow, max-snippet:-1, max-image-preview:large, max-video-preview:-1\" \/>\n<link rel=\"canonical\" href=\"https:\/\/www.juma.es\/tienda\/producto\/linterna-l500s-sin-cargador\" \/>\n<meta property=\"og:locale\" content=\"es_ES\" \/>\n<meta property=\"og:type\" content=\"article\" \/>\n<meta property=\"og:title\" content=\"Linterna L500S Sin Cargador - Tienda Juma\" \/>\n<meta property=\"og:description\" content=\"Descripci\u00f3n 2101096 Ficha t\u00e9cnica Foto gen\u201arica puede no corresponder exactamente con el producto. RECARGABLE HALOGENA 2 INTENSIDADES SIN CARGADOR 12V \u00ff Quiz\u00a0s le pueda interesar nuestros repuestos: Documentaci\u00f3n Aqu\u00ed la informaci\u00f3n disponible: Cat\u00e1logo Comercial L500S.pdf\" \/>\n<meta property=\"og:url\" content=\"https:\/\/www.juma.es\/tienda\/producto\/linterna-l500s-sin-cargador\" \/>\n<meta property=\"og:site_name\" content=\"Tienda Juma\" \/>\n<meta property=\"og:image\" content=\"https:\/\/www.juma.es\/tienda\/wp-content\/uploads\/2019\/06\/354-Linterna-L500S-Sin-Cargador.jpg\" \/>\n\t<meta property=\"og:image:width\" content=\"324\" \/>\n\t<meta property=\"og:image:height\" content=\"324\" \/>\n\t<meta property=\"og:image:type\" content=\"image\/jpeg\" \/>\n<meta name=\"twitter:card\" content=\"summary_large_image\" \/>\n<script type=\"application\/ld+json\" class=\"yoast-schema-graph\">{\"@context\":\"https:\/\/schema.org\",\"@graph\":[{\"@type\":\"WebPage\",\"@id\":\"https:\/\/www.juma.es\/tienda\/producto\/linterna-l500s-sin-cargador\",\"url\":\"https:\/\/www.juma.es\/tienda\/producto\/linterna-l500s-sin-cargador\",\"name\":\"Linterna L500S Sin Cargador - Tienda Juma\",\"isPartOf\":{\"@id\":\"https:\/\/www.juma.es\/tienda\/#website\"},\"datePublished\":\"2019-06-11T19:36:24+00:00\",\"dateModified\":\"2019-06-11T19:36:24+00:00\",\"breadcrumb\":{\"@id\":\"https:\/\/www.juma.es\/tienda\/producto\/linterna-l500s-sin-cargador#breadcrumb\"},\"inLanguage\":\"es\",\"potentialAction\":[{\"@type\":\"ReadAction\",\"target\":[\"https:\/\/www.juma.es\/tienda\/producto\/linterna-l500s-sin-cargador\"]}]},{\"@type\":\"BreadcrumbList\",\"@id\":\"https:\/\/www.juma.es\/tienda\/producto\/linterna-l500s-sin-cargador#breadcrumb\",\"itemListElement\":[{\"@type\":\"ListItem\",\"position\":1,\"name\":\"Portada\",\"item\":\"https:\/\/www.juma.es\/tienda\/\"},{\"@type\":\"ListItem\",\"position\":2,\"name\":\"Tienda\",\"item\":\"https:\/\/www.juma.es\/tienda\/tienda\"},{\"@type\":\"ListItem\",\"position\":3,\"name\":\"Linterna L500S Sin Cargador\"}]},{\"@type\":\"WebSite\",\"@id\":\"https:\/\/www.juma.es\/tienda\/#website\",\"url\":\"https:\/\/www.juma.es\/tienda\/\",\"name\":\"Tienda Juma\",\"description\":\"Tienda de seguridad y emergencia\",\"publisher\":{\"@id\":\"https:\/\/www.juma.es\/tienda\/#organization\"},\"potentialAction\":[{\"@type\":\"SearchAction\",\"target\":{\"@type\":\"EntryPoint\",\"urlTemplate\":\"https:\/\/www.juma.es\/tienda\/?s={search_term_string}\"},\"query-input\":\"required name=search_term_string\"}],\"inLanguage\":\"es\"},{\"@type\":\"Organization\",\"@id\":\"https:\/\/www.juma.es\/tienda\/#organization\",\"name\":\"Tienda Juma\",\"url\":\"https:\/\/www.juma.es\/tienda\/\",\"logo\":{\"@type\":\"ImageObject\",\"inLanguage\":\"es\",\"@id\":\"https:\/\/www.juma.es\/tienda\/#\/schema\/logo\/image\/\",\"url\":\"https:\/\/www.juma.es\/tienda\/wp-content\/uploads\/2023\/03\/cropped-Logo-JUMA-2019.png\",\"contentUrl\":\"https:\/\/www.juma.es\/tienda\/wp-content\/uploads\/2023\/03\/cropped-Logo-JUMA-2019.png\",\"width\":653,\"height\":197,\"caption\":\"Tienda Juma\"},\"image\":{\"@id\":\"https:\/\/www.juma.es\/tienda\/#\/schema\/logo\/image\/\"}}]}<\/script>\n<!-- \/ Yoast SEO plugin. -->","yoast_head_json":{"title":"Linterna L500S Sin Cargador - Tienda Juma","robots":{"index":"index","follow":"follow","max-snippet":"max-snippet:-1","max-image-preview":"max-image-preview:large","max-video-preview":"max-video-preview:-1"},"canonical":"https:\/\/www.juma.es\/tienda\/producto\/linterna-l500s-sin-cargador","og_locale":"es_ES","og_type":"article","og_title":"Linterna L500S Sin Cargador - Tienda Juma","og_description":"Descripci\u00f3n 2101096 Ficha t\u00e9cnica Foto gen\u201arica puede no corresponder exactamente con el producto. RECARGABLE HALOGENA 2 INTENSIDADES SIN CARGADOR 12V \u00ff Quiz\u00a0s le pueda interesar nuestros repuestos: Documentaci\u00f3n Aqu\u00ed la informaci\u00f3n disponible: Cat\u00e1logo Comercial L500S.pdf","og_url":"https:\/\/www.juma.es\/tienda\/producto\/linterna-l500s-sin-cargador","og_site_name":"Tienda Juma","og_image":[{"width":324,"height":324,"url":"https:\/\/www.juma.es\/tienda\/wp-content\/uploads\/2019\/06\/354-Linterna-L500S-Sin-Cargador.jpg","type":"image\/jpeg"}],"twitter_card":"summary_large_image","schema":{"@context":"https:\/\/schema.org","@graph":[{"@type":"WebPage","@id":"https:\/\/www.juma.es\/tienda\/producto\/linterna-l500s-sin-cargador","url":"https:\/\/www.juma.es\/tienda\/producto\/linterna-l500s-sin-cargador","name":"Linterna L500S Sin Cargador - Tienda Juma","isPartOf":{"@id":"https:\/\/www.juma.es\/tienda\/#website"},"datePublished":"2019-06-11T19:36:24+00:00","dateModified":"2019-06-11T19:36:24+00:00","breadcrumb":{"@id":"https:\/\/www.juma.es\/tienda\/producto\/linterna-l500s-sin-cargador#breadcrumb"},"inLanguage":"es","potentialAction":[{"@type":"ReadAction","target":["https:\/\/www.juma.es\/tienda\/producto\/linterna-l500s-sin-cargador"]}]},{"@type":"BreadcrumbList","@id":"https:\/\/www.juma.es\/tienda\/producto\/linterna-l500s-sin-cargador#breadcrumb","itemListElement":[{"@type":"ListItem","position":1,"name":"Portada","item":"https:\/\/www.juma.es\/tienda\/"},{"@type":"ListItem","position":2,"name":"Tienda","item":"https:\/\/www.juma.es\/tienda\/tienda"},{"@type":"ListItem","position":3,"name":"Linterna L500S Sin Cargador"}]},{"@type":"WebSite","@id":"https:\/\/www.juma.es\/tienda\/#website","url":"https:\/\/www.juma.es\/tienda\/","name":"Tienda Juma","description":"Tienda de seguridad y emergencia","publisher":{"@id":"https:\/\/www.juma.es\/tienda\/#organization"},"potentialAction":[{"@type":"SearchAction","target":{"@type":"EntryPoint","urlTemplate":"https:\/\/www.juma.es\/tienda\/?s={search_term_string}"},"query-input":"required name=search_term_string"}],"inLanguage":"es"},{"@type":"Organization","@id":"https:\/\/www.juma.es\/tienda\/#organization","name":"Tienda Juma","url":"https:\/\/www.juma.es\/tienda\/","logo":{"@type":"ImageObject","inLanguage":"es","@id":"https:\/\/www.juma.es\/tienda\/#\/schema\/logo\/image\/","url":"https:\/\/www.juma.es\/tienda\/wp-content\/uploads\/2023\/03\/cropped-Logo-JUMA-2019.png","contentUrl":"https:\/\/www.juma.es\/tienda\/wp-content\/uploads\/2023\/03\/cropped-Logo-JUMA-2019.png","width":653,"height":197,"caption":"Tienda Juma"},"image":{"@id":"https:\/\/www.juma.es\/tienda\/#\/schema\/logo\/image\/"}}]}},"_links":{"self":[{"href":"https:\/\/www.juma.es\/tienda\/wp-json\/wp\/v2\/product\/723"}],"collection":[{"href":"https:\/\/www.juma.es\/tienda\/wp-json\/wp\/v2\/product"}],"about":[{"href":"https:\/\/www.juma.es\/tienda\/wp-json\/wp\/v2\/types\/product"}],"replies":[{"embeddable":true,"href":"https:\/\/www.juma.es\/tienda\/wp-json\/wp\/v2\/comments?post=723"}],"version-history":[{"count":0,"href":"https:\/\/www.juma.es\/tienda\/wp-json\/wp\/v2\/product\/723\/revisions"}],"wp:featuredmedia":[{"embeddable":true,"href":"https:\/\/www.juma.es\/tienda\/wp-json\/wp\/v2\/media\/722"}],"wp:attachment":[{"href":"https:\/\/www.juma.es\/tienda\/wp-json\/wp\/v2\/media?parent=723"}],"wp:term":[{"taxonomy":"product_cat","embeddable":true,"href":"https:\/\/www.juma.es\/tienda\/wp-json\/wp\/v2\/product_cat?post=723"},{"taxonomy":"product_tag","embeddable":true,"href":"https:\/\/www.juma.es\/tienda\/wp-json\/wp\/v2\/product_tag?post=723"}],"curies":[{"name":"wp","href":"https:\/\/api.w.org\/{rel}","templated":true}]}}