{"id":339,"date":"2019-06-11T19:29:36","date_gmt":"2019-06-11T19:29:36","guid":{"rendered":"http:\/\/juma.centraldemarketing.es\/producto\/695022-chaleco-antibalas-interior-lite-fit-nivel-nij-iiia-color-negro-talla-xl"},"modified":"2019-06-11T19:29:36","modified_gmt":"2019-06-11T19:29:36","slug":"695022-chaleco-antibalas-interior-lite-fit-nivel-nij-iiia-color-negro-talla-xl","status":"publish","type":"product","link":"https:\/\/www.juma.es\/tienda\/producto\/695022-chaleco-antibalas-interior-lite-fit-nivel-nij-iiia-color-negro-talla-xl","title":{"rendered":"Chaleco Antibalas Interior \u00abLite Fit\u00bb Nivel Nij Iiia Color Negro"},"content":{"rendered":"<dl>\n<dt><\/dt>\n<dd>\n<p>CHB22-NE-XL<\/p>\n<\/dd>\n<dt><\/dt>\n<dd>\n<p><span>? Modelo ergon\u00f3mico dise\u00f1ado para uso diario que NO dificulta los movimientos del usuario, ni molesta al sentarse o conducir.<\/span><\/p>\n<p><span><span>? Puede usarse tambi\u201an de forma externa. Incluye hasta 4 puntos de ajuste mediante el\u00a0sticos y velcro para una perfecta colocaci\u00f3n.<\/span><\/span><\/p>\n<p><span>? Protecci\u00f3n frontal, dorsal y lateral. 360\u00a7 de protecci\u00f3n.<\/span><\/p>\n<p><span>? Peso paneles talla L: 1,85 kg. .<\/p>\n<p>? Superficie bal\u00edstica para la talla L: 0,331 m2 .<\/p>\n<p>? Grosor del panel bal\u00edstico: 0,5 cm .<\/span><\/p>\n<p>? Densidad del panel bal\u00edstico: 0,55 gr\/cm2 .<\/p>\n<\/dd>\n<dt><\/dt>\n<dd>\n<p>Aqu\u00ed los archivos adjuntos y dem\u00e1s documentaci\u00f3n<\/p>\n<\/dd>\n<\/dl>\n","protected":false},"excerpt":{"rendered":"<p>CHB22-NE-XL ? Modelo ergon\u00f3mico dise\u00f1ado para uso diario que NO dificulta los movimientos del usuario, ni molesta al sentarse o conducir. ? Puede usarse tambi\u201an de forma externa. Incluye hasta 4 puntos de ajuste mediante el\u00a0sticos y velcro para una perfecta colocaci\u00f3n. ? Protecci\u00f3n frontal, dorsal y lateral. 360\u00a7 de protecci\u00f3n. ? Peso paneles talla &hellip;<\/p>\n<p class=\"read-more\"> <a class=\"\" href=\"https:\/\/www.juma.es\/tienda\/producto\/695022-chaleco-antibalas-interior-lite-fit-nivel-nij-iiia-color-negro-talla-xl\"> <span class=\"screen-reader-text\">Chaleco Antibalas Interior \u00abLite Fit\u00bb Nivel Nij Iiia Color Negro<\/span> Leer m\u00e1s &raquo;<\/a><\/p>\n","protected":false},"featured_media":338,"comment_status":"open","ping_status":"closed","template":"","meta":{"site-sidebar-layout":"default","site-content-layout":"default","ast-global-header-display":"","ast-main-header-display":"","ast-hfb-above-header-display":"","ast-hfb-below-header-display":"","ast-hfb-mobile-header-display":"","site-post-title":"","ast-breadcrumbs-content":"","ast-featured-img":"","footer-sml-layout":"","theme-transparent-header-meta":"","adv-header-id-meta":"","stick-header-meta":"","header-above-stick-meta":"","header-main-stick-meta":"","header-below-stick-meta":""},"product_cat":[60],"product_tag":[],"yoast_head":"<!-- This site is optimized with the Yoast SEO plugin v20.2.1 - https:\/\/yoast.com\/wordpress\/plugins\/seo\/ -->\n<title>Chaleco Antibalas Interior &quot;Lite Fit&quot; Nivel Nij Iiia Color Negro - Tienda Juma<\/title>\n<meta name=\"robots\" content=\"index, follow, max-snippet:-1, max-image-preview:large, max-video-preview:-1\" \/>\n<link rel=\"canonical\" href=\"https:\/\/www.juma.es\/tienda\/producto\/695022-chaleco-antibalas-interior-lite-fit-nivel-nij-iiia-color-negro-talla-xl\" \/>\n<meta property=\"og:locale\" content=\"es_ES\" \/>\n<meta property=\"og:type\" content=\"article\" \/>\n<meta property=\"og:title\" content=\"Chaleco Antibalas Interior &quot;Lite Fit&quot; Nivel Nij Iiia Color Negro - Tienda Juma\" \/>\n<meta property=\"og:description\" content=\"CHB22-NE-XL ? Modelo ergon\u00f3mico dise\u00f1ado para uso diario que NO dificulta los movimientos del usuario, ni molesta al sentarse o conducir. ? Puede usarse tambi\u201an de forma externa. Incluye hasta 4 puntos de ajuste mediante el\u00a0sticos y velcro para una perfecta colocaci\u00f3n. ? Protecci\u00f3n frontal, dorsal y lateral. 360\u00a7 de protecci\u00f3n. ? Peso paneles talla &hellip; Chaleco Antibalas Interior \u00abLite Fit\u00bb Nivel Nij Iiia Color Negro Leer m\u00e1s &raquo;\" \/>\n<meta property=\"og:url\" content=\"https:\/\/www.juma.es\/tienda\/producto\/695022-chaleco-antibalas-interior-lite-fit-nivel-nij-iiia-color-negro-talla-xl\" \/>\n<meta property=\"og:site_name\" content=\"Tienda Juma\" \/>\n<meta property=\"og:image\" content=\"https:\/\/www.juma.es\/tienda\/wp-content\/uploads\/2019\/06\/162-Chaleco-Antibalas-Interior-Lite-Fit-Nivel-Nij-Iiia-Color-Negro.jpg\" \/>\n\t<meta property=\"og:image:width\" content=\"340\" \/>\n\t<meta property=\"og:image:height\" content=\"434\" \/>\n\t<meta property=\"og:image:type\" content=\"image\/jpeg\" \/>\n<meta name=\"twitter:card\" content=\"summary_large_image\" \/>\n<script type=\"application\/ld+json\" class=\"yoast-schema-graph\">{\"@context\":\"https:\/\/schema.org\",\"@graph\":[{\"@type\":\"WebPage\",\"@id\":\"https:\/\/www.juma.es\/tienda\/producto\/695022-chaleco-antibalas-interior-lite-fit-nivel-nij-iiia-color-negro-talla-xl\",\"url\":\"https:\/\/www.juma.es\/tienda\/producto\/695022-chaleco-antibalas-interior-lite-fit-nivel-nij-iiia-color-negro-talla-xl\",\"name\":\"Chaleco Antibalas Interior \\\"Lite Fit\\\" Nivel Nij Iiia Color Negro - Tienda Juma\",\"isPartOf\":{\"@id\":\"https:\/\/www.juma.es\/tienda\/#website\"},\"datePublished\":\"2019-06-11T19:29:36+00:00\",\"dateModified\":\"2019-06-11T19:29:36+00:00\",\"breadcrumb\":{\"@id\":\"https:\/\/www.juma.es\/tienda\/producto\/695022-chaleco-antibalas-interior-lite-fit-nivel-nij-iiia-color-negro-talla-xl#breadcrumb\"},\"inLanguage\":\"es\",\"potentialAction\":[{\"@type\":\"ReadAction\",\"target\":[\"https:\/\/www.juma.es\/tienda\/producto\/695022-chaleco-antibalas-interior-lite-fit-nivel-nij-iiia-color-negro-talla-xl\"]}]},{\"@type\":\"BreadcrumbList\",\"@id\":\"https:\/\/www.juma.es\/tienda\/producto\/695022-chaleco-antibalas-interior-lite-fit-nivel-nij-iiia-color-negro-talla-xl#breadcrumb\",\"itemListElement\":[{\"@type\":\"ListItem\",\"position\":1,\"name\":\"Portada\",\"item\":\"https:\/\/www.juma.es\/tienda\/\"},{\"@type\":\"ListItem\",\"position\":2,\"name\":\"Tienda\",\"item\":\"https:\/\/www.juma.es\/tienda\/tienda\"},{\"@type\":\"ListItem\",\"position\":3,\"name\":\"Chaleco Antibalas Interior \u00abLite Fit\u00bb Nivel Nij Iiia Color Negro\"}]},{\"@type\":\"WebSite\",\"@id\":\"https:\/\/www.juma.es\/tienda\/#website\",\"url\":\"https:\/\/www.juma.es\/tienda\/\",\"name\":\"Tienda Juma\",\"description\":\"Tienda de seguridad y emergencia\",\"publisher\":{\"@id\":\"https:\/\/www.juma.es\/tienda\/#organization\"},\"potentialAction\":[{\"@type\":\"SearchAction\",\"target\":{\"@type\":\"EntryPoint\",\"urlTemplate\":\"https:\/\/www.juma.es\/tienda\/?s={search_term_string}\"},\"query-input\":\"required name=search_term_string\"}],\"inLanguage\":\"es\"},{\"@type\":\"Organization\",\"@id\":\"https:\/\/www.juma.es\/tienda\/#organization\",\"name\":\"Tienda Juma\",\"url\":\"https:\/\/www.juma.es\/tienda\/\",\"logo\":{\"@type\":\"ImageObject\",\"inLanguage\":\"es\",\"@id\":\"https:\/\/www.juma.es\/tienda\/#\/schema\/logo\/image\/\",\"url\":\"https:\/\/www.juma.es\/tienda\/wp-content\/uploads\/2023\/03\/cropped-Logo-JUMA-2019.png\",\"contentUrl\":\"https:\/\/www.juma.es\/tienda\/wp-content\/uploads\/2023\/03\/cropped-Logo-JUMA-2019.png\",\"width\":653,\"height\":197,\"caption\":\"Tienda Juma\"},\"image\":{\"@id\":\"https:\/\/www.juma.es\/tienda\/#\/schema\/logo\/image\/\"}}]}<\/script>\n<!-- \/ Yoast SEO plugin. -->","yoast_head_json":{"title":"Chaleco Antibalas Interior \"Lite Fit\" Nivel Nij Iiia Color Negro - Tienda Juma","robots":{"index":"index","follow":"follow","max-snippet":"max-snippet:-1","max-image-preview":"max-image-preview:large","max-video-preview":"max-video-preview:-1"},"canonical":"https:\/\/www.juma.es\/tienda\/producto\/695022-chaleco-antibalas-interior-lite-fit-nivel-nij-iiia-color-negro-talla-xl","og_locale":"es_ES","og_type":"article","og_title":"Chaleco Antibalas Interior \"Lite Fit\" Nivel Nij Iiia Color Negro - Tienda Juma","og_description":"CHB22-NE-XL ? Modelo ergon\u00f3mico dise\u00f1ado para uso diario que NO dificulta los movimientos del usuario, ni molesta al sentarse o conducir. ? Puede usarse tambi\u201an de forma externa. Incluye hasta 4 puntos de ajuste mediante el\u00a0sticos y velcro para una perfecta colocaci\u00f3n. ? Protecci\u00f3n frontal, dorsal y lateral. 360\u00a7 de protecci\u00f3n. ? Peso paneles talla &hellip; Chaleco Antibalas Interior \u00abLite Fit\u00bb Nivel Nij Iiia Color Negro Leer m\u00e1s &raquo;","og_url":"https:\/\/www.juma.es\/tienda\/producto\/695022-chaleco-antibalas-interior-lite-fit-nivel-nij-iiia-color-negro-talla-xl","og_site_name":"Tienda Juma","og_image":[{"width":340,"height":434,"url":"https:\/\/www.juma.es\/tienda\/wp-content\/uploads\/2019\/06\/162-Chaleco-Antibalas-Interior-Lite-Fit-Nivel-Nij-Iiia-Color-Negro.jpg","type":"image\/jpeg"}],"twitter_card":"summary_large_image","schema":{"@context":"https:\/\/schema.org","@graph":[{"@type":"WebPage","@id":"https:\/\/www.juma.es\/tienda\/producto\/695022-chaleco-antibalas-interior-lite-fit-nivel-nij-iiia-color-negro-talla-xl","url":"https:\/\/www.juma.es\/tienda\/producto\/695022-chaleco-antibalas-interior-lite-fit-nivel-nij-iiia-color-negro-talla-xl","name":"Chaleco Antibalas Interior \"Lite Fit\" Nivel Nij Iiia Color Negro - Tienda Juma","isPartOf":{"@id":"https:\/\/www.juma.es\/tienda\/#website"},"datePublished":"2019-06-11T19:29:36+00:00","dateModified":"2019-06-11T19:29:36+00:00","breadcrumb":{"@id":"https:\/\/www.juma.es\/tienda\/producto\/695022-chaleco-antibalas-interior-lite-fit-nivel-nij-iiia-color-negro-talla-xl#breadcrumb"},"inLanguage":"es","potentialAction":[{"@type":"ReadAction","target":["https:\/\/www.juma.es\/tienda\/producto\/695022-chaleco-antibalas-interior-lite-fit-nivel-nij-iiia-color-negro-talla-xl"]}]},{"@type":"BreadcrumbList","@id":"https:\/\/www.juma.es\/tienda\/producto\/695022-chaleco-antibalas-interior-lite-fit-nivel-nij-iiia-color-negro-talla-xl#breadcrumb","itemListElement":[{"@type":"ListItem","position":1,"name":"Portada","item":"https:\/\/www.juma.es\/tienda\/"},{"@type":"ListItem","position":2,"name":"Tienda","item":"https:\/\/www.juma.es\/tienda\/tienda"},{"@type":"ListItem","position":3,"name":"Chaleco Antibalas Interior \u00abLite Fit\u00bb Nivel Nij Iiia Color Negro"}]},{"@type":"WebSite","@id":"https:\/\/www.juma.es\/tienda\/#website","url":"https:\/\/www.juma.es\/tienda\/","name":"Tienda Juma","description":"Tienda de seguridad y emergencia","publisher":{"@id":"https:\/\/www.juma.es\/tienda\/#organization"},"potentialAction":[{"@type":"SearchAction","target":{"@type":"EntryPoint","urlTemplate":"https:\/\/www.juma.es\/tienda\/?s={search_term_string}"},"query-input":"required name=search_term_string"}],"inLanguage":"es"},{"@type":"Organization","@id":"https:\/\/www.juma.es\/tienda\/#organization","name":"Tienda Juma","url":"https:\/\/www.juma.es\/tienda\/","logo":{"@type":"ImageObject","inLanguage":"es","@id":"https:\/\/www.juma.es\/tienda\/#\/schema\/logo\/image\/","url":"https:\/\/www.juma.es\/tienda\/wp-content\/uploads\/2023\/03\/cropped-Logo-JUMA-2019.png","contentUrl":"https:\/\/www.juma.es\/tienda\/wp-content\/uploads\/2023\/03\/cropped-Logo-JUMA-2019.png","width":653,"height":197,"caption":"Tienda Juma"},"image":{"@id":"https:\/\/www.juma.es\/tienda\/#\/schema\/logo\/image\/"}}]}},"_links":{"self":[{"href":"https:\/\/www.juma.es\/tienda\/wp-json\/wp\/v2\/product\/339"}],"collection":[{"href":"https:\/\/www.juma.es\/tienda\/wp-json\/wp\/v2\/product"}],"about":[{"href":"https:\/\/www.juma.es\/tienda\/wp-json\/wp\/v2\/types\/product"}],"replies":[{"embeddable":true,"href":"https:\/\/www.juma.es\/tienda\/wp-json\/wp\/v2\/comments?post=339"}],"version-history":[{"count":0,"href":"https:\/\/www.juma.es\/tienda\/wp-json\/wp\/v2\/product\/339\/revisions"}],"wp:featuredmedia":[{"embeddable":true,"href":"https:\/\/www.juma.es\/tienda\/wp-json\/wp\/v2\/media\/338"}],"wp:attachment":[{"href":"https:\/\/www.juma.es\/tienda\/wp-json\/wp\/v2\/media?parent=339"}],"wp:term":[{"taxonomy":"product_cat","embeddable":true,"href":"https:\/\/www.juma.es\/tienda\/wp-json\/wp\/v2\/product_cat?post=339"},{"taxonomy":"product_tag","embeddable":true,"href":"https:\/\/www.juma.es\/tienda\/wp-json\/wp\/v2\/product_tag?post=339"}],"curies":[{"name":"wp","href":"https:\/\/api.w.org\/{rel}","templated":true}]}}