{"id":287,"date":"2019-06-11T19:28:44","date_gmt":"2019-06-11T19:28:44","guid":{"rendered":"http:\/\/juma.centraldemarketing.es\/producto\/walkie-motorola-dp-4600-uhf"},"modified":"2019-06-11T19:28:44","modified_gmt":"2019-06-11T19:28:44","slug":"walkie-motorola-dp-4600-uhf","status":"publish","type":"product","link":"https:\/\/www.juma.es\/tienda\/producto\/walkie-motorola-dp-4600-uhf","title":{"rendered":"Walkie Motorola DP 4600 UHF"},"content":{"rendered":"<dl>\n<dt>Descripci\u00f3n<\/dt>\n<dd>\n<p>MDH56RDH9JA1_N<\/p>\n<\/dd>\n<dt>Ficha t\u00e9cnica<\/dt>\n<dd>\n<ul>\n<li>403-470 Mhz<\/li>\n<li>1000 Canales<\/li>\n<li>Display de 4 lineas, blanco y negro<\/li>\n<li>Teclado de navegaci\u00f3n men\u00fa intuitivo<\/li>\n<li>5 Botones programables<\/li>\n<li>LED Tricolor<\/li>\n<li>Bot\u00f3n emergencia<\/li>\n<li>Llamadas a grupos, individuales y a todos.<\/li>\n<li>Llamada emergencia<\/li>\n<li>PTT ID. Identificaci\u00f3n de llamada<\/li>\n<li>Funciones de monitorizaci\u00f3n remota<\/li>\n<li>Interrupci\u00f3n de transmisi\u00f3n<\/li>\n<li>Trabajador solitario<\/li>\n<li>Se\u00f1alizaci\u00f3n 5 Tonos<\/li>\n<li>Posibilidad de tarjeta de opciones<\/li>\n<li>GPS integrado y Bluetooth<\/li>\n<li>Audio inteligente<\/li>\n<li>IP57<\/li>\n<li>IP Site Connect (Conventional Multiple Site Coverage)<\/li>\n<li>Capacity Plus (Single Site Trunking)<\/li>\n<li>Linked Capacity Plus (Multisite trunking)<\/li>\n<li>Opciones de privacidad<\/li>\n<li>Capacidad VOX<\/li>\n<li>Scanner<\/li>\n<\/ul>\n<\/dd>\n<dt>Documentaci\u00f3n<\/dt>\n<dd>\n<p>Aqui la informaci\u00f3n disponible para descargar:<\/p>\n<p><a title=\"Documentaci\u00f3n t\u00e9cnica Motorola.\" href=\"http:\/\/wadda.es\/juma\/descargas\/cat_dp4000_eng.pdf\" target=\"_blank\" rel=\"noreferrer noopener\"><img decoding=\"async\" title=\"Descargar documentaci\u00f3n.\" src=\"http:\/\/wadda.es\/juma\/descargas\/descarga_documentacion.png\" alt=\"Descargar documentaci\u00f3n t\u00e9cnica.\" \/><\/a><\/p>\n<\/dd>\n<\/dl>\n","protected":false},"excerpt":{"rendered":"<p>Descripci\u00f3n MDH56RDH9JA1_N Ficha t\u00e9cnica 403-470 Mhz 1000 Canales Display de 4 lineas, blanco y negro Teclado de navegaci\u00f3n men\u00fa intuitivo 5 Botones programables LED Tricolor Bot\u00f3n emergencia Llamadas a grupos, individuales y a todos. Llamada emergencia PTT ID. Identificaci\u00f3n de llamada Funciones de monitorizaci\u00f3n remota Interrupci\u00f3n de transmisi\u00f3n Trabajador solitario Se\u00f1alizaci\u00f3n 5 Tonos Posibilidad de &hellip;<\/p>\n<p class=\"read-more\"> <a class=\"\" href=\"https:\/\/www.juma.es\/tienda\/producto\/walkie-motorola-dp-4600-uhf\"> <span class=\"screen-reader-text\">Walkie Motorola DP 4600 UHF<\/span> Leer m\u00e1s &raquo;<\/a><\/p>\n","protected":false},"featured_media":286,"comment_status":"open","ping_status":"closed","template":"","meta":{"site-sidebar-layout":"default","site-content-layout":"default","ast-global-header-display":"","ast-main-header-display":"","ast-hfb-above-header-display":"","ast-hfb-below-header-display":"","ast-hfb-mobile-header-display":"","site-post-title":"","ast-breadcrumbs-content":"","ast-featured-img":"","footer-sml-layout":"","theme-transparent-header-meta":"","adv-header-id-meta":"","stick-header-meta":"","header-above-stick-meta":"","header-main-stick-meta":"","header-below-stick-meta":""},"product_cat":[75],"product_tag":[],"yoast_head":"<!-- This site is optimized with the Yoast SEO plugin v20.2.1 - https:\/\/yoast.com\/wordpress\/plugins\/seo\/ -->\n<title>Walkie Motorola DP 4600 UHF - Tienda Juma<\/title>\n<meta name=\"robots\" content=\"index, follow, max-snippet:-1, max-image-preview:large, max-video-preview:-1\" \/>\n<link rel=\"canonical\" href=\"https:\/\/www.juma.es\/tienda\/producto\/walkie-motorola-dp-4600-uhf\" \/>\n<meta property=\"og:locale\" content=\"es_ES\" \/>\n<meta property=\"og:type\" content=\"article\" \/>\n<meta property=\"og:title\" content=\"Walkie Motorola DP 4600 UHF - Tienda Juma\" \/>\n<meta property=\"og:description\" content=\"Descripci\u00f3n MDH56RDH9JA1_N Ficha t\u00e9cnica 403-470 Mhz 1000 Canales Display de 4 lineas, blanco y negro Teclado de navegaci\u00f3n men\u00fa intuitivo 5 Botones programables LED Tricolor Bot\u00f3n emergencia Llamadas a grupos, individuales y a todos. Llamada emergencia PTT ID. Identificaci\u00f3n de llamada Funciones de monitorizaci\u00f3n remota Interrupci\u00f3n de transmisi\u00f3n Trabajador solitario Se\u00f1alizaci\u00f3n 5 Tonos Posibilidad de &hellip; Walkie Motorola DP 4600 UHF Leer m\u00e1s &raquo;\" \/>\n<meta property=\"og:url\" content=\"https:\/\/www.juma.es\/tienda\/producto\/walkie-motorola-dp-4600-uhf\" \/>\n<meta property=\"og:site_name\" content=\"Tienda Juma\" \/>\n<meta property=\"og:image\" content=\"https:\/\/www.juma.es\/tienda\/wp-content\/uploads\/2019\/06\/136-Walkie-Motorola-DP-4600-UHF.jpg\" \/>\n\t<meta property=\"og:image:width\" content=\"372\" \/>\n\t<meta property=\"og:image:height\" content=\"378\" \/>\n\t<meta property=\"og:image:type\" content=\"image\/jpeg\" \/>\n<meta name=\"twitter:card\" content=\"summary_large_image\" \/>\n<meta name=\"twitter:label1\" content=\"Tiempo de lectura\" \/>\n\t<meta name=\"twitter:data1\" content=\"1 minuto\" \/>\n<script type=\"application\/ld+json\" class=\"yoast-schema-graph\">{\"@context\":\"https:\/\/schema.org\",\"@graph\":[{\"@type\":\"WebPage\",\"@id\":\"https:\/\/www.juma.es\/tienda\/producto\/walkie-motorola-dp-4600-uhf\",\"url\":\"https:\/\/www.juma.es\/tienda\/producto\/walkie-motorola-dp-4600-uhf\",\"name\":\"Walkie Motorola DP 4600 UHF - Tienda Juma\",\"isPartOf\":{\"@id\":\"https:\/\/www.juma.es\/tienda\/#website\"},\"datePublished\":\"2019-06-11T19:28:44+00:00\",\"dateModified\":\"2019-06-11T19:28:44+00:00\",\"breadcrumb\":{\"@id\":\"https:\/\/www.juma.es\/tienda\/producto\/walkie-motorola-dp-4600-uhf#breadcrumb\"},\"inLanguage\":\"es\",\"potentialAction\":[{\"@type\":\"ReadAction\",\"target\":[\"https:\/\/www.juma.es\/tienda\/producto\/walkie-motorola-dp-4600-uhf\"]}]},{\"@type\":\"BreadcrumbList\",\"@id\":\"https:\/\/www.juma.es\/tienda\/producto\/walkie-motorola-dp-4600-uhf#breadcrumb\",\"itemListElement\":[{\"@type\":\"ListItem\",\"position\":1,\"name\":\"Portada\",\"item\":\"https:\/\/www.juma.es\/tienda\/\"},{\"@type\":\"ListItem\",\"position\":2,\"name\":\"Tienda\",\"item\":\"https:\/\/www.juma.es\/tienda\/tienda\"},{\"@type\":\"ListItem\",\"position\":3,\"name\":\"Walkie Motorola DP 4600 UHF\"}]},{\"@type\":\"WebSite\",\"@id\":\"https:\/\/www.juma.es\/tienda\/#website\",\"url\":\"https:\/\/www.juma.es\/tienda\/\",\"name\":\"Tienda Juma\",\"description\":\"Tienda de seguridad y emergencia\",\"publisher\":{\"@id\":\"https:\/\/www.juma.es\/tienda\/#organization\"},\"potentialAction\":[{\"@type\":\"SearchAction\",\"target\":{\"@type\":\"EntryPoint\",\"urlTemplate\":\"https:\/\/www.juma.es\/tienda\/?s={search_term_string}\"},\"query-input\":\"required name=search_term_string\"}],\"inLanguage\":\"es\"},{\"@type\":\"Organization\",\"@id\":\"https:\/\/www.juma.es\/tienda\/#organization\",\"name\":\"Tienda Juma\",\"url\":\"https:\/\/www.juma.es\/tienda\/\",\"logo\":{\"@type\":\"ImageObject\",\"inLanguage\":\"es\",\"@id\":\"https:\/\/www.juma.es\/tienda\/#\/schema\/logo\/image\/\",\"url\":\"https:\/\/www.juma.es\/tienda\/wp-content\/uploads\/2023\/03\/cropped-Logo-JUMA-2019.png\",\"contentUrl\":\"https:\/\/www.juma.es\/tienda\/wp-content\/uploads\/2023\/03\/cropped-Logo-JUMA-2019.png\",\"width\":653,\"height\":197,\"caption\":\"Tienda Juma\"},\"image\":{\"@id\":\"https:\/\/www.juma.es\/tienda\/#\/schema\/logo\/image\/\"}}]}<\/script>\n<!-- \/ Yoast SEO plugin. -->","yoast_head_json":{"title":"Walkie Motorola DP 4600 UHF - Tienda Juma","robots":{"index":"index","follow":"follow","max-snippet":"max-snippet:-1","max-image-preview":"max-image-preview:large","max-video-preview":"max-video-preview:-1"},"canonical":"https:\/\/www.juma.es\/tienda\/producto\/walkie-motorola-dp-4600-uhf","og_locale":"es_ES","og_type":"article","og_title":"Walkie Motorola DP 4600 UHF - Tienda Juma","og_description":"Descripci\u00f3n MDH56RDH9JA1_N Ficha t\u00e9cnica 403-470 Mhz 1000 Canales Display de 4 lineas, blanco y negro Teclado de navegaci\u00f3n men\u00fa intuitivo 5 Botones programables LED Tricolor Bot\u00f3n emergencia Llamadas a grupos, individuales y a todos. Llamada emergencia PTT ID. Identificaci\u00f3n de llamada Funciones de monitorizaci\u00f3n remota Interrupci\u00f3n de transmisi\u00f3n Trabajador solitario Se\u00f1alizaci\u00f3n 5 Tonos Posibilidad de &hellip; Walkie Motorola DP 4600 UHF Leer m\u00e1s &raquo;","og_url":"https:\/\/www.juma.es\/tienda\/producto\/walkie-motorola-dp-4600-uhf","og_site_name":"Tienda Juma","og_image":[{"width":372,"height":378,"url":"https:\/\/www.juma.es\/tienda\/wp-content\/uploads\/2019\/06\/136-Walkie-Motorola-DP-4600-UHF.jpg","type":"image\/jpeg"}],"twitter_card":"summary_large_image","twitter_misc":{"Tiempo de lectura":"1 minuto"},"schema":{"@context":"https:\/\/schema.org","@graph":[{"@type":"WebPage","@id":"https:\/\/www.juma.es\/tienda\/producto\/walkie-motorola-dp-4600-uhf","url":"https:\/\/www.juma.es\/tienda\/producto\/walkie-motorola-dp-4600-uhf","name":"Walkie Motorola DP 4600 UHF - Tienda Juma","isPartOf":{"@id":"https:\/\/www.juma.es\/tienda\/#website"},"datePublished":"2019-06-11T19:28:44+00:00","dateModified":"2019-06-11T19:28:44+00:00","breadcrumb":{"@id":"https:\/\/www.juma.es\/tienda\/producto\/walkie-motorola-dp-4600-uhf#breadcrumb"},"inLanguage":"es","potentialAction":[{"@type":"ReadAction","target":["https:\/\/www.juma.es\/tienda\/producto\/walkie-motorola-dp-4600-uhf"]}]},{"@type":"BreadcrumbList","@id":"https:\/\/www.juma.es\/tienda\/producto\/walkie-motorola-dp-4600-uhf#breadcrumb","itemListElement":[{"@type":"ListItem","position":1,"name":"Portada","item":"https:\/\/www.juma.es\/tienda\/"},{"@type":"ListItem","position":2,"name":"Tienda","item":"https:\/\/www.juma.es\/tienda\/tienda"},{"@type":"ListItem","position":3,"name":"Walkie Motorola DP 4600 UHF"}]},{"@type":"WebSite","@id":"https:\/\/www.juma.es\/tienda\/#website","url":"https:\/\/www.juma.es\/tienda\/","name":"Tienda Juma","description":"Tienda de seguridad y emergencia","publisher":{"@id":"https:\/\/www.juma.es\/tienda\/#organization"},"potentialAction":[{"@type":"SearchAction","target":{"@type":"EntryPoint","urlTemplate":"https:\/\/www.juma.es\/tienda\/?s={search_term_string}"},"query-input":"required name=search_term_string"}],"inLanguage":"es"},{"@type":"Organization","@id":"https:\/\/www.juma.es\/tienda\/#organization","name":"Tienda Juma","url":"https:\/\/www.juma.es\/tienda\/","logo":{"@type":"ImageObject","inLanguage":"es","@id":"https:\/\/www.juma.es\/tienda\/#\/schema\/logo\/image\/","url":"https:\/\/www.juma.es\/tienda\/wp-content\/uploads\/2023\/03\/cropped-Logo-JUMA-2019.png","contentUrl":"https:\/\/www.juma.es\/tienda\/wp-content\/uploads\/2023\/03\/cropped-Logo-JUMA-2019.png","width":653,"height":197,"caption":"Tienda Juma"},"image":{"@id":"https:\/\/www.juma.es\/tienda\/#\/schema\/logo\/image\/"}}]}},"_links":{"self":[{"href":"https:\/\/www.juma.es\/tienda\/wp-json\/wp\/v2\/product\/287"}],"collection":[{"href":"https:\/\/www.juma.es\/tienda\/wp-json\/wp\/v2\/product"}],"about":[{"href":"https:\/\/www.juma.es\/tienda\/wp-json\/wp\/v2\/types\/product"}],"replies":[{"embeddable":true,"href":"https:\/\/www.juma.es\/tienda\/wp-json\/wp\/v2\/comments?post=287"}],"version-history":[{"count":0,"href":"https:\/\/www.juma.es\/tienda\/wp-json\/wp\/v2\/product\/287\/revisions"}],"wp:featuredmedia":[{"embeddable":true,"href":"https:\/\/www.juma.es\/tienda\/wp-json\/wp\/v2\/media\/286"}],"wp:attachment":[{"href":"https:\/\/www.juma.es\/tienda\/wp-json\/wp\/v2\/media?parent=287"}],"wp:term":[{"taxonomy":"product_cat","embeddable":true,"href":"https:\/\/www.juma.es\/tienda\/wp-json\/wp\/v2\/product_cat?post=287"},{"taxonomy":"product_tag","embeddable":true,"href":"https:\/\/www.juma.es\/tienda\/wp-json\/wp\/v2\/product_tag?post=287"}],"curies":[{"name":"wp","href":"https:\/\/api.w.org\/{rel}","templated":true}]}}