{"id":269,"date":"2019-06-11T19:28:18","date_gmt":"2019-06-11T19:28:18","guid":{"rendered":"http:\/\/juma.centraldemarketing.es\/producto\/walkie-motorola-mtp850-con-gps"},"modified":"2019-06-11T19:28:18","modified_gmt":"2019-06-11T19:28:18","slug":"walkie-motorola-mtp850-con-gps","status":"publish","type":"product","link":"https:\/\/www.juma.es\/tienda\/producto\/walkie-motorola-mtp850-con-gps","title":{"rendered":"Walkie motorola MTP850 con GPS"},"content":{"rendered":"<dl>\n<dt>Descripci\u00f3n<\/dt>\n<dd>\n<p>H60PCN6TZ5N<\/p>\n<p>GPS ACTIVO (QA00177)<br \/>BATERIA Lion 1850mAh (QA00154)<br \/>ANTENA CORTA DUAL (QA00257) <br \/>CLIP CINTURON 2&#8243; (QA00165)<br \/>MANUAL DE USUARIO<\/p>\n<\/dd>\n<dt>Ficha t\u00e9cnica<\/dt>\n<dd>\n<ul>\n<li>Dimensiones Alto x Ancho x Fondo mm 125 x 50 x 33,5 (con bater\u00eda fina)<\/li>\n<li>Peso (g) 170 (s\u00f3lo radio)<\/li>\n<li>Bandas de frecuencia (MHz) 380-430\/806-870<\/li>\n<li>Ancho de banda de canal de RF (kHz) 25<\/li>\n<li>Separaci\u00f3n de transmisor\/receptor (MHz) 10 (380-400 y 410-430)<\/li>\n<li>Ancho de banda de conmutaci\u00f3n TMO (MHz) 19 (806-825, 851-870)\/40 (380-400 y 410-430)<\/li>\n<li>Control de potencia de RF 3 pasos de 5 dB<\/li>\n<li>Pantalla en color Pantalla de 130&#215;130 p\u00edxeles con 65.536 colores vivos<\/li>\n<li>LED Tricolor<\/li>\n<li>Bot\u00f3n emergencia<\/li>\n<li>Llamadas a grupos, individuales y a todos.<\/li>\n<li>Llamada de emergencia<\/li>\n<li>PTT ID. Identificaci\u00f3n de llamada<\/li>\n<li>Scanner de canales<\/li>\n<li>Conexi\u00f3n PC mediante cable con USB<\/li>\n<li>Puerto externo de RF<\/li>\n<li>Sat\u201alites simult\u00a0neos 12<\/li>\n<li>Antena de GPS Helicoidal integrada en la antena TETRA<\/li>\n<li>Sensibilidad -152 dbm \/ -182 dbW<\/li>\n<li>Precisi\u00f3n 5 metros (50% probable)*<\/li>\n<\/ul>\n<\/dd>\n<dt>Documentaci\u00f3n<\/dt>\n<dd>\n<p><span>Aqu\u00ed podr\u00a0 encontrar la documentaci\u00f3n.<\/span><\/p>\n<p><a title=\"Documentaci\u00f3n t\u00e9cnica Motorola.\" href=\"http:\/\/static.tiendy.com\/shops\/juma\/uploads\/mtp-850%20esp.pdf\" target=\"_blank\" rel=\"noreferrer noopener\"><span><img decoding=\"async\" title=\"Descargar Documentaci\u00f3n.\" src=\"http:\/\/static.tiendy.com\/shops\/juma\/uploads\/descarga_documentacion.png\" alt=\"Descarga de documentaci\u00f3n t\u00e9cnica.\" \/><\/span><\/a><\/p>\n<\/dd>\n<\/dl>\n","protected":false},"excerpt":{"rendered":"<p>Descripci\u00f3n H60PCN6TZ5N GPS ACTIVO (QA00177)BATERIA Lion 1850mAh (QA00154)ANTENA CORTA DUAL (QA00257) CLIP CINTURON 2&#8243; (QA00165)MANUAL DE USUARIO Ficha t\u00e9cnica Dimensiones Alto x Ancho x Fondo mm 125 x 50 x 33,5 (con bater\u00eda fina) Peso (g) 170 (s\u00f3lo radio) Bandas de frecuencia (MHz) 380-430\/806-870 Ancho de banda de canal de RF (kHz) 25 Separaci\u00f3n de &hellip;<\/p>\n<p class=\"read-more\"> <a class=\"\" href=\"https:\/\/www.juma.es\/tienda\/producto\/walkie-motorola-mtp850-con-gps\"> <span class=\"screen-reader-text\">Walkie motorola MTP850 con GPS<\/span> Leer m\u00e1s &raquo;<\/a><\/p>\n","protected":false},"featured_media":268,"comment_status":"open","ping_status":"closed","template":"","meta":{"site-sidebar-layout":"default","site-content-layout":"default","ast-global-header-display":"","ast-main-header-display":"","ast-hfb-above-header-display":"","ast-hfb-below-header-display":"","ast-hfb-mobile-header-display":"","site-post-title":"","ast-breadcrumbs-content":"","ast-featured-img":"","footer-sml-layout":"","theme-transparent-header-meta":"","adv-header-id-meta":"","stick-header-meta":"","header-above-stick-meta":"","header-main-stick-meta":"","header-below-stick-meta":""},"product_cat":[75],"product_tag":[],"yoast_head":"<!-- This site is optimized with the Yoast SEO plugin v20.2.1 - https:\/\/yoast.com\/wordpress\/plugins\/seo\/ -->\n<title>Walkie motorola MTP850 con GPS - Tienda Juma<\/title>\n<meta name=\"robots\" content=\"index, follow, max-snippet:-1, max-image-preview:large, max-video-preview:-1\" \/>\n<link rel=\"canonical\" href=\"https:\/\/www.juma.es\/tienda\/producto\/walkie-motorola-mtp850-con-gps\" \/>\n<meta property=\"og:locale\" content=\"es_ES\" \/>\n<meta property=\"og:type\" content=\"article\" \/>\n<meta property=\"og:title\" content=\"Walkie motorola MTP850 con GPS - Tienda Juma\" \/>\n<meta property=\"og:description\" content=\"Descripci\u00f3n H60PCN6TZ5N GPS ACTIVO (QA00177)BATERIA Lion 1850mAh (QA00154)ANTENA CORTA DUAL (QA00257) CLIP CINTURON 2&#8243; (QA00165)MANUAL DE USUARIO Ficha t\u00e9cnica Dimensiones Alto x Ancho x Fondo mm 125 x 50 x 33,5 (con bater\u00eda fina) Peso (g) 170 (s\u00f3lo radio) Bandas de frecuencia (MHz) 380-430\/806-870 Ancho de banda de canal de RF (kHz) 25 Separaci\u00f3n de &hellip; Walkie motorola MTP850 con GPS Leer m\u00e1s &raquo;\" \/>\n<meta property=\"og:url\" content=\"https:\/\/www.juma.es\/tienda\/producto\/walkie-motorola-mtp850-con-gps\" \/>\n<meta property=\"og:site_name\" content=\"Tienda Juma\" \/>\n<meta property=\"og:image\" content=\"https:\/\/www.juma.es\/tienda\/wp-content\/uploads\/2019\/06\/127-Walkie-motorola-MTP850-con-GPS.jpg\" \/>\n\t<meta property=\"og:image:width\" content=\"372\" \/>\n\t<meta property=\"og:image:height\" content=\"378\" \/>\n\t<meta property=\"og:image:type\" content=\"image\/jpeg\" \/>\n<meta name=\"twitter:card\" content=\"summary_large_image\" \/>\n<meta name=\"twitter:label1\" content=\"Tiempo de lectura\" \/>\n\t<meta name=\"twitter:data1\" content=\"1 minuto\" \/>\n<script type=\"application\/ld+json\" class=\"yoast-schema-graph\">{\"@context\":\"https:\/\/schema.org\",\"@graph\":[{\"@type\":\"WebPage\",\"@id\":\"https:\/\/www.juma.es\/tienda\/producto\/walkie-motorola-mtp850-con-gps\",\"url\":\"https:\/\/www.juma.es\/tienda\/producto\/walkie-motorola-mtp850-con-gps\",\"name\":\"Walkie motorola MTP850 con GPS - Tienda Juma\",\"isPartOf\":{\"@id\":\"https:\/\/www.juma.es\/tienda\/#website\"},\"datePublished\":\"2019-06-11T19:28:18+00:00\",\"dateModified\":\"2019-06-11T19:28:18+00:00\",\"breadcrumb\":{\"@id\":\"https:\/\/www.juma.es\/tienda\/producto\/walkie-motorola-mtp850-con-gps#breadcrumb\"},\"inLanguage\":\"es\",\"potentialAction\":[{\"@type\":\"ReadAction\",\"target\":[\"https:\/\/www.juma.es\/tienda\/producto\/walkie-motorola-mtp850-con-gps\"]}]},{\"@type\":\"BreadcrumbList\",\"@id\":\"https:\/\/www.juma.es\/tienda\/producto\/walkie-motorola-mtp850-con-gps#breadcrumb\",\"itemListElement\":[{\"@type\":\"ListItem\",\"position\":1,\"name\":\"Portada\",\"item\":\"https:\/\/www.juma.es\/tienda\/\"},{\"@type\":\"ListItem\",\"position\":2,\"name\":\"Tienda\",\"item\":\"https:\/\/www.juma.es\/tienda\/tienda\"},{\"@type\":\"ListItem\",\"position\":3,\"name\":\"Walkie motorola MTP850 con GPS\"}]},{\"@type\":\"WebSite\",\"@id\":\"https:\/\/www.juma.es\/tienda\/#website\",\"url\":\"https:\/\/www.juma.es\/tienda\/\",\"name\":\"Tienda Juma\",\"description\":\"Tienda de seguridad y emergencia\",\"publisher\":{\"@id\":\"https:\/\/www.juma.es\/tienda\/#organization\"},\"potentialAction\":[{\"@type\":\"SearchAction\",\"target\":{\"@type\":\"EntryPoint\",\"urlTemplate\":\"https:\/\/www.juma.es\/tienda\/?s={search_term_string}\"},\"query-input\":\"required name=search_term_string\"}],\"inLanguage\":\"es\"},{\"@type\":\"Organization\",\"@id\":\"https:\/\/www.juma.es\/tienda\/#organization\",\"name\":\"Tienda Juma\",\"url\":\"https:\/\/www.juma.es\/tienda\/\",\"logo\":{\"@type\":\"ImageObject\",\"inLanguage\":\"es\",\"@id\":\"https:\/\/www.juma.es\/tienda\/#\/schema\/logo\/image\/\",\"url\":\"https:\/\/www.juma.es\/tienda\/wp-content\/uploads\/2023\/03\/cropped-Logo-JUMA-2019.png\",\"contentUrl\":\"https:\/\/www.juma.es\/tienda\/wp-content\/uploads\/2023\/03\/cropped-Logo-JUMA-2019.png\",\"width\":653,\"height\":197,\"caption\":\"Tienda Juma\"},\"image\":{\"@id\":\"https:\/\/www.juma.es\/tienda\/#\/schema\/logo\/image\/\"}}]}<\/script>\n<!-- \/ Yoast SEO plugin. -->","yoast_head_json":{"title":"Walkie motorola MTP850 con GPS - Tienda Juma","robots":{"index":"index","follow":"follow","max-snippet":"max-snippet:-1","max-image-preview":"max-image-preview:large","max-video-preview":"max-video-preview:-1"},"canonical":"https:\/\/www.juma.es\/tienda\/producto\/walkie-motorola-mtp850-con-gps","og_locale":"es_ES","og_type":"article","og_title":"Walkie motorola MTP850 con GPS - Tienda Juma","og_description":"Descripci\u00f3n H60PCN6TZ5N GPS ACTIVO (QA00177)BATERIA Lion 1850mAh (QA00154)ANTENA CORTA DUAL (QA00257) CLIP CINTURON 2&#8243; (QA00165)MANUAL DE USUARIO Ficha t\u00e9cnica Dimensiones Alto x Ancho x Fondo mm 125 x 50 x 33,5 (con bater\u00eda fina) Peso (g) 170 (s\u00f3lo radio) Bandas de frecuencia (MHz) 380-430\/806-870 Ancho de banda de canal de RF (kHz) 25 Separaci\u00f3n de &hellip; Walkie motorola MTP850 con GPS Leer m\u00e1s &raquo;","og_url":"https:\/\/www.juma.es\/tienda\/producto\/walkie-motorola-mtp850-con-gps","og_site_name":"Tienda Juma","og_image":[{"width":372,"height":378,"url":"https:\/\/www.juma.es\/tienda\/wp-content\/uploads\/2019\/06\/127-Walkie-motorola-MTP850-con-GPS.jpg","type":"image\/jpeg"}],"twitter_card":"summary_large_image","twitter_misc":{"Tiempo de lectura":"1 minuto"},"schema":{"@context":"https:\/\/schema.org","@graph":[{"@type":"WebPage","@id":"https:\/\/www.juma.es\/tienda\/producto\/walkie-motorola-mtp850-con-gps","url":"https:\/\/www.juma.es\/tienda\/producto\/walkie-motorola-mtp850-con-gps","name":"Walkie motorola MTP850 con GPS - Tienda Juma","isPartOf":{"@id":"https:\/\/www.juma.es\/tienda\/#website"},"datePublished":"2019-06-11T19:28:18+00:00","dateModified":"2019-06-11T19:28:18+00:00","breadcrumb":{"@id":"https:\/\/www.juma.es\/tienda\/producto\/walkie-motorola-mtp850-con-gps#breadcrumb"},"inLanguage":"es","potentialAction":[{"@type":"ReadAction","target":["https:\/\/www.juma.es\/tienda\/producto\/walkie-motorola-mtp850-con-gps"]}]},{"@type":"BreadcrumbList","@id":"https:\/\/www.juma.es\/tienda\/producto\/walkie-motorola-mtp850-con-gps#breadcrumb","itemListElement":[{"@type":"ListItem","position":1,"name":"Portada","item":"https:\/\/www.juma.es\/tienda\/"},{"@type":"ListItem","position":2,"name":"Tienda","item":"https:\/\/www.juma.es\/tienda\/tienda"},{"@type":"ListItem","position":3,"name":"Walkie motorola MTP850 con GPS"}]},{"@type":"WebSite","@id":"https:\/\/www.juma.es\/tienda\/#website","url":"https:\/\/www.juma.es\/tienda\/","name":"Tienda Juma","description":"Tienda de seguridad y emergencia","publisher":{"@id":"https:\/\/www.juma.es\/tienda\/#organization"},"potentialAction":[{"@type":"SearchAction","target":{"@type":"EntryPoint","urlTemplate":"https:\/\/www.juma.es\/tienda\/?s={search_term_string}"},"query-input":"required name=search_term_string"}],"inLanguage":"es"},{"@type":"Organization","@id":"https:\/\/www.juma.es\/tienda\/#organization","name":"Tienda Juma","url":"https:\/\/www.juma.es\/tienda\/","logo":{"@type":"ImageObject","inLanguage":"es","@id":"https:\/\/www.juma.es\/tienda\/#\/schema\/logo\/image\/","url":"https:\/\/www.juma.es\/tienda\/wp-content\/uploads\/2023\/03\/cropped-Logo-JUMA-2019.png","contentUrl":"https:\/\/www.juma.es\/tienda\/wp-content\/uploads\/2023\/03\/cropped-Logo-JUMA-2019.png","width":653,"height":197,"caption":"Tienda Juma"},"image":{"@id":"https:\/\/www.juma.es\/tienda\/#\/schema\/logo\/image\/"}}]}},"_links":{"self":[{"href":"https:\/\/www.juma.es\/tienda\/wp-json\/wp\/v2\/product\/269"}],"collection":[{"href":"https:\/\/www.juma.es\/tienda\/wp-json\/wp\/v2\/product"}],"about":[{"href":"https:\/\/www.juma.es\/tienda\/wp-json\/wp\/v2\/types\/product"}],"replies":[{"embeddable":true,"href":"https:\/\/www.juma.es\/tienda\/wp-json\/wp\/v2\/comments?post=269"}],"version-history":[{"count":0,"href":"https:\/\/www.juma.es\/tienda\/wp-json\/wp\/v2\/product\/269\/revisions"}],"wp:featuredmedia":[{"embeddable":true,"href":"https:\/\/www.juma.es\/tienda\/wp-json\/wp\/v2\/media\/268"}],"wp:attachment":[{"href":"https:\/\/www.juma.es\/tienda\/wp-json\/wp\/v2\/media?parent=269"}],"wp:term":[{"taxonomy":"product_cat","embeddable":true,"href":"https:\/\/www.juma.es\/tienda\/wp-json\/wp\/v2\/product_cat?post=269"},{"taxonomy":"product_tag","embeddable":true,"href":"https:\/\/www.juma.es\/tienda\/wp-json\/wp\/v2\/product_tag?post=269"}],"curies":[{"name":"wp","href":"https:\/\/api.w.org\/{rel}","templated":true}]}}