{"id":261,"date":"2019-06-11T19:28:08","date_gmt":"2019-06-11T19:28:08","guid":{"rendered":"http:\/\/juma.centraldemarketing.es\/producto\/walkie-motorola-sl4010-digital-uhf"},"modified":"2019-06-11T19:28:08","modified_gmt":"2019-06-11T19:28:08","slug":"walkie-motorola-sl4010-digital-uhf","status":"publish","type":"product","link":"https:\/\/www.juma.es\/tienda\/producto\/walkie-motorola-sl4010-digital-uhf","title":{"rendered":"Walkie motorola SL4010 DIGITAL UHF"},"content":{"rendered":"<dl>\n<dt>Descripci\u00f3n<\/dt>\n<dd>\n<p><span>MDH81QCN9NA2AN<\/span><\/p>\n<p>BLUETOOH INCORPORADO<br \/>PTT<br \/>1000 CANALES<\/p>\n<\/p>\n<\/dd>\n<dt>Ficha t\u00e9cnica<\/dt>\n<dd>\n<ul>\n<li><span>403-470 Mhz; 2W; IP54 <\/span><\/li>\n<li><span>Dise\u00f1o delgado y elegante <\/span><\/li>\n<li><span>Hasta 1000 canales <\/span><\/li>\n<li><span>Audio de calidad, claro y fuerte gracias a 2 altavoces internos<\/span><\/li>\n<li>Indicador LED tricolor<\/li>\n<li>PTT<\/li>\n<li>Pad de navegaci\u00f3n para moverse entre men\u00fas y canales<\/li>\n<li>2 Botones programables para acceder r\u00a0pido a caracter\u00edsticas usadas frecuentemente; capacidad para programar hasta 9 de tus caracter\u00edsticas favoritas en un solo bot\u00f3n programable.<\/li>\n<li>Bluetooth incorporado para conexi\u00f3n inal\u00a0mbrica y transmisi\u00f3n de datos<\/li>\n<li>Sensor de luz para autoajuste de iluminaci\u00f3n de la pantalla<\/li>\n<li>Gran display, alta definici\u00f3n, 5 l\u00edneas<\/li>\n<li>Audio inteligente que autom\u00a0ticamente ajusta el volumen de la radio de acuerdo al nivel de ruido del ambiente<\/li>\n<li>Dise\u00f1o innovador de la antena que optima la cobertura<\/li>\n<\/ul>\n<\/dd>\n<dt>Documentaci\u00f3n<\/dt>\n<dd>\n<p>Aqu\u00ed podr\u00e1 encontrar los documentos.<\/p>\n<p><a title=\"Documentaci\u00f3n t\u00e9cnica Motorola.\" href=\"http:\/\/wadda.es\/juma\/descargas\/esp_mototrbo_slseries.pdf\" target=\"_blank\" rel=\"noreferrer noopener\"><img decoding=\"async\" title=\"Descargar Documentaci\u00f3n.\" src=\"http:\/\/static.tiendy.com\/shops\/juma\/uploads\/descarga_documentacion.png\" alt=\"Descarga de documentaci\u00f3n t\u00e9cnica.\" \/><\/a><\/p>\n<\/p>\n<\/dd>\n<\/dl>\n","protected":false},"excerpt":{"rendered":"<p>Descripci\u00f3n MDH81QCN9NA2AN BLUETOOH INCORPORADOPTT1000 CANALES Ficha t\u00e9cnica 403-470 Mhz; 2W; IP54 Dise\u00f1o delgado y elegante Hasta 1000 canales Audio de calidad, claro y fuerte gracias a 2 altavoces internos Indicador LED tricolor PTT Pad de navegaci\u00f3n para moverse entre men\u00fas y canales 2 Botones programables para acceder r\u00a0pido a caracter\u00edsticas usadas frecuentemente; capacidad para programar &hellip;<\/p>\n<p class=\"read-more\"> <a class=\"\" href=\"https:\/\/www.juma.es\/tienda\/producto\/walkie-motorola-sl4010-digital-uhf\"> <span class=\"screen-reader-text\">Walkie motorola SL4010 DIGITAL UHF<\/span> Leer m\u00e1s &raquo;<\/a><\/p>\n","protected":false},"featured_media":260,"comment_status":"open","ping_status":"closed","template":"","meta":{"site-sidebar-layout":"default","site-content-layout":"default","ast-global-header-display":"","ast-main-header-display":"","ast-hfb-above-header-display":"","ast-hfb-below-header-display":"","ast-hfb-mobile-header-display":"","site-post-title":"","ast-breadcrumbs-content":"","ast-featured-img":"","footer-sml-layout":"","theme-transparent-header-meta":"","adv-header-id-meta":"","stick-header-meta":"","header-above-stick-meta":"","header-main-stick-meta":"","header-below-stick-meta":""},"product_cat":[75],"product_tag":[],"yoast_head":"<!-- This site is optimized with the Yoast SEO plugin v20.2.1 - https:\/\/yoast.com\/wordpress\/plugins\/seo\/ -->\n<title>Walkie motorola SL4010 DIGITAL UHF - Tienda Juma<\/title>\n<meta name=\"robots\" content=\"index, follow, max-snippet:-1, max-image-preview:large, max-video-preview:-1\" \/>\n<link rel=\"canonical\" href=\"https:\/\/www.juma.es\/tienda\/producto\/walkie-motorola-sl4010-digital-uhf\" \/>\n<meta property=\"og:locale\" content=\"es_ES\" \/>\n<meta property=\"og:type\" content=\"article\" \/>\n<meta property=\"og:title\" content=\"Walkie motorola SL4010 DIGITAL UHF - Tienda Juma\" \/>\n<meta property=\"og:description\" content=\"Descripci\u00f3n MDH81QCN9NA2AN BLUETOOH INCORPORADOPTT1000 CANALES Ficha t\u00e9cnica 403-470 Mhz; 2W; IP54 Dise\u00f1o delgado y elegante Hasta 1000 canales Audio de calidad, claro y fuerte gracias a 2 altavoces internos Indicador LED tricolor PTT Pad de navegaci\u00f3n para moverse entre men\u00fas y canales 2 Botones programables para acceder r\u00a0pido a caracter\u00edsticas usadas frecuentemente; capacidad para programar &hellip; Walkie motorola SL4010 DIGITAL UHF Leer m\u00e1s &raquo;\" \/>\n<meta property=\"og:url\" content=\"https:\/\/www.juma.es\/tienda\/producto\/walkie-motorola-sl4010-digital-uhf\" \/>\n<meta property=\"og:site_name\" content=\"Tienda Juma\" \/>\n<meta property=\"og:image\" content=\"https:\/\/www.juma.es\/tienda\/wp-content\/uploads\/2019\/06\/123-Walkie-motorola-SL4010-DIGITAL-UHF.jpg\" \/>\n\t<meta property=\"og:image:width\" content=\"372\" \/>\n\t<meta property=\"og:image:height\" content=\"378\" \/>\n\t<meta property=\"og:image:type\" content=\"image\/jpeg\" \/>\n<meta name=\"twitter:card\" content=\"summary_large_image\" \/>\n<meta name=\"twitter:label1\" content=\"Tiempo de lectura\" \/>\n\t<meta name=\"twitter:data1\" content=\"1 minuto\" \/>\n<script type=\"application\/ld+json\" class=\"yoast-schema-graph\">{\"@context\":\"https:\/\/schema.org\",\"@graph\":[{\"@type\":\"WebPage\",\"@id\":\"https:\/\/www.juma.es\/tienda\/producto\/walkie-motorola-sl4010-digital-uhf\",\"url\":\"https:\/\/www.juma.es\/tienda\/producto\/walkie-motorola-sl4010-digital-uhf\",\"name\":\"Walkie motorola SL4010 DIGITAL UHF - Tienda Juma\",\"isPartOf\":{\"@id\":\"https:\/\/www.juma.es\/tienda\/#website\"},\"datePublished\":\"2019-06-11T19:28:08+00:00\",\"dateModified\":\"2019-06-11T19:28:08+00:00\",\"breadcrumb\":{\"@id\":\"https:\/\/www.juma.es\/tienda\/producto\/walkie-motorola-sl4010-digital-uhf#breadcrumb\"},\"inLanguage\":\"es\",\"potentialAction\":[{\"@type\":\"ReadAction\",\"target\":[\"https:\/\/www.juma.es\/tienda\/producto\/walkie-motorola-sl4010-digital-uhf\"]}]},{\"@type\":\"BreadcrumbList\",\"@id\":\"https:\/\/www.juma.es\/tienda\/producto\/walkie-motorola-sl4010-digital-uhf#breadcrumb\",\"itemListElement\":[{\"@type\":\"ListItem\",\"position\":1,\"name\":\"Portada\",\"item\":\"https:\/\/www.juma.es\/tienda\/\"},{\"@type\":\"ListItem\",\"position\":2,\"name\":\"Tienda\",\"item\":\"https:\/\/www.juma.es\/tienda\/tienda\"},{\"@type\":\"ListItem\",\"position\":3,\"name\":\"Walkie motorola SL4010 DIGITAL UHF\"}]},{\"@type\":\"WebSite\",\"@id\":\"https:\/\/www.juma.es\/tienda\/#website\",\"url\":\"https:\/\/www.juma.es\/tienda\/\",\"name\":\"Tienda Juma\",\"description\":\"Tienda de seguridad y emergencia\",\"publisher\":{\"@id\":\"https:\/\/www.juma.es\/tienda\/#organization\"},\"potentialAction\":[{\"@type\":\"SearchAction\",\"target\":{\"@type\":\"EntryPoint\",\"urlTemplate\":\"https:\/\/www.juma.es\/tienda\/?s={search_term_string}\"},\"query-input\":\"required name=search_term_string\"}],\"inLanguage\":\"es\"},{\"@type\":\"Organization\",\"@id\":\"https:\/\/www.juma.es\/tienda\/#organization\",\"name\":\"Tienda Juma\",\"url\":\"https:\/\/www.juma.es\/tienda\/\",\"logo\":{\"@type\":\"ImageObject\",\"inLanguage\":\"es\",\"@id\":\"https:\/\/www.juma.es\/tienda\/#\/schema\/logo\/image\/\",\"url\":\"https:\/\/www.juma.es\/tienda\/wp-content\/uploads\/2023\/03\/cropped-Logo-JUMA-2019.png\",\"contentUrl\":\"https:\/\/www.juma.es\/tienda\/wp-content\/uploads\/2023\/03\/cropped-Logo-JUMA-2019.png\",\"width\":653,\"height\":197,\"caption\":\"Tienda Juma\"},\"image\":{\"@id\":\"https:\/\/www.juma.es\/tienda\/#\/schema\/logo\/image\/\"}}]}<\/script>\n<!-- \/ Yoast SEO plugin. -->","yoast_head_json":{"title":"Walkie motorola SL4010 DIGITAL UHF - Tienda Juma","robots":{"index":"index","follow":"follow","max-snippet":"max-snippet:-1","max-image-preview":"max-image-preview:large","max-video-preview":"max-video-preview:-1"},"canonical":"https:\/\/www.juma.es\/tienda\/producto\/walkie-motorola-sl4010-digital-uhf","og_locale":"es_ES","og_type":"article","og_title":"Walkie motorola SL4010 DIGITAL UHF - Tienda Juma","og_description":"Descripci\u00f3n MDH81QCN9NA2AN BLUETOOH INCORPORADOPTT1000 CANALES Ficha t\u00e9cnica 403-470 Mhz; 2W; IP54 Dise\u00f1o delgado y elegante Hasta 1000 canales Audio de calidad, claro y fuerte gracias a 2 altavoces internos Indicador LED tricolor PTT Pad de navegaci\u00f3n para moverse entre men\u00fas y canales 2 Botones programables para acceder r\u00a0pido a caracter\u00edsticas usadas frecuentemente; capacidad para programar &hellip; Walkie motorola SL4010 DIGITAL UHF Leer m\u00e1s &raquo;","og_url":"https:\/\/www.juma.es\/tienda\/producto\/walkie-motorola-sl4010-digital-uhf","og_site_name":"Tienda Juma","og_image":[{"width":372,"height":378,"url":"https:\/\/www.juma.es\/tienda\/wp-content\/uploads\/2019\/06\/123-Walkie-motorola-SL4010-DIGITAL-UHF.jpg","type":"image\/jpeg"}],"twitter_card":"summary_large_image","twitter_misc":{"Tiempo de lectura":"1 minuto"},"schema":{"@context":"https:\/\/schema.org","@graph":[{"@type":"WebPage","@id":"https:\/\/www.juma.es\/tienda\/producto\/walkie-motorola-sl4010-digital-uhf","url":"https:\/\/www.juma.es\/tienda\/producto\/walkie-motorola-sl4010-digital-uhf","name":"Walkie motorola SL4010 DIGITAL UHF - Tienda Juma","isPartOf":{"@id":"https:\/\/www.juma.es\/tienda\/#website"},"datePublished":"2019-06-11T19:28:08+00:00","dateModified":"2019-06-11T19:28:08+00:00","breadcrumb":{"@id":"https:\/\/www.juma.es\/tienda\/producto\/walkie-motorola-sl4010-digital-uhf#breadcrumb"},"inLanguage":"es","potentialAction":[{"@type":"ReadAction","target":["https:\/\/www.juma.es\/tienda\/producto\/walkie-motorola-sl4010-digital-uhf"]}]},{"@type":"BreadcrumbList","@id":"https:\/\/www.juma.es\/tienda\/producto\/walkie-motorola-sl4010-digital-uhf#breadcrumb","itemListElement":[{"@type":"ListItem","position":1,"name":"Portada","item":"https:\/\/www.juma.es\/tienda\/"},{"@type":"ListItem","position":2,"name":"Tienda","item":"https:\/\/www.juma.es\/tienda\/tienda"},{"@type":"ListItem","position":3,"name":"Walkie motorola SL4010 DIGITAL UHF"}]},{"@type":"WebSite","@id":"https:\/\/www.juma.es\/tienda\/#website","url":"https:\/\/www.juma.es\/tienda\/","name":"Tienda Juma","description":"Tienda de seguridad y emergencia","publisher":{"@id":"https:\/\/www.juma.es\/tienda\/#organization"},"potentialAction":[{"@type":"SearchAction","target":{"@type":"EntryPoint","urlTemplate":"https:\/\/www.juma.es\/tienda\/?s={search_term_string}"},"query-input":"required name=search_term_string"}],"inLanguage":"es"},{"@type":"Organization","@id":"https:\/\/www.juma.es\/tienda\/#organization","name":"Tienda Juma","url":"https:\/\/www.juma.es\/tienda\/","logo":{"@type":"ImageObject","inLanguage":"es","@id":"https:\/\/www.juma.es\/tienda\/#\/schema\/logo\/image\/","url":"https:\/\/www.juma.es\/tienda\/wp-content\/uploads\/2023\/03\/cropped-Logo-JUMA-2019.png","contentUrl":"https:\/\/www.juma.es\/tienda\/wp-content\/uploads\/2023\/03\/cropped-Logo-JUMA-2019.png","width":653,"height":197,"caption":"Tienda Juma"},"image":{"@id":"https:\/\/www.juma.es\/tienda\/#\/schema\/logo\/image\/"}}]}},"_links":{"self":[{"href":"https:\/\/www.juma.es\/tienda\/wp-json\/wp\/v2\/product\/261"}],"collection":[{"href":"https:\/\/www.juma.es\/tienda\/wp-json\/wp\/v2\/product"}],"about":[{"href":"https:\/\/www.juma.es\/tienda\/wp-json\/wp\/v2\/types\/product"}],"replies":[{"embeddable":true,"href":"https:\/\/www.juma.es\/tienda\/wp-json\/wp\/v2\/comments?post=261"}],"version-history":[{"count":0,"href":"https:\/\/www.juma.es\/tienda\/wp-json\/wp\/v2\/product\/261\/revisions"}],"wp:featuredmedia":[{"embeddable":true,"href":"https:\/\/www.juma.es\/tienda\/wp-json\/wp\/v2\/media\/260"}],"wp:attachment":[{"href":"https:\/\/www.juma.es\/tienda\/wp-json\/wp\/v2\/media?parent=261"}],"wp:term":[{"taxonomy":"product_cat","embeddable":true,"href":"https:\/\/www.juma.es\/tienda\/wp-json\/wp\/v2\/product_cat?post=261"},{"taxonomy":"product_tag","embeddable":true,"href":"https:\/\/www.juma.es\/tienda\/wp-json\/wp\/v2\/product_tag?post=261"}],"curies":[{"name":"wp","href":"https:\/\/api.w.org\/{rel}","templated":true}]}}