{"id":219,"date":"2019-06-11T19:27:26","date_gmt":"2019-06-11T19:27:26","guid":{"rendered":"http:\/\/juma.centraldemarketing.es\/producto\/emisora-motorola-cm5000-tetra"},"modified":"2019-06-11T19:27:26","modified_gmt":"2019-06-11T19:27:26","slug":"emisora-motorola-cm5000-tetra","status":"publish","type":"product","link":"https:\/\/www.juma.es\/tienda\/producto\/emisora-motorola-cm5000-tetra","title":{"rendered":"Emisora Motorola CM5000 TETRA"},"content":{"rendered":"<dl>\n<dt>Descripci\u00f3n<\/dt>\n<dd>\n<p><span>M31PCN6TZ5AN<\/span><\/p>\n<p>Emisora Motorola CM5000 TETRA<\/p>\n<\/dd>\n<dt>Ficha t\u00e9cnica<\/dt>\n<dd>\n<ul>\n<li>380-430 MHz<\/li>\n<li>Con GATEWAY activado<\/li>\n<li>Con REPEATER activado<\/li>\n<li>Con m\u00f3dulo GPS interno \/ activado<\/li>\n<li>Micr\u00f3fono compacto<\/li>\n<li>Brida de montaje de perfil alto GLN7317<\/li>\n<li>Cable de alimentaci\u00f3n 3m<\/li>\n<li>Altavoz 5W con cable y conector<\/li>\n<li>Gu\u00eda r\u00a0pida de manejo (espa\u00f1ol)<\/li>\n<li>Paquete de idiomas<\/li>\n<\/ul>\n<\/dd>\n<dt>Documentaci\u00f3n<\/dt>\n<dd>\n<p>Aqu\u00ed la documentaci\u00f3n disponible:<\/p>\n<p><a title=\"Documentaci\u00f3n t\u00e9cnica Motorola\" href=\"http:\/\/static.tiendy.com\/shops\/juma\/uploads\/cm-5000.pdf\" target=\"_blank\" rel=\"noreferrer noopener\"><img decoding=\"async\" title=\"Descargar Documentaci\u00f3n\" src=\"http:\/\/static.tiendy.com\/shops\/juma\/uploads\/descarga_documentacion.png\" alt=\"Descargar Documentaci\u00f3n t\u00e9cnica\" \/><\/a><\/p>\n<\/dd>\n<\/dl>\n","protected":false},"excerpt":{"rendered":"<p>Descripci\u00f3n M31PCN6TZ5AN Emisora Motorola CM5000 TETRA Ficha t\u00e9cnica 380-430 MHz Con GATEWAY activado Con REPEATER activado Con m\u00f3dulo GPS interno \/ activado Micr\u00f3fono compacto Brida de montaje de perfil alto GLN7317 Cable de alimentaci\u00f3n 3m Altavoz 5W con cable y conector Gu\u00eda r\u00a0pida de manejo (espa\u00f1ol) Paquete de idiomas Documentaci\u00f3n Aqu\u00ed la documentaci\u00f3n disponible:<\/p>\n","protected":false},"featured_media":218,"comment_status":"open","ping_status":"closed","template":"","meta":{"site-sidebar-layout":"default","site-content-layout":"default","ast-global-header-display":"","ast-main-header-display":"","ast-hfb-above-header-display":"","ast-hfb-below-header-display":"","ast-hfb-mobile-header-display":"","site-post-title":"","ast-breadcrumbs-content":"","ast-featured-img":"","footer-sml-layout":"","theme-transparent-header-meta":"","adv-header-id-meta":"","stick-header-meta":"","header-above-stick-meta":"","header-main-stick-meta":"","header-below-stick-meta":""},"product_cat":[57],"product_tag":[],"yoast_head":"<!-- This site is optimized with the Yoast SEO plugin v20.2.1 - https:\/\/yoast.com\/wordpress\/plugins\/seo\/ -->\n<title>Emisora Motorola CM5000 TETRA - Tienda Juma<\/title>\n<meta name=\"robots\" content=\"index, follow, max-snippet:-1, max-image-preview:large, max-video-preview:-1\" \/>\n<link rel=\"canonical\" href=\"https:\/\/www.juma.es\/tienda\/producto\/emisora-motorola-cm5000-tetra\" \/>\n<meta property=\"og:locale\" content=\"es_ES\" \/>\n<meta property=\"og:type\" content=\"article\" \/>\n<meta property=\"og:title\" content=\"Emisora Motorola CM5000 TETRA - Tienda Juma\" \/>\n<meta property=\"og:description\" content=\"Descripci\u00f3n M31PCN6TZ5AN Emisora Motorola CM5000 TETRA Ficha t\u00e9cnica 380-430 MHz Con GATEWAY activado Con REPEATER activado Con m\u00f3dulo GPS interno \/ activado Micr\u00f3fono compacto Brida de montaje de perfil alto GLN7317 Cable de alimentaci\u00f3n 3m Altavoz 5W con cable y conector Gu\u00eda r\u00a0pida de manejo (espa\u00f1ol) Paquete de idiomas Documentaci\u00f3n Aqu\u00ed la documentaci\u00f3n disponible:\" \/>\n<meta property=\"og:url\" content=\"https:\/\/www.juma.es\/tienda\/producto\/emisora-motorola-cm5000-tetra\" \/>\n<meta property=\"og:site_name\" content=\"Tienda Juma\" \/>\n<meta property=\"og:image\" content=\"https:\/\/www.juma.es\/tienda\/wp-content\/uploads\/2019\/06\/102-Emisora-Motorola-CM5000-TETRA.jpg\" \/>\n\t<meta property=\"og:image:width\" content=\"372\" \/>\n\t<meta property=\"og:image:height\" content=\"378\" \/>\n\t<meta property=\"og:image:type\" content=\"image\/jpeg\" \/>\n<meta name=\"twitter:card\" content=\"summary_large_image\" \/>\n<script type=\"application\/ld+json\" class=\"yoast-schema-graph\">{\"@context\":\"https:\/\/schema.org\",\"@graph\":[{\"@type\":\"WebPage\",\"@id\":\"https:\/\/www.juma.es\/tienda\/producto\/emisora-motorola-cm5000-tetra\",\"url\":\"https:\/\/www.juma.es\/tienda\/producto\/emisora-motorola-cm5000-tetra\",\"name\":\"Emisora Motorola CM5000 TETRA - Tienda Juma\",\"isPartOf\":{\"@id\":\"https:\/\/www.juma.es\/tienda\/#website\"},\"datePublished\":\"2019-06-11T19:27:26+00:00\",\"dateModified\":\"2019-06-11T19:27:26+00:00\",\"breadcrumb\":{\"@id\":\"https:\/\/www.juma.es\/tienda\/producto\/emisora-motorola-cm5000-tetra#breadcrumb\"},\"inLanguage\":\"es\",\"potentialAction\":[{\"@type\":\"ReadAction\",\"target\":[\"https:\/\/www.juma.es\/tienda\/producto\/emisora-motorola-cm5000-tetra\"]}]},{\"@type\":\"BreadcrumbList\",\"@id\":\"https:\/\/www.juma.es\/tienda\/producto\/emisora-motorola-cm5000-tetra#breadcrumb\",\"itemListElement\":[{\"@type\":\"ListItem\",\"position\":1,\"name\":\"Portada\",\"item\":\"https:\/\/www.juma.es\/tienda\/\"},{\"@type\":\"ListItem\",\"position\":2,\"name\":\"Tienda\",\"item\":\"https:\/\/www.juma.es\/tienda\/tienda\"},{\"@type\":\"ListItem\",\"position\":3,\"name\":\"Emisora Motorola CM5000 TETRA\"}]},{\"@type\":\"WebSite\",\"@id\":\"https:\/\/www.juma.es\/tienda\/#website\",\"url\":\"https:\/\/www.juma.es\/tienda\/\",\"name\":\"Tienda Juma\",\"description\":\"Tienda de seguridad y emergencia\",\"publisher\":{\"@id\":\"https:\/\/www.juma.es\/tienda\/#organization\"},\"potentialAction\":[{\"@type\":\"SearchAction\",\"target\":{\"@type\":\"EntryPoint\",\"urlTemplate\":\"https:\/\/www.juma.es\/tienda\/?s={search_term_string}\"},\"query-input\":\"required name=search_term_string\"}],\"inLanguage\":\"es\"},{\"@type\":\"Organization\",\"@id\":\"https:\/\/www.juma.es\/tienda\/#organization\",\"name\":\"Tienda Juma\",\"url\":\"https:\/\/www.juma.es\/tienda\/\",\"logo\":{\"@type\":\"ImageObject\",\"inLanguage\":\"es\",\"@id\":\"https:\/\/www.juma.es\/tienda\/#\/schema\/logo\/image\/\",\"url\":\"https:\/\/www.juma.es\/tienda\/wp-content\/uploads\/2023\/03\/cropped-Logo-JUMA-2019.png\",\"contentUrl\":\"https:\/\/www.juma.es\/tienda\/wp-content\/uploads\/2023\/03\/cropped-Logo-JUMA-2019.png\",\"width\":653,\"height\":197,\"caption\":\"Tienda Juma\"},\"image\":{\"@id\":\"https:\/\/www.juma.es\/tienda\/#\/schema\/logo\/image\/\"}}]}<\/script>\n<!-- \/ Yoast SEO plugin. -->","yoast_head_json":{"title":"Emisora Motorola CM5000 TETRA - Tienda Juma","robots":{"index":"index","follow":"follow","max-snippet":"max-snippet:-1","max-image-preview":"max-image-preview:large","max-video-preview":"max-video-preview:-1"},"canonical":"https:\/\/www.juma.es\/tienda\/producto\/emisora-motorola-cm5000-tetra","og_locale":"es_ES","og_type":"article","og_title":"Emisora Motorola CM5000 TETRA - Tienda Juma","og_description":"Descripci\u00f3n M31PCN6TZ5AN Emisora Motorola CM5000 TETRA Ficha t\u00e9cnica 380-430 MHz Con GATEWAY activado Con REPEATER activado Con m\u00f3dulo GPS interno \/ activado Micr\u00f3fono compacto Brida de montaje de perfil alto GLN7317 Cable de alimentaci\u00f3n 3m Altavoz 5W con cable y conector Gu\u00eda r\u00a0pida de manejo (espa\u00f1ol) Paquete de idiomas Documentaci\u00f3n Aqu\u00ed la documentaci\u00f3n disponible:","og_url":"https:\/\/www.juma.es\/tienda\/producto\/emisora-motorola-cm5000-tetra","og_site_name":"Tienda Juma","og_image":[{"width":372,"height":378,"url":"https:\/\/www.juma.es\/tienda\/wp-content\/uploads\/2019\/06\/102-Emisora-Motorola-CM5000-TETRA.jpg","type":"image\/jpeg"}],"twitter_card":"summary_large_image","schema":{"@context":"https:\/\/schema.org","@graph":[{"@type":"WebPage","@id":"https:\/\/www.juma.es\/tienda\/producto\/emisora-motorola-cm5000-tetra","url":"https:\/\/www.juma.es\/tienda\/producto\/emisora-motorola-cm5000-tetra","name":"Emisora Motorola CM5000 TETRA - Tienda Juma","isPartOf":{"@id":"https:\/\/www.juma.es\/tienda\/#website"},"datePublished":"2019-06-11T19:27:26+00:00","dateModified":"2019-06-11T19:27:26+00:00","breadcrumb":{"@id":"https:\/\/www.juma.es\/tienda\/producto\/emisora-motorola-cm5000-tetra#breadcrumb"},"inLanguage":"es","potentialAction":[{"@type":"ReadAction","target":["https:\/\/www.juma.es\/tienda\/producto\/emisora-motorola-cm5000-tetra"]}]},{"@type":"BreadcrumbList","@id":"https:\/\/www.juma.es\/tienda\/producto\/emisora-motorola-cm5000-tetra#breadcrumb","itemListElement":[{"@type":"ListItem","position":1,"name":"Portada","item":"https:\/\/www.juma.es\/tienda\/"},{"@type":"ListItem","position":2,"name":"Tienda","item":"https:\/\/www.juma.es\/tienda\/tienda"},{"@type":"ListItem","position":3,"name":"Emisora Motorola CM5000 TETRA"}]},{"@type":"WebSite","@id":"https:\/\/www.juma.es\/tienda\/#website","url":"https:\/\/www.juma.es\/tienda\/","name":"Tienda Juma","description":"Tienda de seguridad y emergencia","publisher":{"@id":"https:\/\/www.juma.es\/tienda\/#organization"},"potentialAction":[{"@type":"SearchAction","target":{"@type":"EntryPoint","urlTemplate":"https:\/\/www.juma.es\/tienda\/?s={search_term_string}"},"query-input":"required name=search_term_string"}],"inLanguage":"es"},{"@type":"Organization","@id":"https:\/\/www.juma.es\/tienda\/#organization","name":"Tienda Juma","url":"https:\/\/www.juma.es\/tienda\/","logo":{"@type":"ImageObject","inLanguage":"es","@id":"https:\/\/www.juma.es\/tienda\/#\/schema\/logo\/image\/","url":"https:\/\/www.juma.es\/tienda\/wp-content\/uploads\/2023\/03\/cropped-Logo-JUMA-2019.png","contentUrl":"https:\/\/www.juma.es\/tienda\/wp-content\/uploads\/2023\/03\/cropped-Logo-JUMA-2019.png","width":653,"height":197,"caption":"Tienda Juma"},"image":{"@id":"https:\/\/www.juma.es\/tienda\/#\/schema\/logo\/image\/"}}]}},"_links":{"self":[{"href":"https:\/\/www.juma.es\/tienda\/wp-json\/wp\/v2\/product\/219"}],"collection":[{"href":"https:\/\/www.juma.es\/tienda\/wp-json\/wp\/v2\/product"}],"about":[{"href":"https:\/\/www.juma.es\/tienda\/wp-json\/wp\/v2\/types\/product"}],"replies":[{"embeddable":true,"href":"https:\/\/www.juma.es\/tienda\/wp-json\/wp\/v2\/comments?post=219"}],"version-history":[{"count":0,"href":"https:\/\/www.juma.es\/tienda\/wp-json\/wp\/v2\/product\/219\/revisions"}],"wp:featuredmedia":[{"embeddable":true,"href":"https:\/\/www.juma.es\/tienda\/wp-json\/wp\/v2\/media\/218"}],"wp:attachment":[{"href":"https:\/\/www.juma.es\/tienda\/wp-json\/wp\/v2\/media?parent=219"}],"wp:term":[{"taxonomy":"product_cat","embeddable":true,"href":"https:\/\/www.juma.es\/tienda\/wp-json\/wp\/v2\/product_cat?post=219"},{"taxonomy":"product_tag","embeddable":true,"href":"https:\/\/www.juma.es\/tienda\/wp-json\/wp\/v2\/product_tag?post=219"}],"curies":[{"name":"wp","href":"https:\/\/api.w.org\/{rel}","templated":true}]}}