{"id":159,"date":"2019-06-11T19:26:14","date_gmt":"2019-06-11T19:26:14","guid":{"rendered":"http:\/\/juma.centraldemarketing.es\/producto\/funda-de-piel-motorola-con-enganche-a-cinturon-swivel-de-7-6-cm-cp140"},"modified":"2019-06-11T19:26:14","modified_gmt":"2019-06-11T19:26:14","slug":"funda-de-piel-motorola-con-enganche-a-cinturon-swivel-de-7-6-cm-cp140","status":"publish","type":"product","link":"https:\/\/www.juma.es\/tienda\/producto\/funda-de-piel-motorola-con-enganche-a-cinturon-swivel-de-7-6-cm-cp140","title":{"rendered":"Funda de piel Motorola con enganche a cintur\u00f3n Swivel de 7,6 cm (CP140)"},"content":{"rendered":"<dl>\n<dt><\/dt>\n<dd>\n<p>RLN5385B<\/p>\n<\/dd>\n<dt><\/dt>\n<dd>\n<p>\u00ff<\/p>\n<ul>\n<li>Material: Piel fuerte<\/li>\n<li>Tipo de accesorio: con trabilla de cintur\u00f3n<\/li>\n<li>Swivel: S\u00ed<\/li>\n<li>R\u00a0pido desanclado de radio: S\u00ed<\/li>\n<\/ul>\n<\/dd>\n<dt><\/dt>\n<dd>\n<p><a title=\"catalogo motorola\" href=\"http:\/\/wadda.es\/juma\/descargas\/catalogo%20mtrbo%20accesories%20gb.pdf\"><img decoding=\"async\" title=\"descargar documentacion\" src=\"http:\/\/wadda.es\/juma\/descargas\/descarga_documentacion.png\" alt=\"descargar documentacion\" \/><\/a><\/p>\n<\/dd>\n<\/dl>\n","protected":false},"excerpt":{"rendered":"<p>RLN5385B \u00ff Material: Piel fuerte Tipo de accesorio: con trabilla de cintur\u00f3n Swivel: S\u00ed R\u00a0pido desanclado de radio: S\u00ed<\/p>\n","protected":false},"featured_media":158,"comment_status":"open","ping_status":"closed","template":"","meta":{"site-sidebar-layout":"default","site-content-layout":"default","ast-global-header-display":"","ast-main-header-display":"","ast-hfb-above-header-display":"","ast-hfb-below-header-display":"","ast-hfb-mobile-header-display":"","site-post-title":"","ast-breadcrumbs-content":"","ast-featured-img":"","footer-sml-layout":"","theme-transparent-header-meta":"","adv-header-id-meta":"","stick-header-meta":"","header-above-stick-meta":"","header-main-stick-meta":"","header-below-stick-meta":""},"product_cat":[56],"product_tag":[],"yoast_head":"<!-- This site is optimized with the Yoast SEO plugin v20.2.1 - https:\/\/yoast.com\/wordpress\/plugins\/seo\/ -->\n<title>Funda de piel Motorola con enganche a cintur\u00f3n Swivel de 7,6 cm (CP140) - Tienda Juma<\/title>\n<meta name=\"robots\" content=\"index, follow, max-snippet:-1, max-image-preview:large, max-video-preview:-1\" \/>\n<link rel=\"canonical\" href=\"https:\/\/www.juma.es\/tienda\/producto\/funda-de-piel-motorola-con-enganche-a-cinturon-swivel-de-7-6-cm-cp140\" \/>\n<meta property=\"og:locale\" content=\"es_ES\" \/>\n<meta property=\"og:type\" content=\"article\" \/>\n<meta property=\"og:title\" content=\"Funda de piel Motorola con enganche a cintur\u00f3n Swivel de 7,6 cm (CP140) - Tienda Juma\" \/>\n<meta property=\"og:description\" content=\"RLN5385B \u00ff Material: Piel fuerte Tipo de accesorio: con trabilla de cintur\u00f3n Swivel: S\u00ed R\u00a0pido desanclado de radio: S\u00ed\" \/>\n<meta property=\"og:url\" content=\"https:\/\/www.juma.es\/tienda\/producto\/funda-de-piel-motorola-con-enganche-a-cinturon-swivel-de-7-6-cm-cp140\" \/>\n<meta property=\"og:site_name\" content=\"Tienda Juma\" \/>\n<meta property=\"og:image\" content=\"https:\/\/www.juma.es\/tienda\/wp-content\/uploads\/2019\/06\/70-Funda-de-piel-Motorola-con-enganche-a-cinturon-Swivel-de-76-cm-CP140.jpg\" \/>\n\t<meta property=\"og:image:width\" content=\"567\" \/>\n\t<meta property=\"og:image:height\" content=\"567\" \/>\n\t<meta property=\"og:image:type\" content=\"image\/jpeg\" \/>\n<meta name=\"twitter:card\" content=\"summary_large_image\" \/>\n<script type=\"application\/ld+json\" class=\"yoast-schema-graph\">{\"@context\":\"https:\/\/schema.org\",\"@graph\":[{\"@type\":\"WebPage\",\"@id\":\"https:\/\/www.juma.es\/tienda\/producto\/funda-de-piel-motorola-con-enganche-a-cinturon-swivel-de-7-6-cm-cp140\",\"url\":\"https:\/\/www.juma.es\/tienda\/producto\/funda-de-piel-motorola-con-enganche-a-cinturon-swivel-de-7-6-cm-cp140\",\"name\":\"Funda de piel Motorola con enganche a cintur\u00f3n Swivel de 7,6 cm (CP140) - Tienda Juma\",\"isPartOf\":{\"@id\":\"https:\/\/www.juma.es\/tienda\/#website\"},\"datePublished\":\"2019-06-11T19:26:14+00:00\",\"dateModified\":\"2019-06-11T19:26:14+00:00\",\"breadcrumb\":{\"@id\":\"https:\/\/www.juma.es\/tienda\/producto\/funda-de-piel-motorola-con-enganche-a-cinturon-swivel-de-7-6-cm-cp140#breadcrumb\"},\"inLanguage\":\"es\",\"potentialAction\":[{\"@type\":\"ReadAction\",\"target\":[\"https:\/\/www.juma.es\/tienda\/producto\/funda-de-piel-motorola-con-enganche-a-cinturon-swivel-de-7-6-cm-cp140\"]}]},{\"@type\":\"BreadcrumbList\",\"@id\":\"https:\/\/www.juma.es\/tienda\/producto\/funda-de-piel-motorola-con-enganche-a-cinturon-swivel-de-7-6-cm-cp140#breadcrumb\",\"itemListElement\":[{\"@type\":\"ListItem\",\"position\":1,\"name\":\"Portada\",\"item\":\"https:\/\/www.juma.es\/tienda\/\"},{\"@type\":\"ListItem\",\"position\":2,\"name\":\"Tienda\",\"item\":\"https:\/\/www.juma.es\/tienda\/tienda\"},{\"@type\":\"ListItem\",\"position\":3,\"name\":\"Funda de piel Motorola con enganche a cintur\u00f3n Swivel de 7,6 cm (CP140)\"}]},{\"@type\":\"WebSite\",\"@id\":\"https:\/\/www.juma.es\/tienda\/#website\",\"url\":\"https:\/\/www.juma.es\/tienda\/\",\"name\":\"Tienda Juma\",\"description\":\"Tienda de seguridad y emergencia\",\"publisher\":{\"@id\":\"https:\/\/www.juma.es\/tienda\/#organization\"},\"potentialAction\":[{\"@type\":\"SearchAction\",\"target\":{\"@type\":\"EntryPoint\",\"urlTemplate\":\"https:\/\/www.juma.es\/tienda\/?s={search_term_string}\"},\"query-input\":\"required name=search_term_string\"}],\"inLanguage\":\"es\"},{\"@type\":\"Organization\",\"@id\":\"https:\/\/www.juma.es\/tienda\/#organization\",\"name\":\"Tienda Juma\",\"url\":\"https:\/\/www.juma.es\/tienda\/\",\"logo\":{\"@type\":\"ImageObject\",\"inLanguage\":\"es\",\"@id\":\"https:\/\/www.juma.es\/tienda\/#\/schema\/logo\/image\/\",\"url\":\"https:\/\/www.juma.es\/tienda\/wp-content\/uploads\/2023\/03\/cropped-Logo-JUMA-2019.png\",\"contentUrl\":\"https:\/\/www.juma.es\/tienda\/wp-content\/uploads\/2023\/03\/cropped-Logo-JUMA-2019.png\",\"width\":653,\"height\":197,\"caption\":\"Tienda Juma\"},\"image\":{\"@id\":\"https:\/\/www.juma.es\/tienda\/#\/schema\/logo\/image\/\"}}]}<\/script>\n<!-- \/ Yoast SEO plugin. -->","yoast_head_json":{"title":"Funda de piel Motorola con enganche a cintur\u00f3n Swivel de 7,6 cm (CP140) - Tienda Juma","robots":{"index":"index","follow":"follow","max-snippet":"max-snippet:-1","max-image-preview":"max-image-preview:large","max-video-preview":"max-video-preview:-1"},"canonical":"https:\/\/www.juma.es\/tienda\/producto\/funda-de-piel-motorola-con-enganche-a-cinturon-swivel-de-7-6-cm-cp140","og_locale":"es_ES","og_type":"article","og_title":"Funda de piel Motorola con enganche a cintur\u00f3n Swivel de 7,6 cm (CP140) - Tienda Juma","og_description":"RLN5385B \u00ff Material: Piel fuerte Tipo de accesorio: con trabilla de cintur\u00f3n Swivel: S\u00ed R\u00a0pido desanclado de radio: S\u00ed","og_url":"https:\/\/www.juma.es\/tienda\/producto\/funda-de-piel-motorola-con-enganche-a-cinturon-swivel-de-7-6-cm-cp140","og_site_name":"Tienda Juma","og_image":[{"width":567,"height":567,"url":"https:\/\/www.juma.es\/tienda\/wp-content\/uploads\/2019\/06\/70-Funda-de-piel-Motorola-con-enganche-a-cinturon-Swivel-de-76-cm-CP140.jpg","type":"image\/jpeg"}],"twitter_card":"summary_large_image","schema":{"@context":"https:\/\/schema.org","@graph":[{"@type":"WebPage","@id":"https:\/\/www.juma.es\/tienda\/producto\/funda-de-piel-motorola-con-enganche-a-cinturon-swivel-de-7-6-cm-cp140","url":"https:\/\/www.juma.es\/tienda\/producto\/funda-de-piel-motorola-con-enganche-a-cinturon-swivel-de-7-6-cm-cp140","name":"Funda de piel Motorola con enganche a cintur\u00f3n Swivel de 7,6 cm (CP140) - Tienda Juma","isPartOf":{"@id":"https:\/\/www.juma.es\/tienda\/#website"},"datePublished":"2019-06-11T19:26:14+00:00","dateModified":"2019-06-11T19:26:14+00:00","breadcrumb":{"@id":"https:\/\/www.juma.es\/tienda\/producto\/funda-de-piel-motorola-con-enganche-a-cinturon-swivel-de-7-6-cm-cp140#breadcrumb"},"inLanguage":"es","potentialAction":[{"@type":"ReadAction","target":["https:\/\/www.juma.es\/tienda\/producto\/funda-de-piel-motorola-con-enganche-a-cinturon-swivel-de-7-6-cm-cp140"]}]},{"@type":"BreadcrumbList","@id":"https:\/\/www.juma.es\/tienda\/producto\/funda-de-piel-motorola-con-enganche-a-cinturon-swivel-de-7-6-cm-cp140#breadcrumb","itemListElement":[{"@type":"ListItem","position":1,"name":"Portada","item":"https:\/\/www.juma.es\/tienda\/"},{"@type":"ListItem","position":2,"name":"Tienda","item":"https:\/\/www.juma.es\/tienda\/tienda"},{"@type":"ListItem","position":3,"name":"Funda de piel Motorola con enganche a cintur\u00f3n Swivel de 7,6 cm (CP140)"}]},{"@type":"WebSite","@id":"https:\/\/www.juma.es\/tienda\/#website","url":"https:\/\/www.juma.es\/tienda\/","name":"Tienda Juma","description":"Tienda de seguridad y emergencia","publisher":{"@id":"https:\/\/www.juma.es\/tienda\/#organization"},"potentialAction":[{"@type":"SearchAction","target":{"@type":"EntryPoint","urlTemplate":"https:\/\/www.juma.es\/tienda\/?s={search_term_string}"},"query-input":"required name=search_term_string"}],"inLanguage":"es"},{"@type":"Organization","@id":"https:\/\/www.juma.es\/tienda\/#organization","name":"Tienda Juma","url":"https:\/\/www.juma.es\/tienda\/","logo":{"@type":"ImageObject","inLanguage":"es","@id":"https:\/\/www.juma.es\/tienda\/#\/schema\/logo\/image\/","url":"https:\/\/www.juma.es\/tienda\/wp-content\/uploads\/2023\/03\/cropped-Logo-JUMA-2019.png","contentUrl":"https:\/\/www.juma.es\/tienda\/wp-content\/uploads\/2023\/03\/cropped-Logo-JUMA-2019.png","width":653,"height":197,"caption":"Tienda Juma"},"image":{"@id":"https:\/\/www.juma.es\/tienda\/#\/schema\/logo\/image\/"}}]}},"_links":{"self":[{"href":"https:\/\/www.juma.es\/tienda\/wp-json\/wp\/v2\/product\/159"}],"collection":[{"href":"https:\/\/www.juma.es\/tienda\/wp-json\/wp\/v2\/product"}],"about":[{"href":"https:\/\/www.juma.es\/tienda\/wp-json\/wp\/v2\/types\/product"}],"replies":[{"embeddable":true,"href":"https:\/\/www.juma.es\/tienda\/wp-json\/wp\/v2\/comments?post=159"}],"version-history":[{"count":0,"href":"https:\/\/www.juma.es\/tienda\/wp-json\/wp\/v2\/product\/159\/revisions"}],"wp:featuredmedia":[{"embeddable":true,"href":"https:\/\/www.juma.es\/tienda\/wp-json\/wp\/v2\/media\/158"}],"wp:attachment":[{"href":"https:\/\/www.juma.es\/tienda\/wp-json\/wp\/v2\/media?parent=159"}],"wp:term":[{"taxonomy":"product_cat","embeddable":true,"href":"https:\/\/www.juma.es\/tienda\/wp-json\/wp\/v2\/product_cat?post=159"},{"taxonomy":"product_tag","embeddable":true,"href":"https:\/\/www.juma.es\/tienda\/wp-json\/wp\/v2\/product_tag?post=159"}],"curies":[{"name":"wp","href":"https:\/\/api.w.org\/{rel}","templated":true}]}}