{"id":1168,"date":"2020-04-29T11:14:43","date_gmt":"2020-04-29T11:14:43","guid":{"rendered":"http:\/\/juma.centraldemarketing.es\/producto\/canon-ozono-portatil"},"modified":"2020-04-29T11:14:43","modified_gmt":"2020-04-29T11:14:43","slug":"canon-ozono-portatil","status":"publish","type":"product","link":"https:\/\/www.juma.es\/tienda\/producto\/canon-ozono-portatil","title":{"rendered":"Ca\u00f1\u00f3n ozono port\u00e1til"},"content":{"rendered":"<p><strong>Generador de Ozono\u00a0<\/strong><\/p>\n<p>Modelo port\u00e1til que se puede utilizar en cualquier posici\u00f3n (horizontal\/vertical), e incluso en caso necesario se puede dejar fijo en la instalaci\u00f3n (colocando escuadras de fijaci\u00f3n en pared). Es muy importante dejar libres la entrada de aire (trasera) ya que el ventilador interior del equipo necesita una gran aportaci\u00f3n de aire y si no tiene suficiente distancia a los objetos circundantes, se podr\u00eda cortar el flujo de aire reduciendo la capacidad de actuaci\u00f3n y efectividad del equipo.<\/p>\n<p>Procurar que el lugar donde est\u00e9 situado el equipo est\u00e9 limpio (libre de polvo en suspensi\u00f3n) y sin humedad, ya que es el aire ambiente el que el equipo utiliza para generar el ozono. Un aire sucio o h\u00famedo puede deteriorar las v\u00e1lvulas productoras de ozono, obligando a reducir el tiempo entre mantenimientos (limpieza de v\u00e1lvulas) e incluso podr\u00eda llegar a deteriorarlo. La entrada trasera de aire incorpora un filtro de part\u00edculas (desmontable) que debe ser revisado y limpiado peri\u00f3dicamente, y sustituidos si es necesario.<\/p>\n<p>El Generador de Ozono port\u00e1til se ha construido en una robusta caja con chasis de acero inoxidable y asa para su transporte, est\u00e1 dise\u00f1ado para aplicaciones donde se requiera un generador m\u00f3vil, de alta producci\u00f3n (hasta 4.000 mg\/h m\u00e1x.), pudiendo aprovecharlo tanto para tratamientos de choque como aplicaciones continuadas.<\/p>\n<p>El ozono es un biocida desinfectante enormemente potente y el m\u00e1s eficiente contra todo tipo de microorganismos (virus, bacterias, hongos&#8230;). Su eficacia ha sido comprobada para diversos usos en estudios a lo largo de d\u00e9cadas, habiendo sido contemplada en publicaciones de la OMS, la EPA y la ECHA &#8211; Uni\u00f3n Europea (UE).<\/p>\n<p>Hay que destacar que el ozono no deja residual qu\u00edmico, porque debido a la naturaleza de su mol\u00e9cula se descompone en ox\u00edgeno. El ozono es un biocida desinfectante incluido en el Reglamento (UE) n\u00ba 528\/2012, Reglamento de productos biocidas (BPR) y est\u00e1 incluido en los Art\u00edculos 93\/95, para los tipos de productos 2, 4, 5 y 11.<\/p>\n","protected":false},"excerpt":{"rendered":"<p>Ca\u00f1\u00f3n de ozono para la ventilaci\u00f3n adecuada de los veh\u00edculos, evitando la existencia de virus, bacterias, hongos, compuestos org\u00e1nicos y olores.<\/p>\n","protected":false},"featured_media":1167,"comment_status":"open","ping_status":"closed","template":"","meta":{"site-sidebar-layout":"default","site-content-layout":"default","ast-global-header-display":"","ast-main-header-display":"","ast-hfb-above-header-display":"","ast-hfb-below-header-display":"","ast-hfb-mobile-header-display":"","site-post-title":"","ast-breadcrumbs-content":"","ast-featured-img":"","footer-sml-layout":"","theme-transparent-header-meta":"","adv-header-id-meta":"","stick-header-meta":"","header-above-stick-meta":"","header-main-stick-meta":"","header-below-stick-meta":""},"product_cat":[16,20,57,33,26],"product_tag":[115,111,116,117],"yoast_head":"<!-- This site is optimized with the Yoast SEO plugin v20.2.1 - https:\/\/yoast.com\/wordpress\/plugins\/seo\/ -->\n<title>Can\u00f3n de ozono port\u00e1til<\/title>\n<meta name=\"description\" content=\"Generador de ozono para la ventilaci\u00f3n adecuada de los veh\u00edculos, evitando todo tipo de bacterias.\" \/>\n<meta name=\"robots\" content=\"index, follow, max-snippet:-1, max-image-preview:large, max-video-preview:-1\" \/>\n<link rel=\"canonical\" href=\"https:\/\/www.juma.es\/tienda\/producto\/canon-ozono-portatil\" \/>\n<meta property=\"og:locale\" content=\"es_ES\" \/>\n<meta property=\"og:type\" content=\"article\" \/>\n<meta property=\"og:title\" content=\"Can\u00f3n de ozono port\u00e1til\" \/>\n<meta property=\"og:description\" content=\"Generador de ozono para la ventilaci\u00f3n adecuada de los veh\u00edculos, evitando todo tipo de bacterias.\" \/>\n<meta property=\"og:url\" content=\"https:\/\/www.juma.es\/tienda\/producto\/canon-ozono-portatil\" \/>\n<meta property=\"og:site_name\" content=\"Tienda Juma\" \/>\n<meta property=\"og:image\" content=\"https:\/\/www.juma.es\/tienda\/wp-content\/uploads\/2020\/04\/591-Canon-ozono-portatil.jpg\" \/>\n\t<meta property=\"og:image:width\" content=\"402\" \/>\n\t<meta property=\"og:image:height\" content=\"402\" \/>\n\t<meta property=\"og:image:type\" content=\"image\/jpeg\" \/>\n<meta name=\"twitter:card\" content=\"summary_large_image\" \/>\n<meta name=\"twitter:label1\" content=\"Tiempo de lectura\" \/>\n\t<meta name=\"twitter:data1\" content=\"2 minutos\" \/>\n<script type=\"application\/ld+json\" class=\"yoast-schema-graph\">{\"@context\":\"https:\/\/schema.org\",\"@graph\":[{\"@type\":\"WebPage\",\"@id\":\"https:\/\/www.juma.es\/tienda\/producto\/canon-ozono-portatil\",\"url\":\"https:\/\/www.juma.es\/tienda\/producto\/canon-ozono-portatil\",\"name\":\"Can\u00f3n de ozono port\u00e1til\",\"isPartOf\":{\"@id\":\"https:\/\/www.juma.es\/tienda\/#website\"},\"datePublished\":\"2020-04-29T11:14:43+00:00\",\"dateModified\":\"2020-04-29T11:14:43+00:00\",\"description\":\"Generador de ozono para la ventilaci\u00f3n adecuada de los veh\u00edculos, evitando todo tipo de bacterias.\",\"breadcrumb\":{\"@id\":\"https:\/\/www.juma.es\/tienda\/producto\/canon-ozono-portatil#breadcrumb\"},\"inLanguage\":\"es\",\"potentialAction\":[{\"@type\":\"ReadAction\",\"target\":[\"https:\/\/www.juma.es\/tienda\/producto\/canon-ozono-portatil\"]}]},{\"@type\":\"BreadcrumbList\",\"@id\":\"https:\/\/www.juma.es\/tienda\/producto\/canon-ozono-portatil#breadcrumb\",\"itemListElement\":[{\"@type\":\"ListItem\",\"position\":1,\"name\":\"Portada\",\"item\":\"https:\/\/www.juma.es\/tienda\/\"},{\"@type\":\"ListItem\",\"position\":2,\"name\":\"Tienda\",\"item\":\"https:\/\/www.juma.es\/tienda\/tienda\"},{\"@type\":\"ListItem\",\"position\":3,\"name\":\"Ca\u00f1\u00f3n ozono port\u00e1til\"}]},{\"@type\":\"WebSite\",\"@id\":\"https:\/\/www.juma.es\/tienda\/#website\",\"url\":\"https:\/\/www.juma.es\/tienda\/\",\"name\":\"Tienda Juma\",\"description\":\"Tienda de seguridad y emergencia\",\"publisher\":{\"@id\":\"https:\/\/www.juma.es\/tienda\/#organization\"},\"potentialAction\":[{\"@type\":\"SearchAction\",\"target\":{\"@type\":\"EntryPoint\",\"urlTemplate\":\"https:\/\/www.juma.es\/tienda\/?s={search_term_string}\"},\"query-input\":\"required name=search_term_string\"}],\"inLanguage\":\"es\"},{\"@type\":\"Organization\",\"@id\":\"https:\/\/www.juma.es\/tienda\/#organization\",\"name\":\"Tienda Juma\",\"url\":\"https:\/\/www.juma.es\/tienda\/\",\"logo\":{\"@type\":\"ImageObject\",\"inLanguage\":\"es\",\"@id\":\"https:\/\/www.juma.es\/tienda\/#\/schema\/logo\/image\/\",\"url\":\"https:\/\/www.juma.es\/tienda\/wp-content\/uploads\/2023\/03\/cropped-Logo-JUMA-2019.png\",\"contentUrl\":\"https:\/\/www.juma.es\/tienda\/wp-content\/uploads\/2023\/03\/cropped-Logo-JUMA-2019.png\",\"width\":653,\"height\":197,\"caption\":\"Tienda Juma\"},\"image\":{\"@id\":\"https:\/\/www.juma.es\/tienda\/#\/schema\/logo\/image\/\"}}]}<\/script>\n<!-- \/ Yoast SEO plugin. -->","yoast_head_json":{"title":"Can\u00f3n de ozono port\u00e1til","description":"Generador de ozono para la ventilaci\u00f3n adecuada de los veh\u00edculos, evitando todo tipo de bacterias.","robots":{"index":"index","follow":"follow","max-snippet":"max-snippet:-1","max-image-preview":"max-image-preview:large","max-video-preview":"max-video-preview:-1"},"canonical":"https:\/\/www.juma.es\/tienda\/producto\/canon-ozono-portatil","og_locale":"es_ES","og_type":"article","og_title":"Can\u00f3n de ozono port\u00e1til","og_description":"Generador de ozono para la ventilaci\u00f3n adecuada de los veh\u00edculos, evitando todo tipo de bacterias.","og_url":"https:\/\/www.juma.es\/tienda\/producto\/canon-ozono-portatil","og_site_name":"Tienda Juma","og_image":[{"width":402,"height":402,"url":"https:\/\/www.juma.es\/tienda\/wp-content\/uploads\/2020\/04\/591-Canon-ozono-portatil.jpg","type":"image\/jpeg"}],"twitter_card":"summary_large_image","twitter_misc":{"Tiempo de lectura":"2 minutos"},"schema":{"@context":"https:\/\/schema.org","@graph":[{"@type":"WebPage","@id":"https:\/\/www.juma.es\/tienda\/producto\/canon-ozono-portatil","url":"https:\/\/www.juma.es\/tienda\/producto\/canon-ozono-portatil","name":"Can\u00f3n de ozono port\u00e1til","isPartOf":{"@id":"https:\/\/www.juma.es\/tienda\/#website"},"datePublished":"2020-04-29T11:14:43+00:00","dateModified":"2020-04-29T11:14:43+00:00","description":"Generador de ozono para la ventilaci\u00f3n adecuada de los veh\u00edculos, evitando todo tipo de bacterias.","breadcrumb":{"@id":"https:\/\/www.juma.es\/tienda\/producto\/canon-ozono-portatil#breadcrumb"},"inLanguage":"es","potentialAction":[{"@type":"ReadAction","target":["https:\/\/www.juma.es\/tienda\/producto\/canon-ozono-portatil"]}]},{"@type":"BreadcrumbList","@id":"https:\/\/www.juma.es\/tienda\/producto\/canon-ozono-portatil#breadcrumb","itemListElement":[{"@type":"ListItem","position":1,"name":"Portada","item":"https:\/\/www.juma.es\/tienda\/"},{"@type":"ListItem","position":2,"name":"Tienda","item":"https:\/\/www.juma.es\/tienda\/tienda"},{"@type":"ListItem","position":3,"name":"Ca\u00f1\u00f3n ozono port\u00e1til"}]},{"@type":"WebSite","@id":"https:\/\/www.juma.es\/tienda\/#website","url":"https:\/\/www.juma.es\/tienda\/","name":"Tienda Juma","description":"Tienda de seguridad y emergencia","publisher":{"@id":"https:\/\/www.juma.es\/tienda\/#organization"},"potentialAction":[{"@type":"SearchAction","target":{"@type":"EntryPoint","urlTemplate":"https:\/\/www.juma.es\/tienda\/?s={search_term_string}"},"query-input":"required name=search_term_string"}],"inLanguage":"es"},{"@type":"Organization","@id":"https:\/\/www.juma.es\/tienda\/#organization","name":"Tienda Juma","url":"https:\/\/www.juma.es\/tienda\/","logo":{"@type":"ImageObject","inLanguage":"es","@id":"https:\/\/www.juma.es\/tienda\/#\/schema\/logo\/image\/","url":"https:\/\/www.juma.es\/tienda\/wp-content\/uploads\/2023\/03\/cropped-Logo-JUMA-2019.png","contentUrl":"https:\/\/www.juma.es\/tienda\/wp-content\/uploads\/2023\/03\/cropped-Logo-JUMA-2019.png","width":653,"height":197,"caption":"Tienda Juma"},"image":{"@id":"https:\/\/www.juma.es\/tienda\/#\/schema\/logo\/image\/"}}]}},"_links":{"self":[{"href":"https:\/\/www.juma.es\/tienda\/wp-json\/wp\/v2\/product\/1168"}],"collection":[{"href":"https:\/\/www.juma.es\/tienda\/wp-json\/wp\/v2\/product"}],"about":[{"href":"https:\/\/www.juma.es\/tienda\/wp-json\/wp\/v2\/types\/product"}],"replies":[{"embeddable":true,"href":"https:\/\/www.juma.es\/tienda\/wp-json\/wp\/v2\/comments?post=1168"}],"version-history":[{"count":0,"href":"https:\/\/www.juma.es\/tienda\/wp-json\/wp\/v2\/product\/1168\/revisions"}],"wp:featuredmedia":[{"embeddable":true,"href":"https:\/\/www.juma.es\/tienda\/wp-json\/wp\/v2\/media\/1167"}],"wp:attachment":[{"href":"https:\/\/www.juma.es\/tienda\/wp-json\/wp\/v2\/media?parent=1168"}],"wp:term":[{"taxonomy":"product_cat","embeddable":true,"href":"https:\/\/www.juma.es\/tienda\/wp-json\/wp\/v2\/product_cat?post=1168"},{"taxonomy":"product_tag","embeddable":true,"href":"https:\/\/www.juma.es\/tienda\/wp-json\/wp\/v2\/product_tag?post=1168"}],"curies":[{"name":"wp","href":"https:\/\/api.w.org\/{rel}","templated":true}]}}