{"id":1160,"date":"2020-04-29T10:31:38","date_gmt":"2020-04-29T10:31:38","guid":{"rendered":"http:\/\/juma.centraldemarketing.es\/producto\/desinfectante-hidroalcoholico-100ml"},"modified":"2020-04-29T10:31:38","modified_gmt":"2020-04-29T10:31:38","slug":"desinfectante-hidroalcoholico-100ml","status":"publish","type":"product","link":"https:\/\/www.juma.es\/tienda\/producto\/desinfectante-hidroalcoholico-100ml","title":{"rendered":"Desinfectante Hidroalcoh\u00f3lico 100ml"},"content":{"rendered":"<p><strong>Descripci\u00f3n<\/strong><\/p>\n<ul>\n<li>&#8211; El producto HAL01001 es un producto con alto contenido en alcohol y glicerina, dise\u00f1ado como antis\u00e9ptico para la desinfecci\u00f3n de las manos.<\/li>\n<li>&#8211; Formulado con una fresca fragancia, es ideal para la desinfecci\u00f3n de las manos sin necesidad de agua ni jab\u00f3n.<\/li>\n<li>&#8211; Est\u00e1 enriquecido con emolientes que acondicionan la piel y previenen la sequedad<\/li>\n<li>&#8211; Es eficaz seg\u00fan la norma EN 1500 (Tratamiento higi\u00e9nico de manos por fricci\u00f3n)<\/li>\n<li>&#8211; R\u00e1pida acci\u00f3n antimicrobiana y excelente sensaci\u00f3n d\u00e9rmica<\/li>\n<li>&#8211; El alcohole et\u00edlico ejerce su acci\u00f3n antimicrobiana a trav\u00e9s de la desnaturalizaci\u00f3n de prote\u00ednas. Es muy eficaz frente a bacterias grampositivas y negativas, M.tuberculosis, hongos y virus.<\/li>\n<li>&#8211; La glicerina cuida, protege e hidrata la piel. Ayuda a mantener un adecuado nivel de humedad en las capas inferiores de la piel.<\/li>\n<\/ul>\n<p><strong>Aplicaciones <\/strong><\/p>\n<ul>\n<li>Tratamiento higi\u00e9nico de manos por fricci\u00f3n<\/li>\n<\/ul>\n<p><strong>Ingredientes <\/strong><\/p>\n<ul>\n<li>Alcohol et\u00edlico (v\/v)\u00a0 75%<\/li>\n<li>Excipientes csp (glicerina, agua yperfume)<\/li>\n<\/ul>\n<p><strong>Propiedades f\u00edsico-qu\u00edmicas<\/strong><\/p>\n<ul>\n<li>Estado a Temperatura ambiente L\u00edquido<\/li>\n<li>Solubilidad en agua Soluble<\/li>\n<li>pH (20 \u00baC) 5.5-7.5<\/li>\n<li>Densidad 0.8 \u20130.95 g\/ml<\/li>\n<li>inflamabilidad Inflamable<\/li>\n<li>&#8211; Autosecante, no necesita aclarado<\/li>\n<li>&#8211; Excelente capacidad de humectaci\u00f3n<\/li>\n<\/ul>\n<p><strong>Modo de empleo<\/strong><\/p>\n<p>\u2022Tratamiento higi\u00e9nico de manos por fricci\u00f3n (EN 1500)<\/p>\n<p>Utilizar cantidad suficiente de HAL01001 para frotar las manos durante 30 segundos. La dosificaci\u00f3n minima es de 3 ml.<\/p>\n<p>Seguir la t\u00e9cnica especificada en el estandar EN 1500 y descrita a continuaci\u00f3n:<\/p>\n<p>T\u00e9cnica de 6 pasos para la higiene de manos:<\/p>\n<p>1.Frotar palma contra palma<\/p>\n<p>2.Frotar la palma de la mano derecha con el dorso de la mano izquierda y viceversa<\/p>\n<p>3.Frotar palma con palma con los dedos entrelazados<\/p>\n<p>4.Frotar el dorso de los dedos contra la palma opuesta, con los dedos entrelazados<\/p>\n<p>5.Friccionar con rotaci\u00f3n el pulgar izquierdo dentro de la palma derecha y viceversa<\/p>\n<p>6.Con rotaciones friccionar yemas de los dedos unidos sobre la palma de la mano contraria y viceversa<\/p>\n<p><strong>Precauciones<\/strong><\/p>\n<p>\u2022 Leer atentamente la etiqueta antes de utilizar el producto<\/p>\n<p>\u2022 El producto contiene alcohol, evitar aplicar el producto en presencia de fuego, superficies calientes, fuentes de ignici\u00f3n o chispas.<\/p>\n<p>\u2022 El uso continuado de productos en base alcoh\u00f3lica puede provocar sensibilizaci\u00f3n.<\/p>\n<p>\u2022Indicaciones de peligro: L\u00edquido y vapores muy inflamables (H225), Provoca irritaci\u00f3n ocular grave (H319).<\/p>\n<p>\u2022 Consejos de prudencia: Mantener alejado de fuentes de calor, chispas, llama abierta o superficies calientes \u2013 no fumar (P210). Mantener el recipiente cerrado herm\u00e9ticamente (P233). EN CASO DE CONTACTO CON LOS OJOS: Aclarar cuidadosamente con agua durante varios minutos. Quitar las lentes de contacto, si lleva y resulta f\u00e1cil. Seguir aclarando. (P305+P351+P338). Si persiste la irritaci\u00f3n ocular: Consultar a un m\u00e9dico (P337+P313). Almacenar en un lugar bien ventilado. Mantener en lugar fresco (P403 + P235). Eliminar el contenido o el recipiente de conformidad con la normativa local (P501).<\/p>\n<p>\u2022 En caso de intoxicaci\u00f3n, llame al Instituto Nacional de Toxicolog\u00eda: 91.562.04.20<\/p>\n","protected":false},"excerpt":{"rendered":"<p>L\u00edquido desinfectante de 100ml para manos.<\/p>\n","protected":false},"featured_media":1159,"comment_status":"open","ping_status":"closed","template":"","meta":{"site-sidebar-layout":"default","site-content-layout":"default","ast-global-header-display":"","ast-main-header-display":"","ast-hfb-above-header-display":"","ast-hfb-below-header-display":"","ast-hfb-mobile-header-display":"","site-post-title":"","ast-breadcrumbs-content":"","ast-featured-img":"","footer-sml-layout":"","theme-transparent-header-meta":"","adv-header-id-meta":"","stick-header-meta":"","header-above-stick-meta":"","header-main-stick-meta":"","header-below-stick-meta":""},"product_cat":[16,33,26],"product_tag":[],"yoast_head":"<!-- This site is optimized with the Yoast SEO plugin v20.2.1 - https:\/\/yoast.com\/wordpress\/plugins\/seo\/ -->\n<title>Desinfectante Hidroalch\u00f3lico 100ml<\/title>\n<meta name=\"description\" content=\"Desinfectante Hidroalcoh\u00f3lico de 100ml para manos evita la transmisi\u00f3n del Covid-19.\" \/>\n<meta name=\"robots\" content=\"index, follow, max-snippet:-1, max-image-preview:large, max-video-preview:-1\" \/>\n<link rel=\"canonical\" href=\"https:\/\/www.juma.es\/tienda\/producto\/desinfectante-hidroalcoholico-100ml\" \/>\n<meta property=\"og:locale\" content=\"es_ES\" \/>\n<meta property=\"og:type\" content=\"article\" \/>\n<meta property=\"og:title\" content=\"Desinfectante Hidroalch\u00f3lico 100ml\" \/>\n<meta property=\"og:description\" content=\"Desinfectante Hidroalcoh\u00f3lico de 100ml para manos evita la transmisi\u00f3n del Covid-19.\" \/>\n<meta property=\"og:url\" content=\"https:\/\/www.juma.es\/tienda\/producto\/desinfectante-hidroalcoholico-100ml\" \/>\n<meta property=\"og:site_name\" content=\"Tienda Juma\" \/>\n<meta property=\"og:image\" content=\"https:\/\/www.juma.es\/tienda\/wp-content\/uploads\/2020\/04\/584-Desinfectante-Hidroalcoholico-100ml.jpg\" \/>\n\t<meta property=\"og:image:width\" content=\"400\" \/>\n\t<meta property=\"og:image:height\" content=\"400\" \/>\n\t<meta property=\"og:image:type\" content=\"image\/jpeg\" \/>\n<meta name=\"twitter:card\" content=\"summary_large_image\" \/>\n<meta name=\"twitter:label1\" content=\"Tiempo de lectura\" \/>\n\t<meta name=\"twitter:data1\" content=\"2 minutos\" \/>\n<script type=\"application\/ld+json\" class=\"yoast-schema-graph\">{\"@context\":\"https:\/\/schema.org\",\"@graph\":[{\"@type\":\"WebPage\",\"@id\":\"https:\/\/www.juma.es\/tienda\/producto\/desinfectante-hidroalcoholico-100ml\",\"url\":\"https:\/\/www.juma.es\/tienda\/producto\/desinfectante-hidroalcoholico-100ml\",\"name\":\"Desinfectante Hidroalch\u00f3lico 100ml\",\"isPartOf\":{\"@id\":\"https:\/\/www.juma.es\/tienda\/#website\"},\"datePublished\":\"2020-04-29T10:31:38+00:00\",\"dateModified\":\"2020-04-29T10:31:38+00:00\",\"description\":\"Desinfectante Hidroalcoh\u00f3lico de 100ml para manos evita la transmisi\u00f3n del Covid-19.\",\"breadcrumb\":{\"@id\":\"https:\/\/www.juma.es\/tienda\/producto\/desinfectante-hidroalcoholico-100ml#breadcrumb\"},\"inLanguage\":\"es\",\"potentialAction\":[{\"@type\":\"ReadAction\",\"target\":[\"https:\/\/www.juma.es\/tienda\/producto\/desinfectante-hidroalcoholico-100ml\"]}]},{\"@type\":\"BreadcrumbList\",\"@id\":\"https:\/\/www.juma.es\/tienda\/producto\/desinfectante-hidroalcoholico-100ml#breadcrumb\",\"itemListElement\":[{\"@type\":\"ListItem\",\"position\":1,\"name\":\"Portada\",\"item\":\"https:\/\/www.juma.es\/tienda\/\"},{\"@type\":\"ListItem\",\"position\":2,\"name\":\"Tienda\",\"item\":\"https:\/\/www.juma.es\/tienda\/tienda\"},{\"@type\":\"ListItem\",\"position\":3,\"name\":\"Desinfectante Hidroalcoh\u00f3lico 100ml\"}]},{\"@type\":\"WebSite\",\"@id\":\"https:\/\/www.juma.es\/tienda\/#website\",\"url\":\"https:\/\/www.juma.es\/tienda\/\",\"name\":\"Tienda Juma\",\"description\":\"Tienda de seguridad y emergencia\",\"publisher\":{\"@id\":\"https:\/\/www.juma.es\/tienda\/#organization\"},\"potentialAction\":[{\"@type\":\"SearchAction\",\"target\":{\"@type\":\"EntryPoint\",\"urlTemplate\":\"https:\/\/www.juma.es\/tienda\/?s={search_term_string}\"},\"query-input\":\"required name=search_term_string\"}],\"inLanguage\":\"es\"},{\"@type\":\"Organization\",\"@id\":\"https:\/\/www.juma.es\/tienda\/#organization\",\"name\":\"Tienda Juma\",\"url\":\"https:\/\/www.juma.es\/tienda\/\",\"logo\":{\"@type\":\"ImageObject\",\"inLanguage\":\"es\",\"@id\":\"https:\/\/www.juma.es\/tienda\/#\/schema\/logo\/image\/\",\"url\":\"https:\/\/www.juma.es\/tienda\/wp-content\/uploads\/2023\/03\/cropped-Logo-JUMA-2019.png\",\"contentUrl\":\"https:\/\/www.juma.es\/tienda\/wp-content\/uploads\/2023\/03\/cropped-Logo-JUMA-2019.png\",\"width\":653,\"height\":197,\"caption\":\"Tienda Juma\"},\"image\":{\"@id\":\"https:\/\/www.juma.es\/tienda\/#\/schema\/logo\/image\/\"}}]}<\/script>\n<!-- \/ Yoast SEO plugin. -->","yoast_head_json":{"title":"Desinfectante Hidroalch\u00f3lico 100ml","description":"Desinfectante Hidroalcoh\u00f3lico de 100ml para manos evita la transmisi\u00f3n del Covid-19.","robots":{"index":"index","follow":"follow","max-snippet":"max-snippet:-1","max-image-preview":"max-image-preview:large","max-video-preview":"max-video-preview:-1"},"canonical":"https:\/\/www.juma.es\/tienda\/producto\/desinfectante-hidroalcoholico-100ml","og_locale":"es_ES","og_type":"article","og_title":"Desinfectante Hidroalch\u00f3lico 100ml","og_description":"Desinfectante Hidroalcoh\u00f3lico de 100ml para manos evita la transmisi\u00f3n del Covid-19.","og_url":"https:\/\/www.juma.es\/tienda\/producto\/desinfectante-hidroalcoholico-100ml","og_site_name":"Tienda Juma","og_image":[{"width":400,"height":400,"url":"https:\/\/www.juma.es\/tienda\/wp-content\/uploads\/2020\/04\/584-Desinfectante-Hidroalcoholico-100ml.jpg","type":"image\/jpeg"}],"twitter_card":"summary_large_image","twitter_misc":{"Tiempo de lectura":"2 minutos"},"schema":{"@context":"https:\/\/schema.org","@graph":[{"@type":"WebPage","@id":"https:\/\/www.juma.es\/tienda\/producto\/desinfectante-hidroalcoholico-100ml","url":"https:\/\/www.juma.es\/tienda\/producto\/desinfectante-hidroalcoholico-100ml","name":"Desinfectante Hidroalch\u00f3lico 100ml","isPartOf":{"@id":"https:\/\/www.juma.es\/tienda\/#website"},"datePublished":"2020-04-29T10:31:38+00:00","dateModified":"2020-04-29T10:31:38+00:00","description":"Desinfectante Hidroalcoh\u00f3lico de 100ml para manos evita la transmisi\u00f3n del Covid-19.","breadcrumb":{"@id":"https:\/\/www.juma.es\/tienda\/producto\/desinfectante-hidroalcoholico-100ml#breadcrumb"},"inLanguage":"es","potentialAction":[{"@type":"ReadAction","target":["https:\/\/www.juma.es\/tienda\/producto\/desinfectante-hidroalcoholico-100ml"]}]},{"@type":"BreadcrumbList","@id":"https:\/\/www.juma.es\/tienda\/producto\/desinfectante-hidroalcoholico-100ml#breadcrumb","itemListElement":[{"@type":"ListItem","position":1,"name":"Portada","item":"https:\/\/www.juma.es\/tienda\/"},{"@type":"ListItem","position":2,"name":"Tienda","item":"https:\/\/www.juma.es\/tienda\/tienda"},{"@type":"ListItem","position":3,"name":"Desinfectante Hidroalcoh\u00f3lico 100ml"}]},{"@type":"WebSite","@id":"https:\/\/www.juma.es\/tienda\/#website","url":"https:\/\/www.juma.es\/tienda\/","name":"Tienda Juma","description":"Tienda de seguridad y emergencia","publisher":{"@id":"https:\/\/www.juma.es\/tienda\/#organization"},"potentialAction":[{"@type":"SearchAction","target":{"@type":"EntryPoint","urlTemplate":"https:\/\/www.juma.es\/tienda\/?s={search_term_string}"},"query-input":"required name=search_term_string"}],"inLanguage":"es"},{"@type":"Organization","@id":"https:\/\/www.juma.es\/tienda\/#organization","name":"Tienda Juma","url":"https:\/\/www.juma.es\/tienda\/","logo":{"@type":"ImageObject","inLanguage":"es","@id":"https:\/\/www.juma.es\/tienda\/#\/schema\/logo\/image\/","url":"https:\/\/www.juma.es\/tienda\/wp-content\/uploads\/2023\/03\/cropped-Logo-JUMA-2019.png","contentUrl":"https:\/\/www.juma.es\/tienda\/wp-content\/uploads\/2023\/03\/cropped-Logo-JUMA-2019.png","width":653,"height":197,"caption":"Tienda Juma"},"image":{"@id":"https:\/\/www.juma.es\/tienda\/#\/schema\/logo\/image\/"}}]}},"_links":{"self":[{"href":"https:\/\/www.juma.es\/tienda\/wp-json\/wp\/v2\/product\/1160"}],"collection":[{"href":"https:\/\/www.juma.es\/tienda\/wp-json\/wp\/v2\/product"}],"about":[{"href":"https:\/\/www.juma.es\/tienda\/wp-json\/wp\/v2\/types\/product"}],"replies":[{"embeddable":true,"href":"https:\/\/www.juma.es\/tienda\/wp-json\/wp\/v2\/comments?post=1160"}],"version-history":[{"count":0,"href":"https:\/\/www.juma.es\/tienda\/wp-json\/wp\/v2\/product\/1160\/revisions"}],"wp:featuredmedia":[{"embeddable":true,"href":"https:\/\/www.juma.es\/tienda\/wp-json\/wp\/v2\/media\/1159"}],"wp:attachment":[{"href":"https:\/\/www.juma.es\/tienda\/wp-json\/wp\/v2\/media?parent=1160"}],"wp:term":[{"taxonomy":"product_cat","embeddable":true,"href":"https:\/\/www.juma.es\/tienda\/wp-json\/wp\/v2\/product_cat?post=1160"},{"taxonomy":"product_tag","embeddable":true,"href":"https:\/\/www.juma.es\/tienda\/wp-json\/wp\/v2\/product_tag?post=1160"}],"curies":[{"name":"wp","href":"https:\/\/api.w.org\/{rel}","templated":true}]}}