{"id":1156,"date":"2020-04-14T16:21:25","date_gmt":"2020-04-14T16:21:25","guid":{"rendered":"http:\/\/juma.centraldemarketing.es\/producto\/pantalla-de-proteccion-facial-uvex-homologacion-sanidad"},"modified":"2020-04-14T16:21:25","modified_gmt":"2020-04-14T16:21:25","slug":"pantalla-de-proteccion-facial-uvex-homologacion-sanidad","status":"publish","type":"product","link":"https:\/\/www.juma.es\/tienda\/producto\/pantalla-de-proteccion-facial-uvex-homologacion-sanidad","title":{"rendered":"Pantalla de protecci\u00f3n facial UVEX Homologaci\u00f3n Sanidad"},"content":{"rendered":"<p>Categor\u00eda: EPI II\u00a0<\/p>\n<p>Est\u00e1ndar: EN 166<\/p>\n<p>Marcado CE<\/p>\n<p>Homologado para la rama sanitaria<\/p>\n<p><strong>Caracter\u00edsticas<\/strong><\/p>\n<ul>\n<li>Una talla para todos los tama\u00f1os de cabeza en el rango de 54-64 cm<\/li>\n<li>Fijaci\u00f3n en la cabeza con banda el\u00e1stica.<\/li>\n<li>Lente PET, 0.3 mm, interior pantalla antivaho.<\/li>\n<li>El acolchado interior de espuma suave garantiza una alta comodidad de uso, incluso cuando se usa por per\u00edodos m\u00e1s largos.<\/li>\n<li>Ayuda a mantener la cara libre de suciedad y l\u00edquidos.<\/li>\n<li>Adecuado para mantener la cara libre de contaminaci\u00f3n de fluidos corporales como la sangre.<\/li>\n<li>No es adecuado para la protecci\u00f3n contra riesgos mec\u00e1nicos, como part\u00edculas voladoras con mayor energ\u00eda.<\/li>\n<li>Embalaje de pliegue plano que ahorra espacio.<\/li>\n<\/ul>\n<p>Pedido m\u00ednimo: 10 unidades<\/p>\n","protected":false},"excerpt":{"rendered":"<p>Pantalla de protecci\u00f3n facial de la prestigiosa marca alemana UVEX, exclusiva con homologaci\u00f3n para la rama sanitaria.\u00a0<\/p>\n<p>Fabricada en Alemania, garant\u00eda 100% Europea<\/p>\n<p>Este protector facial protege contra gotas y salpicaduras de l\u00edquidos. Por lo tanto, reduce el riesgo de infecci\u00f3n por gotitas.<\/p>\n<p>Debido a su dise\u00f1o, la protecci\u00f3n completa contra virus, bacterias u otros agentes biol\u00f3gicos solo se brinda de forma limitada<\/p>\n","protected":false},"featured_media":1154,"comment_status":"open","ping_status":"closed","template":"","meta":{"site-sidebar-layout":"default","site-content-layout":"default","ast-global-header-display":"","ast-main-header-display":"","ast-hfb-above-header-display":"","ast-hfb-below-header-display":"","ast-hfb-mobile-header-display":"","site-post-title":"","ast-breadcrumbs-content":"","ast-featured-img":"","footer-sml-layout":"","theme-transparent-header-meta":"","adv-header-id-meta":"","stick-header-meta":"","header-above-stick-meta":"","header-main-stick-meta":"","header-below-stick-meta":""},"product_cat":[16,49,26],"product_tag":[],"yoast_head":"<!-- This site is optimized with the Yoast SEO plugin v20.2.1 - https:\/\/yoast.com\/wordpress\/plugins\/seo\/ -->\n<title>Pantalla de protecci\u00f3n facial UVEX Homologaci\u00f3n Sanidad - Tienda Juma<\/title>\n<meta name=\"robots\" content=\"index, follow, max-snippet:-1, max-image-preview:large, max-video-preview:-1\" \/>\n<link rel=\"canonical\" href=\"https:\/\/www.juma.es\/tienda\/producto\/pantalla-de-proteccion-facial-uvex-homologacion-sanidad\" \/>\n<meta property=\"og:locale\" content=\"es_ES\" \/>\n<meta property=\"og:type\" content=\"article\" \/>\n<meta property=\"og:title\" content=\"Pantalla de protecci\u00f3n facial UVEX Homologaci\u00f3n Sanidad - Tienda Juma\" \/>\n<meta property=\"og:description\" content=\"Pantalla de protecci\u00f3n facial de la prestigiosa marca alemana UVEX, exclusiva con homologaci\u00f3n para la rama sanitaria.\u00a0 Fabricada en Alemania, garant\u00eda 100% Europea Este protector facial protege contra gotas y salpicaduras de l\u00edquidos. Por lo tanto, reduce el riesgo de infecci\u00f3n por gotitas. Debido a su dise\u00f1o, la protecci\u00f3n completa contra virus, bacterias u otros agentes biol\u00f3gicos solo se brinda de forma limitada\" \/>\n<meta property=\"og:url\" content=\"https:\/\/www.juma.es\/tienda\/producto\/pantalla-de-proteccion-facial-uvex-homologacion-sanidad\" \/>\n<meta property=\"og:site_name\" content=\"Tienda Juma\" \/>\n<meta property=\"og:image\" content=\"https:\/\/www.juma.es\/tienda\/wp-content\/uploads\/2020\/04\/581-Pantalla-de-proteccion-facial-UVEX-Homologacion-Sanidad.jpg\" \/>\n\t<meta property=\"og:image:width\" content=\"400\" \/>\n\t<meta property=\"og:image:height\" content=\"400\" \/>\n\t<meta property=\"og:image:type\" content=\"image\/jpeg\" \/>\n<meta name=\"twitter:card\" content=\"summary_large_image\" \/>\n<meta name=\"twitter:label1\" content=\"Tiempo de lectura\" \/>\n\t<meta name=\"twitter:data1\" content=\"1 minuto\" \/>\n<script type=\"application\/ld+json\" class=\"yoast-schema-graph\">{\"@context\":\"https:\/\/schema.org\",\"@graph\":[{\"@type\":\"WebPage\",\"@id\":\"https:\/\/www.juma.es\/tienda\/producto\/pantalla-de-proteccion-facial-uvex-homologacion-sanidad\",\"url\":\"https:\/\/www.juma.es\/tienda\/producto\/pantalla-de-proteccion-facial-uvex-homologacion-sanidad\",\"name\":\"Pantalla de protecci\u00f3n facial UVEX Homologaci\u00f3n Sanidad - Tienda Juma\",\"isPartOf\":{\"@id\":\"https:\/\/www.juma.es\/tienda\/#website\"},\"datePublished\":\"2020-04-14T16:21:25+00:00\",\"dateModified\":\"2020-04-14T16:21:25+00:00\",\"breadcrumb\":{\"@id\":\"https:\/\/www.juma.es\/tienda\/producto\/pantalla-de-proteccion-facial-uvex-homologacion-sanidad#breadcrumb\"},\"inLanguage\":\"es\",\"potentialAction\":[{\"@type\":\"ReadAction\",\"target\":[\"https:\/\/www.juma.es\/tienda\/producto\/pantalla-de-proteccion-facial-uvex-homologacion-sanidad\"]}]},{\"@type\":\"BreadcrumbList\",\"@id\":\"https:\/\/www.juma.es\/tienda\/producto\/pantalla-de-proteccion-facial-uvex-homologacion-sanidad#breadcrumb\",\"itemListElement\":[{\"@type\":\"ListItem\",\"position\":1,\"name\":\"Portada\",\"item\":\"https:\/\/www.juma.es\/tienda\/\"},{\"@type\":\"ListItem\",\"position\":2,\"name\":\"Tienda\",\"item\":\"https:\/\/www.juma.es\/tienda\/tienda\"},{\"@type\":\"ListItem\",\"position\":3,\"name\":\"Pantalla de protecci\u00f3n facial UVEX Homologaci\u00f3n Sanidad\"}]},{\"@type\":\"WebSite\",\"@id\":\"https:\/\/www.juma.es\/tienda\/#website\",\"url\":\"https:\/\/www.juma.es\/tienda\/\",\"name\":\"Tienda Juma\",\"description\":\"Tienda de seguridad y emergencia\",\"publisher\":{\"@id\":\"https:\/\/www.juma.es\/tienda\/#organization\"},\"potentialAction\":[{\"@type\":\"SearchAction\",\"target\":{\"@type\":\"EntryPoint\",\"urlTemplate\":\"https:\/\/www.juma.es\/tienda\/?s={search_term_string}\"},\"query-input\":\"required name=search_term_string\"}],\"inLanguage\":\"es\"},{\"@type\":\"Organization\",\"@id\":\"https:\/\/www.juma.es\/tienda\/#organization\",\"name\":\"Tienda Juma\",\"url\":\"https:\/\/www.juma.es\/tienda\/\",\"logo\":{\"@type\":\"ImageObject\",\"inLanguage\":\"es\",\"@id\":\"https:\/\/www.juma.es\/tienda\/#\/schema\/logo\/image\/\",\"url\":\"https:\/\/www.juma.es\/tienda\/wp-content\/uploads\/2023\/03\/cropped-Logo-JUMA-2019.png\",\"contentUrl\":\"https:\/\/www.juma.es\/tienda\/wp-content\/uploads\/2023\/03\/cropped-Logo-JUMA-2019.png\",\"width\":653,\"height\":197,\"caption\":\"Tienda Juma\"},\"image\":{\"@id\":\"https:\/\/www.juma.es\/tienda\/#\/schema\/logo\/image\/\"}}]}<\/script>\n<!-- \/ Yoast SEO plugin. -->","yoast_head_json":{"title":"Pantalla de protecci\u00f3n facial UVEX Homologaci\u00f3n Sanidad - Tienda Juma","robots":{"index":"index","follow":"follow","max-snippet":"max-snippet:-1","max-image-preview":"max-image-preview:large","max-video-preview":"max-video-preview:-1"},"canonical":"https:\/\/www.juma.es\/tienda\/producto\/pantalla-de-proteccion-facial-uvex-homologacion-sanidad","og_locale":"es_ES","og_type":"article","og_title":"Pantalla de protecci\u00f3n facial UVEX Homologaci\u00f3n Sanidad - Tienda Juma","og_description":"Pantalla de protecci\u00f3n facial de la prestigiosa marca alemana UVEX, exclusiva con homologaci\u00f3n para la rama sanitaria.\u00a0 Fabricada en Alemania, garant\u00eda 100% Europea Este protector facial protege contra gotas y salpicaduras de l\u00edquidos. Por lo tanto, reduce el riesgo de infecci\u00f3n por gotitas. Debido a su dise\u00f1o, la protecci\u00f3n completa contra virus, bacterias u otros agentes biol\u00f3gicos solo se brinda de forma limitada","og_url":"https:\/\/www.juma.es\/tienda\/producto\/pantalla-de-proteccion-facial-uvex-homologacion-sanidad","og_site_name":"Tienda Juma","og_image":[{"width":400,"height":400,"url":"https:\/\/www.juma.es\/tienda\/wp-content\/uploads\/2020\/04\/581-Pantalla-de-proteccion-facial-UVEX-Homologacion-Sanidad.jpg","type":"image\/jpeg"}],"twitter_card":"summary_large_image","twitter_misc":{"Tiempo de lectura":"1 minuto"},"schema":{"@context":"https:\/\/schema.org","@graph":[{"@type":"WebPage","@id":"https:\/\/www.juma.es\/tienda\/producto\/pantalla-de-proteccion-facial-uvex-homologacion-sanidad","url":"https:\/\/www.juma.es\/tienda\/producto\/pantalla-de-proteccion-facial-uvex-homologacion-sanidad","name":"Pantalla de protecci\u00f3n facial UVEX Homologaci\u00f3n Sanidad - Tienda Juma","isPartOf":{"@id":"https:\/\/www.juma.es\/tienda\/#website"},"datePublished":"2020-04-14T16:21:25+00:00","dateModified":"2020-04-14T16:21:25+00:00","breadcrumb":{"@id":"https:\/\/www.juma.es\/tienda\/producto\/pantalla-de-proteccion-facial-uvex-homologacion-sanidad#breadcrumb"},"inLanguage":"es","potentialAction":[{"@type":"ReadAction","target":["https:\/\/www.juma.es\/tienda\/producto\/pantalla-de-proteccion-facial-uvex-homologacion-sanidad"]}]},{"@type":"BreadcrumbList","@id":"https:\/\/www.juma.es\/tienda\/producto\/pantalla-de-proteccion-facial-uvex-homologacion-sanidad#breadcrumb","itemListElement":[{"@type":"ListItem","position":1,"name":"Portada","item":"https:\/\/www.juma.es\/tienda\/"},{"@type":"ListItem","position":2,"name":"Tienda","item":"https:\/\/www.juma.es\/tienda\/tienda"},{"@type":"ListItem","position":3,"name":"Pantalla de protecci\u00f3n facial UVEX Homologaci\u00f3n Sanidad"}]},{"@type":"WebSite","@id":"https:\/\/www.juma.es\/tienda\/#website","url":"https:\/\/www.juma.es\/tienda\/","name":"Tienda Juma","description":"Tienda de seguridad y emergencia","publisher":{"@id":"https:\/\/www.juma.es\/tienda\/#organization"},"potentialAction":[{"@type":"SearchAction","target":{"@type":"EntryPoint","urlTemplate":"https:\/\/www.juma.es\/tienda\/?s={search_term_string}"},"query-input":"required name=search_term_string"}],"inLanguage":"es"},{"@type":"Organization","@id":"https:\/\/www.juma.es\/tienda\/#organization","name":"Tienda Juma","url":"https:\/\/www.juma.es\/tienda\/","logo":{"@type":"ImageObject","inLanguage":"es","@id":"https:\/\/www.juma.es\/tienda\/#\/schema\/logo\/image\/","url":"https:\/\/www.juma.es\/tienda\/wp-content\/uploads\/2023\/03\/cropped-Logo-JUMA-2019.png","contentUrl":"https:\/\/www.juma.es\/tienda\/wp-content\/uploads\/2023\/03\/cropped-Logo-JUMA-2019.png","width":653,"height":197,"caption":"Tienda Juma"},"image":{"@id":"https:\/\/www.juma.es\/tienda\/#\/schema\/logo\/image\/"}}]}},"_links":{"self":[{"href":"https:\/\/www.juma.es\/tienda\/wp-json\/wp\/v2\/product\/1156"}],"collection":[{"href":"https:\/\/www.juma.es\/tienda\/wp-json\/wp\/v2\/product"}],"about":[{"href":"https:\/\/www.juma.es\/tienda\/wp-json\/wp\/v2\/types\/product"}],"replies":[{"embeddable":true,"href":"https:\/\/www.juma.es\/tienda\/wp-json\/wp\/v2\/comments?post=1156"}],"version-history":[{"count":0,"href":"https:\/\/www.juma.es\/tienda\/wp-json\/wp\/v2\/product\/1156\/revisions"}],"wp:featuredmedia":[{"embeddable":true,"href":"https:\/\/www.juma.es\/tienda\/wp-json\/wp\/v2\/media\/1154"}],"wp:attachment":[{"href":"https:\/\/www.juma.es\/tienda\/wp-json\/wp\/v2\/media?parent=1156"}],"wp:term":[{"taxonomy":"product_cat","embeddable":true,"href":"https:\/\/www.juma.es\/tienda\/wp-json\/wp\/v2\/product_cat?post=1156"},{"taxonomy":"product_tag","embeddable":true,"href":"https:\/\/www.juma.es\/tienda\/wp-json\/wp\/v2\/product_tag?post=1156"}],"curies":[{"name":"wp","href":"https:\/\/api.w.org\/{rel}","templated":true}]}}