{"id":1153,"date":"2020-04-03T19:40:22","date_gmt":"2020-04-03T19:40:22","guid":{"rendered":"http:\/\/juma.centraldemarketing.es\/producto\/dispensador-de-aerosol-termico-con-control-electronico-digital"},"modified":"2020-04-03T19:40:22","modified_gmt":"2020-04-03T19:40:22","slug":"dispensador-de-aerosol-termico-con-control-electronico-digital","status":"publish","type":"product","link":"https:\/\/www.juma.es\/tienda\/producto\/dispensador-de-aerosol-termico-con-control-electronico-digital","title":{"rendered":"Dispensador de aerosol t\u00e9rmico con control electr\u00f3nico digital"},"content":{"rendered":"<p class=\"Default\"><span style=\"font-size:10pt;\">Se requiere una cantidad m\u00ednima de producto para desinfectar varias partes en poco tiempo.<\/span><\/p>\n<p class=\"MsoNormal\">El tratamiento permanece activo durante aproximadamente 60 d\u00edas.<\/p>\n<\/p>\n<p class=\"Default\"><b><span style=\"font-size:10pt;\">Caracter\u00edsticas t\u00e9cnicas:<\/span><\/b><span style=\"font-size:10pt;\"><\/span><\/p>\n<\/p>\n<p class=\"Default\"><b><span style=\"font-size:10pt;\">Voltaje: <\/span><\/b><span style=\"font-size:10pt;\">AC110-240 V 50\/60 Hz<\/span><\/p>\n<\/p>\n<p class=\"Default\"><b><span style=\"font-size:10pt;\">Consumo de energ\u00eda: <\/span><\/b><span style=\"font-size:10pt;\">1000 W<\/span><\/p>\n<\/p>\n<p class=\"Default\"><b><span style=\"font-size:10pt;\">Capacidad del tanque: <\/span><\/b><span style=\"font-size:10pt;\">0.5 l<\/span><\/p>\n<\/p>\n<p class=\"Default\"><b><span style=\"font-size:10pt;\">Potencia: <\/span><\/b><span style=\"font-size:10pt;\">57 m3 \/ min.<\/span><\/p>\n<\/p>\n<p class=\"Default\"><b><span style=\"font-size:10pt;\">Ciclo de trabajo: <\/span><\/b><span style=\"font-size:10pt;\">3 min<\/span><\/p>\n<\/p>\n<p class=\"Default\"><b><span style=\"font-size:10pt;\">Dimensiones: <\/span><\/b><span style=\"font-size:10pt;\">30x25x27 cm<\/span><\/p><\/p>\n","protected":false},"excerpt":{"rendered":"<p class=\"Default\"><span style=\"font-size:10pt;\">Dispositivo para esterilizar peque\u00f1os y medianos vol\u00famenes, como salas de espera, centros de control, veh\u00edculos de emergencia, camiones, autobuses y vagones de tren.<\/span><\/p>\n<p class=\"Default\"><span style=\"font-size:10pt;\">El dispensador utilizado con un bactericida atmosf\u00e9rico concentrado para aerosol destruye g\u00e9rmenes y bacterias sin dejar rastros de humedad o recubrimientos.<\/span><\/p>\n<p class=\"Default\"><span style=\"font-size:10pt;\">Las part\u00edculas desinfectantes, con un di\u00e1metro de menos de 1 micr\u00f3n, nebulizadas y distribuidas uniformemente en la habitaci\u00f3n, permanecen en suspensi\u00f3n durante aproximadamente 2 horas, mucho m\u00e1s eficazmente que la desinfecci\u00f3n tradicional.<\/span><\/p>\n","protected":false},"featured_media":1152,"comment_status":"open","ping_status":"closed","template":"","meta":{"site-sidebar-layout":"default","site-content-layout":"default","ast-global-header-display":"","ast-main-header-display":"","ast-hfb-above-header-display":"","ast-hfb-below-header-display":"","ast-hfb-mobile-header-display":"","site-post-title":"","ast-breadcrumbs-content":"","ast-featured-img":"","footer-sml-layout":"","theme-transparent-header-meta":"","adv-header-id-meta":"","stick-header-meta":"","header-above-stick-meta":"","header-main-stick-meta":"","header-below-stick-meta":""},"product_cat":[16,33,26],"product_tag":[],"yoast_head":"<!-- This site is optimized with the Yoast SEO plugin v20.2.1 - https:\/\/yoast.com\/wordpress\/plugins\/seo\/ -->\n<title>Dispensador de aerosol t\u00e9rmico con control electr\u00f3nico digital - Tienda Juma<\/title>\n<meta name=\"robots\" content=\"index, follow, max-snippet:-1, max-image-preview:large, max-video-preview:-1\" \/>\n<link rel=\"canonical\" href=\"https:\/\/www.juma.es\/tienda\/producto\/dispensador-de-aerosol-termico-con-control-electronico-digital\" \/>\n<meta property=\"og:locale\" content=\"es_ES\" \/>\n<meta property=\"og:type\" content=\"article\" \/>\n<meta property=\"og:title\" content=\"Dispensador de aerosol t\u00e9rmico con control electr\u00f3nico digital - Tienda Juma\" \/>\n<meta property=\"og:description\" content=\"Dispositivo para esterilizar peque\u00f1os y medianos vol\u00famenes, como salas de espera, centros de control, veh\u00edculos de emergencia, camiones, autobuses y vagones de tren. El dispensador utilizado con un bactericida atmosf\u00e9rico concentrado para aerosol destruye g\u00e9rmenes y bacterias sin dejar rastros de humedad o recubrimientos. Las part\u00edculas desinfectantes, con un di\u00e1metro de menos de 1 micr\u00f3n, nebulizadas y distribuidas uniformemente en la habitaci\u00f3n, permanecen en suspensi\u00f3n durante aproximadamente 2 horas, mucho m\u00e1s eficazmente que la desinfecci\u00f3n tradicional.\" \/>\n<meta property=\"og:url\" content=\"https:\/\/www.juma.es\/tienda\/producto\/dispensador-de-aerosol-termico-con-control-electronico-digital\" \/>\n<meta property=\"og:site_name\" content=\"Tienda Juma\" \/>\n<meta property=\"og:image\" content=\"https:\/\/www.juma.es\/tienda\/wp-content\/uploads\/2020\/04\/577-Dispensador-de-aerosol-termico-con-control-electronico-digital.jpg\" \/>\n\t<meta property=\"og:image:width\" content=\"400\" \/>\n\t<meta property=\"og:image:height\" content=\"400\" \/>\n\t<meta property=\"og:image:type\" content=\"image\/jpeg\" \/>\n<meta name=\"twitter:card\" content=\"summary_large_image\" \/>\n<script type=\"application\/ld+json\" class=\"yoast-schema-graph\">{\"@context\":\"https:\/\/schema.org\",\"@graph\":[{\"@type\":\"WebPage\",\"@id\":\"https:\/\/www.juma.es\/tienda\/producto\/dispensador-de-aerosol-termico-con-control-electronico-digital\",\"url\":\"https:\/\/www.juma.es\/tienda\/producto\/dispensador-de-aerosol-termico-con-control-electronico-digital\",\"name\":\"Dispensador de aerosol t\u00e9rmico con control electr\u00f3nico digital - Tienda Juma\",\"isPartOf\":{\"@id\":\"https:\/\/www.juma.es\/tienda\/#website\"},\"datePublished\":\"2020-04-03T19:40:22+00:00\",\"dateModified\":\"2020-04-03T19:40:22+00:00\",\"breadcrumb\":{\"@id\":\"https:\/\/www.juma.es\/tienda\/producto\/dispensador-de-aerosol-termico-con-control-electronico-digital#breadcrumb\"},\"inLanguage\":\"es\",\"potentialAction\":[{\"@type\":\"ReadAction\",\"target\":[\"https:\/\/www.juma.es\/tienda\/producto\/dispensador-de-aerosol-termico-con-control-electronico-digital\"]}]},{\"@type\":\"BreadcrumbList\",\"@id\":\"https:\/\/www.juma.es\/tienda\/producto\/dispensador-de-aerosol-termico-con-control-electronico-digital#breadcrumb\",\"itemListElement\":[{\"@type\":\"ListItem\",\"position\":1,\"name\":\"Portada\",\"item\":\"https:\/\/www.juma.es\/tienda\/\"},{\"@type\":\"ListItem\",\"position\":2,\"name\":\"Tienda\",\"item\":\"https:\/\/www.juma.es\/tienda\/tienda\"},{\"@type\":\"ListItem\",\"position\":3,\"name\":\"Dispensador de aerosol t\u00e9rmico con control electr\u00f3nico digital\"}]},{\"@type\":\"WebSite\",\"@id\":\"https:\/\/www.juma.es\/tienda\/#website\",\"url\":\"https:\/\/www.juma.es\/tienda\/\",\"name\":\"Tienda Juma\",\"description\":\"Tienda de seguridad y emergencia\",\"publisher\":{\"@id\":\"https:\/\/www.juma.es\/tienda\/#organization\"},\"potentialAction\":[{\"@type\":\"SearchAction\",\"target\":{\"@type\":\"EntryPoint\",\"urlTemplate\":\"https:\/\/www.juma.es\/tienda\/?s={search_term_string}\"},\"query-input\":\"required name=search_term_string\"}],\"inLanguage\":\"es\"},{\"@type\":\"Organization\",\"@id\":\"https:\/\/www.juma.es\/tienda\/#organization\",\"name\":\"Tienda Juma\",\"url\":\"https:\/\/www.juma.es\/tienda\/\",\"logo\":{\"@type\":\"ImageObject\",\"inLanguage\":\"es\",\"@id\":\"https:\/\/www.juma.es\/tienda\/#\/schema\/logo\/image\/\",\"url\":\"https:\/\/www.juma.es\/tienda\/wp-content\/uploads\/2023\/03\/cropped-Logo-JUMA-2019.png\",\"contentUrl\":\"https:\/\/www.juma.es\/tienda\/wp-content\/uploads\/2023\/03\/cropped-Logo-JUMA-2019.png\",\"width\":653,\"height\":197,\"caption\":\"Tienda Juma\"},\"image\":{\"@id\":\"https:\/\/www.juma.es\/tienda\/#\/schema\/logo\/image\/\"}}]}<\/script>\n<!-- \/ Yoast SEO plugin. -->","yoast_head_json":{"title":"Dispensador de aerosol t\u00e9rmico con control electr\u00f3nico digital - Tienda Juma","robots":{"index":"index","follow":"follow","max-snippet":"max-snippet:-1","max-image-preview":"max-image-preview:large","max-video-preview":"max-video-preview:-1"},"canonical":"https:\/\/www.juma.es\/tienda\/producto\/dispensador-de-aerosol-termico-con-control-electronico-digital","og_locale":"es_ES","og_type":"article","og_title":"Dispensador de aerosol t\u00e9rmico con control electr\u00f3nico digital - Tienda Juma","og_description":"Dispositivo para esterilizar peque\u00f1os y medianos vol\u00famenes, como salas de espera, centros de control, veh\u00edculos de emergencia, camiones, autobuses y vagones de tren. El dispensador utilizado con un bactericida atmosf\u00e9rico concentrado para aerosol destruye g\u00e9rmenes y bacterias sin dejar rastros de humedad o recubrimientos. Las part\u00edculas desinfectantes, con un di\u00e1metro de menos de 1 micr\u00f3n, nebulizadas y distribuidas uniformemente en la habitaci\u00f3n, permanecen en suspensi\u00f3n durante aproximadamente 2 horas, mucho m\u00e1s eficazmente que la desinfecci\u00f3n tradicional.","og_url":"https:\/\/www.juma.es\/tienda\/producto\/dispensador-de-aerosol-termico-con-control-electronico-digital","og_site_name":"Tienda Juma","og_image":[{"width":400,"height":400,"url":"https:\/\/www.juma.es\/tienda\/wp-content\/uploads\/2020\/04\/577-Dispensador-de-aerosol-termico-con-control-electronico-digital.jpg","type":"image\/jpeg"}],"twitter_card":"summary_large_image","schema":{"@context":"https:\/\/schema.org","@graph":[{"@type":"WebPage","@id":"https:\/\/www.juma.es\/tienda\/producto\/dispensador-de-aerosol-termico-con-control-electronico-digital","url":"https:\/\/www.juma.es\/tienda\/producto\/dispensador-de-aerosol-termico-con-control-electronico-digital","name":"Dispensador de aerosol t\u00e9rmico con control electr\u00f3nico digital - Tienda Juma","isPartOf":{"@id":"https:\/\/www.juma.es\/tienda\/#website"},"datePublished":"2020-04-03T19:40:22+00:00","dateModified":"2020-04-03T19:40:22+00:00","breadcrumb":{"@id":"https:\/\/www.juma.es\/tienda\/producto\/dispensador-de-aerosol-termico-con-control-electronico-digital#breadcrumb"},"inLanguage":"es","potentialAction":[{"@type":"ReadAction","target":["https:\/\/www.juma.es\/tienda\/producto\/dispensador-de-aerosol-termico-con-control-electronico-digital"]}]},{"@type":"BreadcrumbList","@id":"https:\/\/www.juma.es\/tienda\/producto\/dispensador-de-aerosol-termico-con-control-electronico-digital#breadcrumb","itemListElement":[{"@type":"ListItem","position":1,"name":"Portada","item":"https:\/\/www.juma.es\/tienda\/"},{"@type":"ListItem","position":2,"name":"Tienda","item":"https:\/\/www.juma.es\/tienda\/tienda"},{"@type":"ListItem","position":3,"name":"Dispensador de aerosol t\u00e9rmico con control electr\u00f3nico digital"}]},{"@type":"WebSite","@id":"https:\/\/www.juma.es\/tienda\/#website","url":"https:\/\/www.juma.es\/tienda\/","name":"Tienda Juma","description":"Tienda de seguridad y emergencia","publisher":{"@id":"https:\/\/www.juma.es\/tienda\/#organization"},"potentialAction":[{"@type":"SearchAction","target":{"@type":"EntryPoint","urlTemplate":"https:\/\/www.juma.es\/tienda\/?s={search_term_string}"},"query-input":"required name=search_term_string"}],"inLanguage":"es"},{"@type":"Organization","@id":"https:\/\/www.juma.es\/tienda\/#organization","name":"Tienda Juma","url":"https:\/\/www.juma.es\/tienda\/","logo":{"@type":"ImageObject","inLanguage":"es","@id":"https:\/\/www.juma.es\/tienda\/#\/schema\/logo\/image\/","url":"https:\/\/www.juma.es\/tienda\/wp-content\/uploads\/2023\/03\/cropped-Logo-JUMA-2019.png","contentUrl":"https:\/\/www.juma.es\/tienda\/wp-content\/uploads\/2023\/03\/cropped-Logo-JUMA-2019.png","width":653,"height":197,"caption":"Tienda Juma"},"image":{"@id":"https:\/\/www.juma.es\/tienda\/#\/schema\/logo\/image\/"}}]}},"_links":{"self":[{"href":"https:\/\/www.juma.es\/tienda\/wp-json\/wp\/v2\/product\/1153"}],"collection":[{"href":"https:\/\/www.juma.es\/tienda\/wp-json\/wp\/v2\/product"}],"about":[{"href":"https:\/\/www.juma.es\/tienda\/wp-json\/wp\/v2\/types\/product"}],"replies":[{"embeddable":true,"href":"https:\/\/www.juma.es\/tienda\/wp-json\/wp\/v2\/comments?post=1153"}],"version-history":[{"count":0,"href":"https:\/\/www.juma.es\/tienda\/wp-json\/wp\/v2\/product\/1153\/revisions"}],"wp:featuredmedia":[{"embeddable":true,"href":"https:\/\/www.juma.es\/tienda\/wp-json\/wp\/v2\/media\/1152"}],"wp:attachment":[{"href":"https:\/\/www.juma.es\/tienda\/wp-json\/wp\/v2\/media?parent=1153"}],"wp:term":[{"taxonomy":"product_cat","embeddable":true,"href":"https:\/\/www.juma.es\/tienda\/wp-json\/wp\/v2\/product_cat?post=1153"},{"taxonomy":"product_tag","embeddable":true,"href":"https:\/\/www.juma.es\/tienda\/wp-json\/wp\/v2\/product_tag?post=1153"}],"curies":[{"name":"wp","href":"https:\/\/api.w.org\/{rel}","templated":true}]}}