{"id":1147,"date":"2020-04-03T18:59:02","date_gmt":"2020-04-03T18:59:02","guid":{"rendered":"http:\/\/juma.centraldemarketing.es\/producto\/mochila-pulverizadora-flexible-de-18-litros"},"modified":"2020-04-03T18:59:02","modified_gmt":"2020-04-03T18:59:02","slug":"mochila-pulverizadora-flexible-de-18-litros","status":"publish","type":"product","link":"https:\/\/www.juma.es\/tienda\/producto\/mochila-pulverizadora-flexible-de-18-litros","title":{"rendered":"Mochila pulverizadora flexible de 18 litros"},"content":{"rendered":"<p><strong>Caracter\u00edsticas<\/strong><\/p>\n<p>\u2022 Capacidad de 18 litros.<\/p>\n<p>\u2022 Dep\u00f3sito: Lona termosoldada reforzada con tejido sint\u00e9tico.<\/p>\n<p>\u2022 Lanza de lat\u00f3n cromado con empu\u00f1aduras de agarre de material pl\u00e1stico.<\/p>\n<p>\u2022 Boca de llenado 100 mm, con tap\u00f3n estanco<\/p>\n<p>\u2022 Medidas: alto 64,5 cm x ancho 48,5 cm<\/p>\n<p>\u2022 Peso en vac\u00edo: 950grs.<\/p>\n<p>\u2022 Alcance del chorro + \/ &#8211; 12mts, alcance pulverizaci\u00f3n 3 metros<\/p>\n","protected":false},"excerpt":{"rendered":"<p>Mochila extintora flexible para el uso en tareas de descontaminaci\u00f3n.<\/p>\n<p>Almacenaje seguro, f\u00e1cil de usar y de gran eficiencia.\u00a0 Capaz de emitir un chorro continuo ajustable tipo chorro \/ pulverizaci\u00f3n a un caudal de 120 cm3\/ciclo y a una distancia de hasta 8 metros.<\/p>\n","protected":false},"featured_media":1146,"comment_status":"open","ping_status":"closed","template":"","meta":{"site-sidebar-layout":"default","site-content-layout":"default","ast-global-header-display":"","ast-main-header-display":"","ast-hfb-above-header-display":"","ast-hfb-below-header-display":"","ast-hfb-mobile-header-display":"","site-post-title":"","ast-breadcrumbs-content":"","ast-featured-img":"","footer-sml-layout":"","theme-transparent-header-meta":"","adv-header-id-meta":"","stick-header-meta":"","header-above-stick-meta":"","header-main-stick-meta":"","header-below-stick-meta":""},"product_cat":[16,33,26],"product_tag":[],"yoast_head":"<!-- This site is optimized with the Yoast SEO plugin v20.2.1 - https:\/\/yoast.com\/wordpress\/plugins\/seo\/ -->\n<title>Mochila pulverizadora flexible de 18 litros - Tienda Juma<\/title>\n<meta name=\"robots\" content=\"index, follow, max-snippet:-1, max-image-preview:large, max-video-preview:-1\" \/>\n<link rel=\"canonical\" href=\"https:\/\/www.juma.es\/tienda\/producto\/mochila-pulverizadora-flexible-de-18-litros\" \/>\n<meta property=\"og:locale\" content=\"es_ES\" \/>\n<meta property=\"og:type\" content=\"article\" \/>\n<meta property=\"og:title\" content=\"Mochila pulverizadora flexible de 18 litros - Tienda Juma\" \/>\n<meta property=\"og:description\" content=\"Mochila extintora flexible para el uso en tareas de descontaminaci\u00f3n. Almacenaje seguro, f\u00e1cil de usar y de gran eficiencia.\u00a0 Capaz de emitir un chorro continuo ajustable tipo chorro \/ pulverizaci\u00f3n a un caudal de 120 cm3\/ciclo y a una distancia de hasta 8 metros.\" \/>\n<meta property=\"og:url\" content=\"https:\/\/www.juma.es\/tienda\/producto\/mochila-pulverizadora-flexible-de-18-litros\" \/>\n<meta property=\"og:site_name\" content=\"Tienda Juma\" \/>\n<meta property=\"og:image\" content=\"https:\/\/www.juma.es\/tienda\/wp-content\/uploads\/2020\/04\/573-Mochila-pulverizadora-flexible-de-18-litros.jpg\" \/>\n\t<meta property=\"og:image:width\" content=\"400\" \/>\n\t<meta property=\"og:image:height\" content=\"400\" \/>\n\t<meta property=\"og:image:type\" content=\"image\/jpeg\" \/>\n<meta name=\"twitter:card\" content=\"summary_large_image\" \/>\n<script type=\"application\/ld+json\" class=\"yoast-schema-graph\">{\"@context\":\"https:\/\/schema.org\",\"@graph\":[{\"@type\":\"WebPage\",\"@id\":\"https:\/\/www.juma.es\/tienda\/producto\/mochila-pulverizadora-flexible-de-18-litros\",\"url\":\"https:\/\/www.juma.es\/tienda\/producto\/mochila-pulverizadora-flexible-de-18-litros\",\"name\":\"Mochila pulverizadora flexible de 18 litros - Tienda Juma\",\"isPartOf\":{\"@id\":\"https:\/\/www.juma.es\/tienda\/#website\"},\"datePublished\":\"2020-04-03T18:59:02+00:00\",\"dateModified\":\"2020-04-03T18:59:02+00:00\",\"breadcrumb\":{\"@id\":\"https:\/\/www.juma.es\/tienda\/producto\/mochila-pulverizadora-flexible-de-18-litros#breadcrumb\"},\"inLanguage\":\"es\",\"potentialAction\":[{\"@type\":\"ReadAction\",\"target\":[\"https:\/\/www.juma.es\/tienda\/producto\/mochila-pulverizadora-flexible-de-18-litros\"]}]},{\"@type\":\"BreadcrumbList\",\"@id\":\"https:\/\/www.juma.es\/tienda\/producto\/mochila-pulverizadora-flexible-de-18-litros#breadcrumb\",\"itemListElement\":[{\"@type\":\"ListItem\",\"position\":1,\"name\":\"Portada\",\"item\":\"https:\/\/www.juma.es\/tienda\/\"},{\"@type\":\"ListItem\",\"position\":2,\"name\":\"Tienda\",\"item\":\"https:\/\/www.juma.es\/tienda\/tienda\"},{\"@type\":\"ListItem\",\"position\":3,\"name\":\"Mochila pulverizadora flexible de 18 litros\"}]},{\"@type\":\"WebSite\",\"@id\":\"https:\/\/www.juma.es\/tienda\/#website\",\"url\":\"https:\/\/www.juma.es\/tienda\/\",\"name\":\"Tienda Juma\",\"description\":\"Tienda de seguridad y emergencia\",\"publisher\":{\"@id\":\"https:\/\/www.juma.es\/tienda\/#organization\"},\"potentialAction\":[{\"@type\":\"SearchAction\",\"target\":{\"@type\":\"EntryPoint\",\"urlTemplate\":\"https:\/\/www.juma.es\/tienda\/?s={search_term_string}\"},\"query-input\":\"required name=search_term_string\"}],\"inLanguage\":\"es\"},{\"@type\":\"Organization\",\"@id\":\"https:\/\/www.juma.es\/tienda\/#organization\",\"name\":\"Tienda Juma\",\"url\":\"https:\/\/www.juma.es\/tienda\/\",\"logo\":{\"@type\":\"ImageObject\",\"inLanguage\":\"es\",\"@id\":\"https:\/\/www.juma.es\/tienda\/#\/schema\/logo\/image\/\",\"url\":\"https:\/\/www.juma.es\/tienda\/wp-content\/uploads\/2023\/03\/cropped-Logo-JUMA-2019.png\",\"contentUrl\":\"https:\/\/www.juma.es\/tienda\/wp-content\/uploads\/2023\/03\/cropped-Logo-JUMA-2019.png\",\"width\":653,\"height\":197,\"caption\":\"Tienda Juma\"},\"image\":{\"@id\":\"https:\/\/www.juma.es\/tienda\/#\/schema\/logo\/image\/\"}}]}<\/script>\n<!-- \/ Yoast SEO plugin. -->","yoast_head_json":{"title":"Mochila pulverizadora flexible de 18 litros - Tienda Juma","robots":{"index":"index","follow":"follow","max-snippet":"max-snippet:-1","max-image-preview":"max-image-preview:large","max-video-preview":"max-video-preview:-1"},"canonical":"https:\/\/www.juma.es\/tienda\/producto\/mochila-pulverizadora-flexible-de-18-litros","og_locale":"es_ES","og_type":"article","og_title":"Mochila pulverizadora flexible de 18 litros - Tienda Juma","og_description":"Mochila extintora flexible para el uso en tareas de descontaminaci\u00f3n. Almacenaje seguro, f\u00e1cil de usar y de gran eficiencia.\u00a0 Capaz de emitir un chorro continuo ajustable tipo chorro \/ pulverizaci\u00f3n a un caudal de 120 cm3\/ciclo y a una distancia de hasta 8 metros.","og_url":"https:\/\/www.juma.es\/tienda\/producto\/mochila-pulverizadora-flexible-de-18-litros","og_site_name":"Tienda Juma","og_image":[{"width":400,"height":400,"url":"https:\/\/www.juma.es\/tienda\/wp-content\/uploads\/2020\/04\/573-Mochila-pulverizadora-flexible-de-18-litros.jpg","type":"image\/jpeg"}],"twitter_card":"summary_large_image","schema":{"@context":"https:\/\/schema.org","@graph":[{"@type":"WebPage","@id":"https:\/\/www.juma.es\/tienda\/producto\/mochila-pulverizadora-flexible-de-18-litros","url":"https:\/\/www.juma.es\/tienda\/producto\/mochila-pulverizadora-flexible-de-18-litros","name":"Mochila pulverizadora flexible de 18 litros - Tienda Juma","isPartOf":{"@id":"https:\/\/www.juma.es\/tienda\/#website"},"datePublished":"2020-04-03T18:59:02+00:00","dateModified":"2020-04-03T18:59:02+00:00","breadcrumb":{"@id":"https:\/\/www.juma.es\/tienda\/producto\/mochila-pulverizadora-flexible-de-18-litros#breadcrumb"},"inLanguage":"es","potentialAction":[{"@type":"ReadAction","target":["https:\/\/www.juma.es\/tienda\/producto\/mochila-pulverizadora-flexible-de-18-litros"]}]},{"@type":"BreadcrumbList","@id":"https:\/\/www.juma.es\/tienda\/producto\/mochila-pulverizadora-flexible-de-18-litros#breadcrumb","itemListElement":[{"@type":"ListItem","position":1,"name":"Portada","item":"https:\/\/www.juma.es\/tienda\/"},{"@type":"ListItem","position":2,"name":"Tienda","item":"https:\/\/www.juma.es\/tienda\/tienda"},{"@type":"ListItem","position":3,"name":"Mochila pulverizadora flexible de 18 litros"}]},{"@type":"WebSite","@id":"https:\/\/www.juma.es\/tienda\/#website","url":"https:\/\/www.juma.es\/tienda\/","name":"Tienda Juma","description":"Tienda de seguridad y emergencia","publisher":{"@id":"https:\/\/www.juma.es\/tienda\/#organization"},"potentialAction":[{"@type":"SearchAction","target":{"@type":"EntryPoint","urlTemplate":"https:\/\/www.juma.es\/tienda\/?s={search_term_string}"},"query-input":"required name=search_term_string"}],"inLanguage":"es"},{"@type":"Organization","@id":"https:\/\/www.juma.es\/tienda\/#organization","name":"Tienda Juma","url":"https:\/\/www.juma.es\/tienda\/","logo":{"@type":"ImageObject","inLanguage":"es","@id":"https:\/\/www.juma.es\/tienda\/#\/schema\/logo\/image\/","url":"https:\/\/www.juma.es\/tienda\/wp-content\/uploads\/2023\/03\/cropped-Logo-JUMA-2019.png","contentUrl":"https:\/\/www.juma.es\/tienda\/wp-content\/uploads\/2023\/03\/cropped-Logo-JUMA-2019.png","width":653,"height":197,"caption":"Tienda Juma"},"image":{"@id":"https:\/\/www.juma.es\/tienda\/#\/schema\/logo\/image\/"}}]}},"_links":{"self":[{"href":"https:\/\/www.juma.es\/tienda\/wp-json\/wp\/v2\/product\/1147"}],"collection":[{"href":"https:\/\/www.juma.es\/tienda\/wp-json\/wp\/v2\/product"}],"about":[{"href":"https:\/\/www.juma.es\/tienda\/wp-json\/wp\/v2\/types\/product"}],"replies":[{"embeddable":true,"href":"https:\/\/www.juma.es\/tienda\/wp-json\/wp\/v2\/comments?post=1147"}],"version-history":[{"count":0,"href":"https:\/\/www.juma.es\/tienda\/wp-json\/wp\/v2\/product\/1147\/revisions"}],"wp:featuredmedia":[{"embeddable":true,"href":"https:\/\/www.juma.es\/tienda\/wp-json\/wp\/v2\/media\/1146"}],"wp:attachment":[{"href":"https:\/\/www.juma.es\/tienda\/wp-json\/wp\/v2\/media?parent=1147"}],"wp:term":[{"taxonomy":"product_cat","embeddable":true,"href":"https:\/\/www.juma.es\/tienda\/wp-json\/wp\/v2\/product_cat?post=1147"},{"taxonomy":"product_tag","embeddable":true,"href":"https:\/\/www.juma.es\/tienda\/wp-json\/wp\/v2\/product_tag?post=1147"}],"curies":[{"name":"wp","href":"https:\/\/api.w.org\/{rel}","templated":true}]}}