{"id":1145,"date":"2020-04-03T18:53:26","date_gmt":"2020-04-03T18:53:26","guid":{"rendered":"http:\/\/juma.centraldemarketing.es\/producto\/toallita-descontaminante-biodegradable-xl-60x30-1-ud"},"modified":"2020-04-03T18:53:26","modified_gmt":"2020-04-03T18:53:26","slug":"toallita-descontaminante-biodegradable-xl-60x30-1-ud","status":"publish","type":"product","link":"https:\/\/www.juma.es\/tienda\/producto\/toallita-descontaminante-biodegradable-xl-60x30-1-ud","title":{"rendered":"Toallita descontaminante biodegradable XL  60&#215;30 &#8211; 1 ud."},"content":{"rendered":"<p><strong>Ventajas del producto<\/strong><\/p>\n<ul>\n<li>Formulaci\u00f3n \u00fanica encapsulante, remueve las toxinas y bloquea la entrada de contaminantes.<\/li>\n<li>La \u00fanica toallita descontaminante biodegradable del mercado.<\/li>\n<li>Cuida tu piel, f\u00f3rmula libre de alcohol.<\/li>\n<li>Testado dermatol\u00f3gicamente.<\/li>\n<li>Humedad duradera.<\/li>\n<li>Toallita con efecto fr\u00edo.<\/li>\n<li>Cient\u00edficamente testado y aprobado contra 17 de las dioxinas cloradas m\u00e1s t\u00f3xicas.<\/li>\n<li>Cient\u00edficamente testado y aprobado contra 8 de los hidrocarburos arom\u00e1ticos polic\u00edclicos.<\/li>\n<li>Eliminan m\u00e1s del 99% de contaminantes presentes en la piel tras el servicio: part\u00edculas, bacterias, restos HAP Hidrocarburos arom\u00e1ticos Polic\u00edclicos tales como el Benzopireno, (estudio a\u00f1o realizado y aprobado por la Manchester Metropolitan University, Report Number: R\/DW001\/F, 6 de agosto 2019).<\/li>\n<\/ul>\n","protected":false},"excerpt":{"rendered":"<p>Las \u00fanicas toallitas descontaminantes biodegradables que remueven las toxinas y bloquean la entrada de contaminantes en la piel.<\/p>\n<p>Toallitas humedas para limpieza instant\u00e1nea de las partes visibles despu\u00e9s de una emergencia: cara, cuello, manos, mu\u00f1ecas, orejas y nariz. Dise\u00f1adas para bomberos, polic\u00edas, militares y servicios de emergencias<\/p>\n<p>Pedido m\u00ednimo: 10 und.<\/p>\n","protected":false},"featured_media":1143,"comment_status":"open","ping_status":"closed","template":"","meta":{"site-sidebar-layout":"default","site-content-layout":"default","ast-global-header-display":"","ast-main-header-display":"","ast-hfb-above-header-display":"","ast-hfb-below-header-display":"","ast-hfb-mobile-header-display":"","site-post-title":"","ast-breadcrumbs-content":"","ast-featured-img":"","footer-sml-layout":"","theme-transparent-header-meta":"","adv-header-id-meta":"","stick-header-meta":"","header-above-stick-meta":"","header-main-stick-meta":"","header-below-stick-meta":""},"product_cat":[16,48,26],"product_tag":[],"yoast_head":"<!-- This site is optimized with the Yoast SEO plugin v20.2.1 - https:\/\/yoast.com\/wordpress\/plugins\/seo\/ -->\n<title>Toallita descontaminante biodegradable XL 60x30 - 1 ud. - Tienda Juma<\/title>\n<meta name=\"robots\" content=\"index, follow, max-snippet:-1, max-image-preview:large, max-video-preview:-1\" \/>\n<link rel=\"canonical\" href=\"https:\/\/www.juma.es\/tienda\/producto\/toallita-descontaminante-biodegradable-xl-60x30-1-ud\" \/>\n<meta property=\"og:locale\" content=\"es_ES\" \/>\n<meta property=\"og:type\" content=\"article\" \/>\n<meta property=\"og:title\" content=\"Toallita descontaminante biodegradable XL 60x30 - 1 ud. - Tienda Juma\" \/>\n<meta property=\"og:description\" content=\"Las \u00fanicas toallitas descontaminantes biodegradables que remueven las toxinas y bloquean la entrada de contaminantes en la piel. Toallitas humedas para limpieza instant\u00e1nea de las partes visibles despu\u00e9s de una emergencia: cara, cuello, manos, mu\u00f1ecas, orejas y nariz. Dise\u00f1adas para bomberos, polic\u00edas, militares y servicios de emergencias Pedido m\u00ednimo: 10 und.\" \/>\n<meta property=\"og:url\" content=\"https:\/\/www.juma.es\/tienda\/producto\/toallita-descontaminante-biodegradable-xl-60x30-1-ud\" \/>\n<meta property=\"og:site_name\" content=\"Tienda Juma\" \/>\n<meta property=\"og:image\" content=\"https:\/\/www.juma.es\/tienda\/wp-content\/uploads\/2020\/04\/578-Toallita-descontaminante-biodegradable-XL-60x30-1-ud.jpg\" \/>\n\t<meta property=\"og:image:width\" content=\"595\" \/>\n\t<meta property=\"og:image:height\" content=\"341\" \/>\n\t<meta property=\"og:image:type\" content=\"image\/jpeg\" \/>\n<meta name=\"twitter:card\" content=\"summary_large_image\" \/>\n<meta name=\"twitter:label1\" content=\"Tiempo de lectura\" \/>\n\t<meta name=\"twitter:data1\" content=\"1 minuto\" \/>\n<script type=\"application\/ld+json\" class=\"yoast-schema-graph\">{\"@context\":\"https:\/\/schema.org\",\"@graph\":[{\"@type\":\"WebPage\",\"@id\":\"https:\/\/www.juma.es\/tienda\/producto\/toallita-descontaminante-biodegradable-xl-60x30-1-ud\",\"url\":\"https:\/\/www.juma.es\/tienda\/producto\/toallita-descontaminante-biodegradable-xl-60x30-1-ud\",\"name\":\"Toallita descontaminante biodegradable XL 60x30 - 1 ud. - Tienda Juma\",\"isPartOf\":{\"@id\":\"https:\/\/www.juma.es\/tienda\/#website\"},\"datePublished\":\"2020-04-03T18:53:26+00:00\",\"dateModified\":\"2020-04-03T18:53:26+00:00\",\"breadcrumb\":{\"@id\":\"https:\/\/www.juma.es\/tienda\/producto\/toallita-descontaminante-biodegradable-xl-60x30-1-ud#breadcrumb\"},\"inLanguage\":\"es\",\"potentialAction\":[{\"@type\":\"ReadAction\",\"target\":[\"https:\/\/www.juma.es\/tienda\/producto\/toallita-descontaminante-biodegradable-xl-60x30-1-ud\"]}]},{\"@type\":\"BreadcrumbList\",\"@id\":\"https:\/\/www.juma.es\/tienda\/producto\/toallita-descontaminante-biodegradable-xl-60x30-1-ud#breadcrumb\",\"itemListElement\":[{\"@type\":\"ListItem\",\"position\":1,\"name\":\"Portada\",\"item\":\"https:\/\/www.juma.es\/tienda\/\"},{\"@type\":\"ListItem\",\"position\":2,\"name\":\"Tienda\",\"item\":\"https:\/\/www.juma.es\/tienda\/tienda\"},{\"@type\":\"ListItem\",\"position\":3,\"name\":\"Toallita descontaminante biodegradable XL 60&#215;30 &#8211; 1 ud.\"}]},{\"@type\":\"WebSite\",\"@id\":\"https:\/\/www.juma.es\/tienda\/#website\",\"url\":\"https:\/\/www.juma.es\/tienda\/\",\"name\":\"Tienda Juma\",\"description\":\"Tienda de seguridad y emergencia\",\"publisher\":{\"@id\":\"https:\/\/www.juma.es\/tienda\/#organization\"},\"potentialAction\":[{\"@type\":\"SearchAction\",\"target\":{\"@type\":\"EntryPoint\",\"urlTemplate\":\"https:\/\/www.juma.es\/tienda\/?s={search_term_string}\"},\"query-input\":\"required name=search_term_string\"}],\"inLanguage\":\"es\"},{\"@type\":\"Organization\",\"@id\":\"https:\/\/www.juma.es\/tienda\/#organization\",\"name\":\"Tienda Juma\",\"url\":\"https:\/\/www.juma.es\/tienda\/\",\"logo\":{\"@type\":\"ImageObject\",\"inLanguage\":\"es\",\"@id\":\"https:\/\/www.juma.es\/tienda\/#\/schema\/logo\/image\/\",\"url\":\"https:\/\/www.juma.es\/tienda\/wp-content\/uploads\/2023\/03\/cropped-Logo-JUMA-2019.png\",\"contentUrl\":\"https:\/\/www.juma.es\/tienda\/wp-content\/uploads\/2023\/03\/cropped-Logo-JUMA-2019.png\",\"width\":653,\"height\":197,\"caption\":\"Tienda Juma\"},\"image\":{\"@id\":\"https:\/\/www.juma.es\/tienda\/#\/schema\/logo\/image\/\"}}]}<\/script>\n<!-- \/ Yoast SEO plugin. -->","yoast_head_json":{"title":"Toallita descontaminante biodegradable XL 60x30 - 1 ud. - Tienda Juma","robots":{"index":"index","follow":"follow","max-snippet":"max-snippet:-1","max-image-preview":"max-image-preview:large","max-video-preview":"max-video-preview:-1"},"canonical":"https:\/\/www.juma.es\/tienda\/producto\/toallita-descontaminante-biodegradable-xl-60x30-1-ud","og_locale":"es_ES","og_type":"article","og_title":"Toallita descontaminante biodegradable XL 60x30 - 1 ud. - Tienda Juma","og_description":"Las \u00fanicas toallitas descontaminantes biodegradables que remueven las toxinas y bloquean la entrada de contaminantes en la piel. Toallitas humedas para limpieza instant\u00e1nea de las partes visibles despu\u00e9s de una emergencia: cara, cuello, manos, mu\u00f1ecas, orejas y nariz. Dise\u00f1adas para bomberos, polic\u00edas, militares y servicios de emergencias Pedido m\u00ednimo: 10 und.","og_url":"https:\/\/www.juma.es\/tienda\/producto\/toallita-descontaminante-biodegradable-xl-60x30-1-ud","og_site_name":"Tienda Juma","og_image":[{"width":595,"height":341,"url":"https:\/\/www.juma.es\/tienda\/wp-content\/uploads\/2020\/04\/578-Toallita-descontaminante-biodegradable-XL-60x30-1-ud.jpg","type":"image\/jpeg"}],"twitter_card":"summary_large_image","twitter_misc":{"Tiempo de lectura":"1 minuto"},"schema":{"@context":"https:\/\/schema.org","@graph":[{"@type":"WebPage","@id":"https:\/\/www.juma.es\/tienda\/producto\/toallita-descontaminante-biodegradable-xl-60x30-1-ud","url":"https:\/\/www.juma.es\/tienda\/producto\/toallita-descontaminante-biodegradable-xl-60x30-1-ud","name":"Toallita descontaminante biodegradable XL 60x30 - 1 ud. - Tienda Juma","isPartOf":{"@id":"https:\/\/www.juma.es\/tienda\/#website"},"datePublished":"2020-04-03T18:53:26+00:00","dateModified":"2020-04-03T18:53:26+00:00","breadcrumb":{"@id":"https:\/\/www.juma.es\/tienda\/producto\/toallita-descontaminante-biodegradable-xl-60x30-1-ud#breadcrumb"},"inLanguage":"es","potentialAction":[{"@type":"ReadAction","target":["https:\/\/www.juma.es\/tienda\/producto\/toallita-descontaminante-biodegradable-xl-60x30-1-ud"]}]},{"@type":"BreadcrumbList","@id":"https:\/\/www.juma.es\/tienda\/producto\/toallita-descontaminante-biodegradable-xl-60x30-1-ud#breadcrumb","itemListElement":[{"@type":"ListItem","position":1,"name":"Portada","item":"https:\/\/www.juma.es\/tienda\/"},{"@type":"ListItem","position":2,"name":"Tienda","item":"https:\/\/www.juma.es\/tienda\/tienda"},{"@type":"ListItem","position":3,"name":"Toallita descontaminante biodegradable XL 60&#215;30 &#8211; 1 ud."}]},{"@type":"WebSite","@id":"https:\/\/www.juma.es\/tienda\/#website","url":"https:\/\/www.juma.es\/tienda\/","name":"Tienda Juma","description":"Tienda de seguridad y emergencia","publisher":{"@id":"https:\/\/www.juma.es\/tienda\/#organization"},"potentialAction":[{"@type":"SearchAction","target":{"@type":"EntryPoint","urlTemplate":"https:\/\/www.juma.es\/tienda\/?s={search_term_string}"},"query-input":"required name=search_term_string"}],"inLanguage":"es"},{"@type":"Organization","@id":"https:\/\/www.juma.es\/tienda\/#organization","name":"Tienda Juma","url":"https:\/\/www.juma.es\/tienda\/","logo":{"@type":"ImageObject","inLanguage":"es","@id":"https:\/\/www.juma.es\/tienda\/#\/schema\/logo\/image\/","url":"https:\/\/www.juma.es\/tienda\/wp-content\/uploads\/2023\/03\/cropped-Logo-JUMA-2019.png","contentUrl":"https:\/\/www.juma.es\/tienda\/wp-content\/uploads\/2023\/03\/cropped-Logo-JUMA-2019.png","width":653,"height":197,"caption":"Tienda Juma"},"image":{"@id":"https:\/\/www.juma.es\/tienda\/#\/schema\/logo\/image\/"}}]}},"_links":{"self":[{"href":"https:\/\/www.juma.es\/tienda\/wp-json\/wp\/v2\/product\/1145"}],"collection":[{"href":"https:\/\/www.juma.es\/tienda\/wp-json\/wp\/v2\/product"}],"about":[{"href":"https:\/\/www.juma.es\/tienda\/wp-json\/wp\/v2\/types\/product"}],"replies":[{"embeddable":true,"href":"https:\/\/www.juma.es\/tienda\/wp-json\/wp\/v2\/comments?post=1145"}],"version-history":[{"count":0,"href":"https:\/\/www.juma.es\/tienda\/wp-json\/wp\/v2\/product\/1145\/revisions"}],"wp:featuredmedia":[{"embeddable":true,"href":"https:\/\/www.juma.es\/tienda\/wp-json\/wp\/v2\/media\/1143"}],"wp:attachment":[{"href":"https:\/\/www.juma.es\/tienda\/wp-json\/wp\/v2\/media?parent=1145"}],"wp:term":[{"taxonomy":"product_cat","embeddable":true,"href":"https:\/\/www.juma.es\/tienda\/wp-json\/wp\/v2\/product_cat?post=1145"},{"taxonomy":"product_tag","embeddable":true,"href":"https:\/\/www.juma.es\/tienda\/wp-json\/wp\/v2\/product_tag?post=1145"}],"curies":[{"name":"wp","href":"https:\/\/api.w.org\/{rel}","templated":true}]}}