{"id":1130,"date":"2020-04-03T13:50:53","date_gmt":"2020-04-03T13:50:53","guid":{"rendered":"http:\/\/juma.centraldemarketing.es\/producto\/kit-de-descontaminacion-con-deposito-flexible-700l"},"modified":"2020-04-03T13:50:53","modified_gmt":"2020-04-03T13:50:53","slug":"kit-de-descontaminacion-con-deposito-flexible-700l","status":"publish","type":"product","link":"https:\/\/www.juma.es\/tienda\/producto\/kit-de-descontaminacion-con-deposito-flexible-700l","title":{"rendered":"Kit de descontaminaci\u00f3n con dep\u00f3sito flexible 400L."},"content":{"rendered":"<p><strong>Dep\u00f3sito<\/strong><\/p>\n<p>\u2022 Material: Lona de poli\u00e9ster de alta tenacidad.<\/p>\n<p>\u2022 Capacidad: 400 litros.<\/p>\n<p>\u2022 Entrada para cargar el tanque por succi\u00f3n con mangote.<\/p>\n<p>\u2022 Llave de paso (T) para dep\u00f3sito y absorci\u00f3n.<\/p>\n<\/p>\n<p><span style=\"text-decoration:underline;\"><strong>Caracter\u00edsticas<\/strong><\/span><\/p>\n<p><strong>Dep\u00f3sito<\/strong>: 400L<\/p>\n<p><strong>Motor<\/strong>: Honda GX160<\/p>\n<p><strong>Potencia<\/strong>: 4,8 CV<\/p>\n<p><strong>Bomba<\/strong>: AR30<\/p>\n<p><strong>Presi\u00f3n max<\/strong>: 40 bar<\/p>\n<p><strong>Caudal<\/strong> <strong>max<\/strong>.: 36 l\/min<\/p><\/p>\n","protected":false},"excerpt":{"rendered":"<p>Kit de intervenci\u00f3n r\u00e1pida para tareas de extinci\u00f3n y descontaminaci\u00f3n con tanque de agua fabricado en lona flexible. F\u00e1cil de montar y desmontar en<\/p>\n<p>veh\u00edculos pickup y remolques.<\/p>\n<p>Lanza de ataque incluida.<\/p>\n","protected":false},"featured_media":1129,"comment_status":"open","ping_status":"closed","template":"","meta":{"site-sidebar-layout":"default","site-content-layout":"default","ast-global-header-display":"","ast-main-header-display":"","ast-hfb-above-header-display":"","ast-hfb-below-header-display":"","ast-hfb-mobile-header-display":"","site-post-title":"","ast-breadcrumbs-content":"","ast-featured-img":"","footer-sml-layout":"","theme-transparent-header-meta":"","adv-header-id-meta":"","stick-header-meta":"","header-above-stick-meta":"","header-main-stick-meta":"","header-below-stick-meta":""},"product_cat":[16,33,26],"product_tag":[],"yoast_head":"<!-- This site is optimized with the Yoast SEO plugin v20.2.1 - https:\/\/yoast.com\/wordpress\/plugins\/seo\/ -->\n<title>Kit de descontaminaci\u00f3n con dep\u00f3sito flexible 400L. - Tienda Juma<\/title>\n<meta name=\"robots\" content=\"index, follow, max-snippet:-1, max-image-preview:large, max-video-preview:-1\" \/>\n<link rel=\"canonical\" href=\"https:\/\/www.juma.es\/tienda\/producto\/kit-de-descontaminacion-con-deposito-flexible-700l\" \/>\n<meta property=\"og:locale\" content=\"es_ES\" \/>\n<meta property=\"og:type\" content=\"article\" \/>\n<meta property=\"og:title\" content=\"Kit de descontaminaci\u00f3n con dep\u00f3sito flexible 400L. - Tienda Juma\" \/>\n<meta property=\"og:description\" content=\"Kit de intervenci\u00f3n r\u00e1pida para tareas de extinci\u00f3n y descontaminaci\u00f3n con tanque de agua fabricado en lona flexible. F\u00e1cil de montar y desmontar en veh\u00edculos pickup y remolques. Lanza de ataque incluida.\" \/>\n<meta property=\"og:url\" content=\"https:\/\/www.juma.es\/tienda\/producto\/kit-de-descontaminacion-con-deposito-flexible-700l\" \/>\n<meta property=\"og:site_name\" content=\"Tienda Juma\" \/>\n<meta property=\"og:image\" content=\"https:\/\/www.juma.es\/tienda\/wp-content\/uploads\/2020\/04\/561-Kit-de-descontaminacion-con-deposito-flexible-400L.jpg\" \/>\n\t<meta property=\"og:image:width\" content=\"800\" \/>\n\t<meta property=\"og:image:height\" content=\"800\" \/>\n\t<meta property=\"og:image:type\" content=\"image\/jpeg\" \/>\n<meta name=\"twitter:card\" content=\"summary_large_image\" \/>\n<script type=\"application\/ld+json\" class=\"yoast-schema-graph\">{\"@context\":\"https:\/\/schema.org\",\"@graph\":[{\"@type\":\"WebPage\",\"@id\":\"https:\/\/www.juma.es\/tienda\/producto\/kit-de-descontaminacion-con-deposito-flexible-700l\",\"url\":\"https:\/\/www.juma.es\/tienda\/producto\/kit-de-descontaminacion-con-deposito-flexible-700l\",\"name\":\"Kit de descontaminaci\u00f3n con dep\u00f3sito flexible 400L. - Tienda Juma\",\"isPartOf\":{\"@id\":\"https:\/\/www.juma.es\/tienda\/#website\"},\"datePublished\":\"2020-04-03T13:50:53+00:00\",\"dateModified\":\"2020-04-03T13:50:53+00:00\",\"breadcrumb\":{\"@id\":\"https:\/\/www.juma.es\/tienda\/producto\/kit-de-descontaminacion-con-deposito-flexible-700l#breadcrumb\"},\"inLanguage\":\"es\",\"potentialAction\":[{\"@type\":\"ReadAction\",\"target\":[\"https:\/\/www.juma.es\/tienda\/producto\/kit-de-descontaminacion-con-deposito-flexible-700l\"]}]},{\"@type\":\"BreadcrumbList\",\"@id\":\"https:\/\/www.juma.es\/tienda\/producto\/kit-de-descontaminacion-con-deposito-flexible-700l#breadcrumb\",\"itemListElement\":[{\"@type\":\"ListItem\",\"position\":1,\"name\":\"Portada\",\"item\":\"https:\/\/www.juma.es\/tienda\/\"},{\"@type\":\"ListItem\",\"position\":2,\"name\":\"Tienda\",\"item\":\"https:\/\/www.juma.es\/tienda\/tienda\"},{\"@type\":\"ListItem\",\"position\":3,\"name\":\"Kit de descontaminaci\u00f3n con dep\u00f3sito flexible 400L.\"}]},{\"@type\":\"WebSite\",\"@id\":\"https:\/\/www.juma.es\/tienda\/#website\",\"url\":\"https:\/\/www.juma.es\/tienda\/\",\"name\":\"Tienda Juma\",\"description\":\"Tienda de seguridad y emergencia\",\"publisher\":{\"@id\":\"https:\/\/www.juma.es\/tienda\/#organization\"},\"potentialAction\":[{\"@type\":\"SearchAction\",\"target\":{\"@type\":\"EntryPoint\",\"urlTemplate\":\"https:\/\/www.juma.es\/tienda\/?s={search_term_string}\"},\"query-input\":\"required name=search_term_string\"}],\"inLanguage\":\"es\"},{\"@type\":\"Organization\",\"@id\":\"https:\/\/www.juma.es\/tienda\/#organization\",\"name\":\"Tienda Juma\",\"url\":\"https:\/\/www.juma.es\/tienda\/\",\"logo\":{\"@type\":\"ImageObject\",\"inLanguage\":\"es\",\"@id\":\"https:\/\/www.juma.es\/tienda\/#\/schema\/logo\/image\/\",\"url\":\"https:\/\/www.juma.es\/tienda\/wp-content\/uploads\/2023\/03\/cropped-Logo-JUMA-2019.png\",\"contentUrl\":\"https:\/\/www.juma.es\/tienda\/wp-content\/uploads\/2023\/03\/cropped-Logo-JUMA-2019.png\",\"width\":653,\"height\":197,\"caption\":\"Tienda Juma\"},\"image\":{\"@id\":\"https:\/\/www.juma.es\/tienda\/#\/schema\/logo\/image\/\"}}]}<\/script>\n<!-- \/ Yoast SEO plugin. -->","yoast_head_json":{"title":"Kit de descontaminaci\u00f3n con dep\u00f3sito flexible 400L. - Tienda Juma","robots":{"index":"index","follow":"follow","max-snippet":"max-snippet:-1","max-image-preview":"max-image-preview:large","max-video-preview":"max-video-preview:-1"},"canonical":"https:\/\/www.juma.es\/tienda\/producto\/kit-de-descontaminacion-con-deposito-flexible-700l","og_locale":"es_ES","og_type":"article","og_title":"Kit de descontaminaci\u00f3n con dep\u00f3sito flexible 400L. - Tienda Juma","og_description":"Kit de intervenci\u00f3n r\u00e1pida para tareas de extinci\u00f3n y descontaminaci\u00f3n con tanque de agua fabricado en lona flexible. F\u00e1cil de montar y desmontar en veh\u00edculos pickup y remolques. Lanza de ataque incluida.","og_url":"https:\/\/www.juma.es\/tienda\/producto\/kit-de-descontaminacion-con-deposito-flexible-700l","og_site_name":"Tienda Juma","og_image":[{"width":800,"height":800,"url":"https:\/\/www.juma.es\/tienda\/wp-content\/uploads\/2020\/04\/561-Kit-de-descontaminacion-con-deposito-flexible-400L.jpg","type":"image\/jpeg"}],"twitter_card":"summary_large_image","schema":{"@context":"https:\/\/schema.org","@graph":[{"@type":"WebPage","@id":"https:\/\/www.juma.es\/tienda\/producto\/kit-de-descontaminacion-con-deposito-flexible-700l","url":"https:\/\/www.juma.es\/tienda\/producto\/kit-de-descontaminacion-con-deposito-flexible-700l","name":"Kit de descontaminaci\u00f3n con dep\u00f3sito flexible 400L. - Tienda Juma","isPartOf":{"@id":"https:\/\/www.juma.es\/tienda\/#website"},"datePublished":"2020-04-03T13:50:53+00:00","dateModified":"2020-04-03T13:50:53+00:00","breadcrumb":{"@id":"https:\/\/www.juma.es\/tienda\/producto\/kit-de-descontaminacion-con-deposito-flexible-700l#breadcrumb"},"inLanguage":"es","potentialAction":[{"@type":"ReadAction","target":["https:\/\/www.juma.es\/tienda\/producto\/kit-de-descontaminacion-con-deposito-flexible-700l"]}]},{"@type":"BreadcrumbList","@id":"https:\/\/www.juma.es\/tienda\/producto\/kit-de-descontaminacion-con-deposito-flexible-700l#breadcrumb","itemListElement":[{"@type":"ListItem","position":1,"name":"Portada","item":"https:\/\/www.juma.es\/tienda\/"},{"@type":"ListItem","position":2,"name":"Tienda","item":"https:\/\/www.juma.es\/tienda\/tienda"},{"@type":"ListItem","position":3,"name":"Kit de descontaminaci\u00f3n con dep\u00f3sito flexible 400L."}]},{"@type":"WebSite","@id":"https:\/\/www.juma.es\/tienda\/#website","url":"https:\/\/www.juma.es\/tienda\/","name":"Tienda Juma","description":"Tienda de seguridad y emergencia","publisher":{"@id":"https:\/\/www.juma.es\/tienda\/#organization"},"potentialAction":[{"@type":"SearchAction","target":{"@type":"EntryPoint","urlTemplate":"https:\/\/www.juma.es\/tienda\/?s={search_term_string}"},"query-input":"required name=search_term_string"}],"inLanguage":"es"},{"@type":"Organization","@id":"https:\/\/www.juma.es\/tienda\/#organization","name":"Tienda Juma","url":"https:\/\/www.juma.es\/tienda\/","logo":{"@type":"ImageObject","inLanguage":"es","@id":"https:\/\/www.juma.es\/tienda\/#\/schema\/logo\/image\/","url":"https:\/\/www.juma.es\/tienda\/wp-content\/uploads\/2023\/03\/cropped-Logo-JUMA-2019.png","contentUrl":"https:\/\/www.juma.es\/tienda\/wp-content\/uploads\/2023\/03\/cropped-Logo-JUMA-2019.png","width":653,"height":197,"caption":"Tienda Juma"},"image":{"@id":"https:\/\/www.juma.es\/tienda\/#\/schema\/logo\/image\/"}}]}},"_links":{"self":[{"href":"https:\/\/www.juma.es\/tienda\/wp-json\/wp\/v2\/product\/1130"}],"collection":[{"href":"https:\/\/www.juma.es\/tienda\/wp-json\/wp\/v2\/product"}],"about":[{"href":"https:\/\/www.juma.es\/tienda\/wp-json\/wp\/v2\/types\/product"}],"replies":[{"embeddable":true,"href":"https:\/\/www.juma.es\/tienda\/wp-json\/wp\/v2\/comments?post=1130"}],"version-history":[{"count":0,"href":"https:\/\/www.juma.es\/tienda\/wp-json\/wp\/v2\/product\/1130\/revisions"}],"wp:featuredmedia":[{"embeddable":true,"href":"https:\/\/www.juma.es\/tienda\/wp-json\/wp\/v2\/media\/1129"}],"wp:attachment":[{"href":"https:\/\/www.juma.es\/tienda\/wp-json\/wp\/v2\/media?parent=1130"}],"wp:term":[{"taxonomy":"product_cat","embeddable":true,"href":"https:\/\/www.juma.es\/tienda\/wp-json\/wp\/v2\/product_cat?post=1130"},{"taxonomy":"product_tag","embeddable":true,"href":"https:\/\/www.juma.es\/tienda\/wp-json\/wp\/v2\/product_tag?post=1130"}],"curies":[{"name":"wp","href":"https:\/\/api.w.org\/{rel}","templated":true}]}}