{"id":1044,"date":"2019-06-11T19:41:59","date_gmt":"2019-06-11T19:41:59","guid":{"rendered":"http:\/\/juma.centraldemarketing.es\/producto\/camara-ip-panasonic-bl-c160ce"},"modified":"2024-05-24T07:23:39","modified_gmt":"2024-05-24T07:23:39","slug":"camara-ip-panasonic-bl-c160ce","status":"publish","type":"product","link":"https:\/\/www.juma.es\/tienda\/producto\/camara-ip-panasonic-bl-c160ce","title":{"rendered":"Camara IP Panasonic BL-C160CE"},"content":{"rendered":"<dl>\n<dt><\/dt>\n<dd>5025232470822<\/dd>\n<dt><\/dt>\n<dd>\u00b7 El cuerpo resistente al agua te permite instalar la camara en el exterior.<\/p>\n<p>\u00b7 Las luces LED incorporadas se encienden autom\u00a0ticamente gracias al sensor de detecci\u00f3n.<\/p>\n<p>\u00b7 Fuente de alimentaci\u00f3n v\u00eda cable LAN (propietario PoE)Las im\u00a0genes MPEG-4 y JPEG pueden enviarse simult\u00a0neamente.<\/p>\n<p>\u00b7 La transmisi\u00f3n encriptada de datos previene las escuchas electr\u00f3nicas.<\/dd>\n<dt><\/dt>\n<dd>Aqu\u00ed los archivos adjuntos y dem\u00e1s documentaci\u00f3n<\/dd>\n<\/dl>\n","protected":false},"excerpt":{"rendered":"<p>5025232470822 \u00b7 El cuerpo resistente al agua te permite instalar la camara en el exterior. \u00b7 Las luces LED incorporadas se encienden autom\u00a0ticamente gracias al sensor de detecci\u00f3n. \u00b7 Fuente de alimentaci\u00f3n v\u00eda cable LAN (propietario PoE)Las im\u00a0genes MPEG-4 y JPEG pueden enviarse simult\u00a0neamente. \u00b7 La transmisi\u00f3n encriptada de datos previene las escuchas electr\u00f3nicas. Aqu\u00ed &hellip;<\/p>\n<p class=\"read-more\"> <a class=\"\" href=\"https:\/\/www.juma.es\/tienda\/producto\/camara-ip-panasonic-bl-c160ce\"> <span class=\"screen-reader-text\">Camara IP Panasonic BL-C160CE<\/span> Leer m\u00e1s &raquo;<\/a><\/p>\n","protected":false},"featured_media":1043,"comment_status":"open","ping_status":"closed","template":"","meta":{"site-sidebar-layout":"default","site-content-layout":"default","ast-global-header-display":"","ast-main-header-display":"","ast-hfb-above-header-display":"","ast-hfb-below-header-display":"","ast-hfb-mobile-header-display":"","site-post-title":"","ast-breadcrumbs-content":"","ast-featured-img":"","footer-sml-layout":"","theme-transparent-header-meta":"default","adv-header-id-meta":"","stick-header-meta":"","header-above-stick-meta":"","header-main-stick-meta":"","header-below-stick-meta":""},"product_cat":[18],"product_tag":[],"yoast_head":"<!-- This site is optimized with the Yoast SEO plugin v20.2.1 - https:\/\/yoast.com\/wordpress\/plugins\/seo\/ -->\n<title>Camara IP Panasonic BL-C160CE - Tienda Juma<\/title>\n<meta name=\"robots\" content=\"index, follow, max-snippet:-1, max-image-preview:large, max-video-preview:-1\" \/>\n<link rel=\"canonical\" href=\"https:\/\/www.juma.es\/tienda\/producto\/camara-ip-panasonic-bl-c160ce\" \/>\n<meta property=\"og:locale\" content=\"es_ES\" \/>\n<meta property=\"og:type\" content=\"article\" \/>\n<meta property=\"og:title\" content=\"Camara IP Panasonic BL-C160CE - Tienda Juma\" \/>\n<meta property=\"og:description\" content=\"5025232470822 \u00b7 El cuerpo resistente al agua te permite instalar la camara en el exterior. \u00b7 Las luces LED incorporadas se encienden autom\u00a0ticamente gracias al sensor de detecci\u00f3n. \u00b7 Fuente de alimentaci\u00f3n v\u00eda cable LAN (propietario PoE)Las im\u00a0genes MPEG-4 y JPEG pueden enviarse simult\u00a0neamente. \u00b7 La transmisi\u00f3n encriptada de datos previene las escuchas electr\u00f3nicas. Aqu\u00ed &hellip; Camara IP Panasonic BL-C160CE Leer m\u00e1s &raquo;\" \/>\n<meta property=\"og:url\" content=\"https:\/\/www.juma.es\/tienda\/producto\/camara-ip-panasonic-bl-c160ce\" \/>\n<meta property=\"og:site_name\" content=\"Tienda Juma\" \/>\n<meta property=\"article:modified_time\" content=\"2024-05-24T07:23:39+00:00\" \/>\n<meta property=\"og:image\" content=\"https:\/\/www.juma.es\/tienda\/wp-content\/uploads\/2019\/06\/517-Camara-IP-Panasonic-BL-C160CE.jpg\" \/>\n\t<meta property=\"og:image:width\" content=\"640\" \/>\n\t<meta property=\"og:image:height\" content=\"886\" \/>\n\t<meta property=\"og:image:type\" content=\"image\/jpeg\" \/>\n<meta name=\"twitter:card\" content=\"summary_large_image\" \/>\n<meta name=\"twitter:label1\" content=\"Tiempo de lectura\" \/>\n\t<meta name=\"twitter:data1\" content=\"1 minuto\" \/>\n<script type=\"application\/ld+json\" class=\"yoast-schema-graph\">{\"@context\":\"https:\/\/schema.org\",\"@graph\":[{\"@type\":\"WebPage\",\"@id\":\"https:\/\/www.juma.es\/tienda\/producto\/camara-ip-panasonic-bl-c160ce\",\"url\":\"https:\/\/www.juma.es\/tienda\/producto\/camara-ip-panasonic-bl-c160ce\",\"name\":\"Camara IP Panasonic BL-C160CE - Tienda Juma\",\"isPartOf\":{\"@id\":\"https:\/\/www.juma.es\/tienda\/#website\"},\"datePublished\":\"2019-06-11T19:41:59+00:00\",\"dateModified\":\"2024-05-24T07:23:39+00:00\",\"breadcrumb\":{\"@id\":\"https:\/\/www.juma.es\/tienda\/producto\/camara-ip-panasonic-bl-c160ce#breadcrumb\"},\"inLanguage\":\"es\",\"potentialAction\":[{\"@type\":\"ReadAction\",\"target\":[\"https:\/\/www.juma.es\/tienda\/producto\/camara-ip-panasonic-bl-c160ce\"]}]},{\"@type\":\"BreadcrumbList\",\"@id\":\"https:\/\/www.juma.es\/tienda\/producto\/camara-ip-panasonic-bl-c160ce#breadcrumb\",\"itemListElement\":[{\"@type\":\"ListItem\",\"position\":1,\"name\":\"Portada\",\"item\":\"https:\/\/www.juma.es\/tienda\/\"},{\"@type\":\"ListItem\",\"position\":2,\"name\":\"Tienda\",\"item\":\"https:\/\/www.juma.es\/tienda\/tienda\"},{\"@type\":\"ListItem\",\"position\":3,\"name\":\"Camara IP Panasonic BL-C160CE\"}]},{\"@type\":\"WebSite\",\"@id\":\"https:\/\/www.juma.es\/tienda\/#website\",\"url\":\"https:\/\/www.juma.es\/tienda\/\",\"name\":\"Tienda Juma\",\"description\":\"Tienda de seguridad y emergencia\",\"publisher\":{\"@id\":\"https:\/\/www.juma.es\/tienda\/#organization\"},\"potentialAction\":[{\"@type\":\"SearchAction\",\"target\":{\"@type\":\"EntryPoint\",\"urlTemplate\":\"https:\/\/www.juma.es\/tienda\/?s={search_term_string}\"},\"query-input\":\"required name=search_term_string\"}],\"inLanguage\":\"es\"},{\"@type\":\"Organization\",\"@id\":\"https:\/\/www.juma.es\/tienda\/#organization\",\"name\":\"Tienda Juma\",\"url\":\"https:\/\/www.juma.es\/tienda\/\",\"logo\":{\"@type\":\"ImageObject\",\"inLanguage\":\"es\",\"@id\":\"https:\/\/www.juma.es\/tienda\/#\/schema\/logo\/image\/\",\"url\":\"https:\/\/www.juma.es\/tienda\/wp-content\/uploads\/2023\/03\/cropped-Logo-JUMA-2019.png\",\"contentUrl\":\"https:\/\/www.juma.es\/tienda\/wp-content\/uploads\/2023\/03\/cropped-Logo-JUMA-2019.png\",\"width\":653,\"height\":197,\"caption\":\"Tienda Juma\"},\"image\":{\"@id\":\"https:\/\/www.juma.es\/tienda\/#\/schema\/logo\/image\/\"}}]}<\/script>\n<!-- \/ Yoast SEO plugin. -->","yoast_head_json":{"title":"Camara IP Panasonic BL-C160CE - Tienda Juma","robots":{"index":"index","follow":"follow","max-snippet":"max-snippet:-1","max-image-preview":"max-image-preview:large","max-video-preview":"max-video-preview:-1"},"canonical":"https:\/\/www.juma.es\/tienda\/producto\/camara-ip-panasonic-bl-c160ce","og_locale":"es_ES","og_type":"article","og_title":"Camara IP Panasonic BL-C160CE - Tienda Juma","og_description":"5025232470822 \u00b7 El cuerpo resistente al agua te permite instalar la camara en el exterior. \u00b7 Las luces LED incorporadas se encienden autom\u00a0ticamente gracias al sensor de detecci\u00f3n. \u00b7 Fuente de alimentaci\u00f3n v\u00eda cable LAN (propietario PoE)Las im\u00a0genes MPEG-4 y JPEG pueden enviarse simult\u00a0neamente. \u00b7 La transmisi\u00f3n encriptada de datos previene las escuchas electr\u00f3nicas. Aqu\u00ed &hellip; Camara IP Panasonic BL-C160CE Leer m\u00e1s &raquo;","og_url":"https:\/\/www.juma.es\/tienda\/producto\/camara-ip-panasonic-bl-c160ce","og_site_name":"Tienda Juma","article_modified_time":"2024-05-24T07:23:39+00:00","og_image":[{"width":640,"height":886,"url":"https:\/\/www.juma.es\/tienda\/wp-content\/uploads\/2019\/06\/517-Camara-IP-Panasonic-BL-C160CE.jpg","type":"image\/jpeg"}],"twitter_card":"summary_large_image","twitter_misc":{"Tiempo de lectura":"1 minuto"},"schema":{"@context":"https:\/\/schema.org","@graph":[{"@type":"WebPage","@id":"https:\/\/www.juma.es\/tienda\/producto\/camara-ip-panasonic-bl-c160ce","url":"https:\/\/www.juma.es\/tienda\/producto\/camara-ip-panasonic-bl-c160ce","name":"Camara IP Panasonic BL-C160CE - Tienda Juma","isPartOf":{"@id":"https:\/\/www.juma.es\/tienda\/#website"},"datePublished":"2019-06-11T19:41:59+00:00","dateModified":"2024-05-24T07:23:39+00:00","breadcrumb":{"@id":"https:\/\/www.juma.es\/tienda\/producto\/camara-ip-panasonic-bl-c160ce#breadcrumb"},"inLanguage":"es","potentialAction":[{"@type":"ReadAction","target":["https:\/\/www.juma.es\/tienda\/producto\/camara-ip-panasonic-bl-c160ce"]}]},{"@type":"BreadcrumbList","@id":"https:\/\/www.juma.es\/tienda\/producto\/camara-ip-panasonic-bl-c160ce#breadcrumb","itemListElement":[{"@type":"ListItem","position":1,"name":"Portada","item":"https:\/\/www.juma.es\/tienda\/"},{"@type":"ListItem","position":2,"name":"Tienda","item":"https:\/\/www.juma.es\/tienda\/tienda"},{"@type":"ListItem","position":3,"name":"Camara IP Panasonic BL-C160CE"}]},{"@type":"WebSite","@id":"https:\/\/www.juma.es\/tienda\/#website","url":"https:\/\/www.juma.es\/tienda\/","name":"Tienda Juma","description":"Tienda de seguridad y emergencia","publisher":{"@id":"https:\/\/www.juma.es\/tienda\/#organization"},"potentialAction":[{"@type":"SearchAction","target":{"@type":"EntryPoint","urlTemplate":"https:\/\/www.juma.es\/tienda\/?s={search_term_string}"},"query-input":"required name=search_term_string"}],"inLanguage":"es"},{"@type":"Organization","@id":"https:\/\/www.juma.es\/tienda\/#organization","name":"Tienda Juma","url":"https:\/\/www.juma.es\/tienda\/","logo":{"@type":"ImageObject","inLanguage":"es","@id":"https:\/\/www.juma.es\/tienda\/#\/schema\/logo\/image\/","url":"https:\/\/www.juma.es\/tienda\/wp-content\/uploads\/2023\/03\/cropped-Logo-JUMA-2019.png","contentUrl":"https:\/\/www.juma.es\/tienda\/wp-content\/uploads\/2023\/03\/cropped-Logo-JUMA-2019.png","width":653,"height":197,"caption":"Tienda Juma"},"image":{"@id":"https:\/\/www.juma.es\/tienda\/#\/schema\/logo\/image\/"}}]}},"_links":{"self":[{"href":"https:\/\/www.juma.es\/tienda\/wp-json\/wp\/v2\/product\/1044"}],"collection":[{"href":"https:\/\/www.juma.es\/tienda\/wp-json\/wp\/v2\/product"}],"about":[{"href":"https:\/\/www.juma.es\/tienda\/wp-json\/wp\/v2\/types\/product"}],"replies":[{"embeddable":true,"href":"https:\/\/www.juma.es\/tienda\/wp-json\/wp\/v2\/comments?post=1044"}],"version-history":[{"count":1,"href":"https:\/\/www.juma.es\/tienda\/wp-json\/wp\/v2\/product\/1044\/revisions"}],"predecessor-version":[{"id":2384,"href":"https:\/\/www.juma.es\/tienda\/wp-json\/wp\/v2\/product\/1044\/revisions\/2384"}],"wp:featuredmedia":[{"embeddable":true,"href":"https:\/\/www.juma.es\/tienda\/wp-json\/wp\/v2\/media\/1043"}],"wp:attachment":[{"href":"https:\/\/www.juma.es\/tienda\/wp-json\/wp\/v2\/media?parent=1044"}],"wp:term":[{"taxonomy":"product_cat","embeddable":true,"href":"https:\/\/www.juma.es\/tienda\/wp-json\/wp\/v2\/product_cat?post=1044"},{"taxonomy":"product_tag","embeddable":true,"href":"https:\/\/www.juma.es\/tienda\/wp-json\/wp\/v2\/product_tag?post=1044"}],"curies":[{"name":"wp","href":"https:\/\/api.w.org\/{rel}","templated":true}]}}